{"id":2177,"date":"2025-05-30T10:27:27","date_gmt":"2025-05-30T10:27:27","guid":{"rendered":"https:\/\/innolabix.com\/products\/sistemi-automatizuar-i-kultures-se-gjakut-tdr\/"},"modified":"2025-05-30T10:27:27","modified_gmt":"2025-05-30T10:27:27","slug":"sistemi-automatizuar-i-kultures-se-gjakut-tdr","status":"publish","type":"product","link":"https:\/\/innolabix.com\/sq\/produkte\/sistemi-automatizuar-i-kultures-se-gjakut-tdr\/","title":{"rendered":"Sistemi Automatizuar i Kultur\u00ebs s\u00eb Gjakut TDR"},"content":{"rendered":"<p>Sistemi Automatizuar i Kultur\u00ebs s\u00eb Gjakut TDR mund t\u00eb arrij\u00eb detektimin e shpejt\u00eb dhe automatizuar t\u00eb rritjes s\u00eb baktereve n\u00eb l\u00ebngje trupore sterile, me teknologjin\u00eb e avancuar t\u00eb kolorimetris\u00eb t\u00eb pandryshueshme, i projektuar p\u00ebr t\u00eb gjitha laborator\u00ebt me nj\u00eb rrjedh\u00eb pune t\u00eb thjesht\u00eb p\u00ebr t&#8217;u p\u00ebrdorur.<\/p>\n","protected":false},"excerpt":{"rendered":"<p>Sistemi Automatizuar i Kultur\u00ebs s\u00eb Gjakut TDR mund t\u00eb arrij\u00eb detektimin e shpejt\u00eb dhe automatizuar t\u00eb rritjes s\u00eb baktereve n\u00eb l\u00ebngje trupore sterile, me teknologjin\u00eb e avancuar t\u00eb kolorimetris\u00eb t\u00eb pandryshueshme, i projektuar p\u00ebr t\u00eb gjitha laborator\u00ebt me nj\u00eb rrjedh\u00eb pune t\u00eb thjesht\u00eb p\u00ebr t&#8217;u p\u00ebrdorur.<\/p>\n","protected":false},"featured_media":1840,"template":"","product_category":[70],"product_tag":[],"class_list":["post-2177","product","type-product","status-publish","has-post-thumbnail","hentry","product_category-mikrobiologjia"],"acf":[],"yoast_head":"<!-- This site is optimized with the Yoast SEO plugin v25.3 - https:\/\/yoast.com\/wordpress\/plugins\/seo\/ -->\n<title>Sistemi Automatizuar i Kultur\u00ebs s\u00eb Gjakut TDR - Innolabix<\/title>\n<meta name=\"robots\" content=\"index, follow, max-snippet:-1, max-image-preview:large, max-video-preview:-1\" \/>\n<link rel=\"canonical\" href=\"https:\/\/innolabix.com\/sq\/produkte\/sistemi-automatizuar-i-kultures-se-gjakut-tdr\/\" \/>\n<meta property=\"og:locale\" content=\"sq_AL\" \/>\n<meta property=\"og:type\" content=\"article\" \/>\n<meta property=\"og:title\" content=\"Sistemi Automatizuar i Kultur\u00ebs s\u00eb Gjakut TDR - Innolabix\" \/>\n<meta property=\"og:description\" content=\"Sistemi Automatizuar i Kultur\u00ebs s\u00eb Gjakut TDR mund t\u00eb arrij\u00eb detektimin e shpejt\u00eb dhe automatizuar t\u00eb rritjes s\u00eb baktereve n\u00eb l\u00ebngje trupore sterile, me teknologjin\u00eb e avancuar t\u00eb kolorimetris\u00eb t\u00eb pandryshueshme, i projektuar p\u00ebr t\u00eb gjitha laborator\u00ebt me nj\u00eb rrjedh\u00eb pune t\u00eb thjesht\u00eb p\u00ebr t&#8217;u p\u00ebrdorur.\" \/>\n<meta property=\"og:url\" content=\"https:\/\/innolabix.com\/sq\/produkte\/sistemi-automatizuar-i-kultures-se-gjakut-tdr\/\" \/>\n<meta property=\"og:site_name\" content=\"Innolabix\" \/>\n<meta name=\"twitter:card\" content=\"summary_large_image\" \/>\n<script type=\"application\/ld+json\" class=\"yoast-schema-graph\">{\"@context\":\"https:\/\/schema.org\",\"@graph\":[{\"@type\":\"WebPage\",\"@id\":\"https:\/\/innolabix.com\/sq\/produkte\/sistemi-automatizuar-i-kultures-se-gjakut-tdr\/\",\"url\":\"https:\/\/innolabix.com\/sq\/produkte\/sistemi-automatizuar-i-kultures-se-gjakut-tdr\/\",\"name\":\"Sistemi Automatizuar i Kultur\u00ebs s\u00eb Gjakut TDR - Innolabix\",\"isPartOf\":{\"@id\":\"https:\/\/innolabix.com\/sq\/#website\"},\"primaryImageOfPage\":{\"@id\":\"https:\/\/innolabix.com\/sq\/produkte\/sistemi-automatizuar-i-kultures-se-gjakut-tdr\/#primaryimage\"},\"image\":{\"@id\":\"https:\/\/innolabix.com\/sq\/produkte\/sistemi-automatizuar-i-kultures-se-gjakut-tdr\/#primaryimage\"},\"thumbnailUrl\":\"https:\/\/innolabix.com\/wp-content\/uploads\/2025\/05\/TDR-Automated-Blood-Culture-System.jpg\",\"datePublished\":\"2025-05-30T10:27:27+00:00\",\"breadcrumb\":{\"@id\":\"https:\/\/innolabix.com\/sq\/produkte\/sistemi-automatizuar-i-kultures-se-gjakut-tdr\/#breadcrumb\"},\"inLanguage\":\"sq-AL\",\"potentialAction\":[{\"@type\":\"ReadAction\",\"target\":[\"https:\/\/innolabix.com\/sq\/produkte\/sistemi-automatizuar-i-kultures-se-gjakut-tdr\/\"]}]},{\"@type\":\"ImageObject\",\"inLanguage\":\"sq-AL\",\"@id\":\"https:\/\/innolabix.com\/sq\/produkte\/sistemi-automatizuar-i-kultures-se-gjakut-tdr\/#primaryimage\",\"url\":\"https:\/\/innolabix.com\/wp-content\/uploads\/2025\/05\/TDR-Automated-Blood-Culture-System.jpg\",\"contentUrl\":\"https:\/\/innolabix.com\/wp-content\/uploads\/2025\/05\/TDR-Automated-Blood-Culture-System.jpg\",\"width\":875,\"height\":872},{\"@type\":\"BreadcrumbList\",\"@id\":\"https:\/\/innolabix.com\/sq\/produkte\/sistemi-automatizuar-i-kultures-se-gjakut-tdr\/#breadcrumb\",\"itemListElement\":[{\"@type\":\"ListItem\",\"position\":1,\"name\":\"Home\",\"item\":\"https:\/\/innolabix.com\/sq\/\"},{\"@type\":\"ListItem\",\"position\":2,\"name\":\"Products\",\"item\":\"https:\/\/innolabix.com\/sq\/produkte\/\"},{\"@type\":\"ListItem\",\"position\":3,\"name\":\"Sistemi Automatizuar i Kultur\u00ebs s\u00eb Gjakut TDR\"}]},{\"@type\":\"WebSite\",\"@id\":\"https:\/\/innolabix.com\/sq\/#website\",\"url\":\"https:\/\/innolabix.com\/sq\/\",\"name\":\"Innolabix\",\"description\":\"\",\"potentialAction\":[{\"@type\":\"SearchAction\",\"target\":{\"@type\":\"EntryPoint\",\"urlTemplate\":\"https:\/\/innolabix.com\/sq\/?s={search_term_string}\"},\"query-input\":{\"@type\":\"PropertyValueSpecification\",\"valueRequired\":true,\"valueName\":\"search_term_string\"}}],\"inLanguage\":\"sq-AL\"}]}<\/script>\n<!-- \/ Yoast SEO plugin. -->","yoast_head_json":{"title":"Sistemi Automatizuar i Kultur\u00ebs s\u00eb Gjakut TDR - Innolabix","robots":{"index":"index","follow":"follow","max-snippet":"max-snippet:-1","max-image-preview":"max-image-preview:large","max-video-preview":"max-video-preview:-1"},"canonical":"https:\/\/innolabix.com\/sq\/produkte\/sistemi-automatizuar-i-kultures-se-gjakut-tdr\/","og_locale":"sq_AL","og_type":"article","og_title":"Sistemi Automatizuar i Kultur\u00ebs s\u00eb Gjakut TDR - Innolabix","og_description":"Sistemi Automatizuar i Kultur\u00ebs s\u00eb Gjakut TDR mund t\u00eb arrij\u00eb detektimin e shpejt\u00eb dhe automatizuar t\u00eb rritjes s\u00eb baktereve n\u00eb l\u00ebngje trupore sterile, me teknologjin\u00eb e avancuar t\u00eb kolorimetris\u00eb t\u00eb pandryshueshme, i projektuar p\u00ebr t\u00eb gjitha laborator\u00ebt me nj\u00eb rrjedh\u00eb pune t\u00eb thjesht\u00eb p\u00ebr t&#8217;u p\u00ebrdorur.","og_url":"https:\/\/innolabix.com\/sq\/produkte\/sistemi-automatizuar-i-kultures-se-gjakut-tdr\/","og_site_name":"Innolabix","twitter_card":"summary_large_image","schema":{"@context":"https:\/\/schema.org","@graph":[{"@type":"WebPage","@id":"https:\/\/innolabix.com\/sq\/produkte\/sistemi-automatizuar-i-kultures-se-gjakut-tdr\/","url":"https:\/\/innolabix.com\/sq\/produkte\/sistemi-automatizuar-i-kultures-se-gjakut-tdr\/","name":"Sistemi Automatizuar i Kultur\u00ebs s\u00eb Gjakut TDR - Innolabix","isPartOf":{"@id":"https:\/\/innolabix.com\/sq\/#website"},"primaryImageOfPage":{"@id":"https:\/\/innolabix.com\/sq\/produkte\/sistemi-automatizuar-i-kultures-se-gjakut-tdr\/#primaryimage"},"image":{"@id":"https:\/\/innolabix.com\/sq\/produkte\/sistemi-automatizuar-i-kultures-se-gjakut-tdr\/#primaryimage"},"thumbnailUrl":"https:\/\/innolabix.com\/wp-content\/uploads\/2025\/05\/TDR-Automated-Blood-Culture-System.jpg","datePublished":"2025-05-30T10:27:27+00:00","breadcrumb":{"@id":"https:\/\/innolabix.com\/sq\/produkte\/sistemi-automatizuar-i-kultures-se-gjakut-tdr\/#breadcrumb"},"inLanguage":"sq-AL","potentialAction":[{"@type":"ReadAction","target":["https:\/\/innolabix.com\/sq\/produkte\/sistemi-automatizuar-i-kultures-se-gjakut-tdr\/"]}]},{"@type":"ImageObject","inLanguage":"sq-AL","@id":"https:\/\/innolabix.com\/sq\/produkte\/sistemi-automatizuar-i-kultures-se-gjakut-tdr\/#primaryimage","url":"https:\/\/innolabix.com\/wp-content\/uploads\/2025\/05\/TDR-Automated-Blood-Culture-System.jpg","contentUrl":"https:\/\/innolabix.com\/wp-content\/uploads\/2025\/05\/TDR-Automated-Blood-Culture-System.jpg","width":875,"height":872},{"@type":"BreadcrumbList","@id":"https:\/\/innolabix.com\/sq\/produkte\/sistemi-automatizuar-i-kultures-se-gjakut-tdr\/#breadcrumb","itemListElement":[{"@type":"ListItem","position":1,"name":"Home","item":"https:\/\/innolabix.com\/sq\/"},{"@type":"ListItem","position":2,"name":"Products","item":"https:\/\/innolabix.com\/sq\/produkte\/"},{"@type":"ListItem","position":3,"name":"Sistemi Automatizuar i Kultur\u00ebs s\u00eb Gjakut TDR"}]},{"@type":"WebSite","@id":"https:\/\/innolabix.com\/sq\/#website","url":"https:\/\/innolabix.com\/sq\/","name":"Innolabix","description":"","potentialAction":[{"@type":"SearchAction","target":{"@type":"EntryPoint","urlTemplate":"https:\/\/innolabix.com\/sq\/?s={search_term_string}"},"query-input":{"@type":"PropertyValueSpecification","valueRequired":true,"valueName":"search_term_string"}}],"inLanguage":"sq-AL"}]}},"_links":{"self":[{"href":"https:\/\/innolabix.com\/sq\/wp-json\/wp\/v2\/product\/2177","targetHints":{"allow":["GET"]}}],"collection":[{"href":"https:\/\/innolabix.com\/sq\/wp-json\/wp\/v2\/product"}],"about":[{"href":"https:\/\/innolabix.com\/sq\/wp-json\/wp\/v2\/types\/product"}],"wp:featuredmedia":[{"embeddable":true,"href":"https:\/\/innolabix.com\/sq\/wp-json\/wp\/v2\/media\/1840"}],"wp:attachment":[{"href":"https:\/\/innolabix.com\/sq\/wp-json\/wp\/v2\/media?parent=2177"}],"wp:term":[{"taxonomy":"product_category","embeddable":true,"href":"https:\/\/innolabix.com\/sq\/wp-json\/wp\/v2\/product_category?post=2177"},{"taxonomy":"product_tag","embeddable":true,"href":"https:\/\/innolabix.com\/sq\/wp-json\/wp\/v2\/product_tag?post=2177"}],"curies":[{"name":"wp","href":"https:\/\/api.w.org\/{rel}","templated":true}]}}