{"id":2171,"date":"2025-05-30T09:13:50","date_gmt":"2025-05-30T09:13:50","guid":{"rendered":"https:\/\/innolabix.com\/products\/bricyte-e6\/"},"modified":"2025-05-30T09:13:50","modified_gmt":"2025-05-30T09:13:50","slug":"bricyte-e6","status":"publish","type":"product","link":"https:\/\/innolabix.com\/sq\/produkte\/bricyte-e6\/","title":{"rendered":"BriCyte E6"},"content":{"rendered":"","protected":false},"excerpt":{"rendered":"<p>BriCyte E6 mund t\u00eb kompensoj\u00eb automatikisht grumbujt e qelizave me nj\u00eb klik t\u00eb thjesht\u00eb t\u00eb shabllonit inteligjent t\u00eb integruar.<\/p>\n","protected":false},"featured_media":1806,"template":"","product_category":[65],"product_tag":[],"class_list":["post-2171","product","type-product","status-publish","has-post-thumbnail","hentry","product_category-citometri-me-fluks"],"acf":[],"yoast_head":"<!-- This site is optimized with the Yoast SEO plugin v25.3 - https:\/\/yoast.com\/wordpress\/plugins\/seo\/ -->\n<title>BriCyte E6 - Innolabix<\/title>\n<meta name=\"robots\" content=\"index, follow, max-snippet:-1, max-image-preview:large, max-video-preview:-1\" \/>\n<link rel=\"canonical\" href=\"https:\/\/innolabix.com\/sq\/produkte\/bricyte-e6\/\" \/>\n<meta property=\"og:locale\" content=\"sq_AL\" \/>\n<meta property=\"og:type\" content=\"article\" \/>\n<meta property=\"og:title\" content=\"BriCyte E6 - Innolabix\" \/>\n<meta property=\"og:description\" content=\"BriCyte E6 mund t\u00eb kompensoj\u00eb automatikisht grumbujt e qelizave me nj\u00eb klik t\u00eb thjesht\u00eb t\u00eb shabllonit inteligjent t\u00eb integruar.\" \/>\n<meta property=\"og:url\" content=\"https:\/\/innolabix.com\/sq\/produkte\/bricyte-e6\/\" \/>\n<meta property=\"og:site_name\" content=\"Innolabix\" \/>\n<meta name=\"twitter:card\" content=\"summary_large_image\" \/>\n<script type=\"application\/ld+json\" class=\"yoast-schema-graph\">{\"@context\":\"https:\/\/schema.org\",\"@graph\":[{\"@type\":\"WebPage\",\"@id\":\"https:\/\/innolabix.com\/sq\/produkte\/bricyte-e6\/\",\"url\":\"https:\/\/innolabix.com\/sq\/produkte\/bricyte-e6\/\",\"name\":\"BriCyte E6 - Innolabix\",\"isPartOf\":{\"@id\":\"https:\/\/innolabix.com\/sq\/#website\"},\"primaryImageOfPage\":{\"@id\":\"https:\/\/innolabix.com\/sq\/produkte\/bricyte-e6\/#primaryimage\"},\"image\":{\"@id\":\"https:\/\/innolabix.com\/sq\/produkte\/bricyte-e6\/#primaryimage\"},\"thumbnailUrl\":\"https:\/\/innolabix.com\/wp-content\/uploads\/2025\/05\/BriCyte-E6.jpg\",\"datePublished\":\"2025-05-30T09:13:50+00:00\",\"breadcrumb\":{\"@id\":\"https:\/\/innolabix.com\/sq\/produkte\/bricyte-e6\/#breadcrumb\"},\"inLanguage\":\"sq-AL\",\"potentialAction\":[{\"@type\":\"ReadAction\",\"target\":[\"https:\/\/innolabix.com\/sq\/produkte\/bricyte-e6\/\"]}]},{\"@type\":\"ImageObject\",\"inLanguage\":\"sq-AL\",\"@id\":\"https:\/\/innolabix.com\/sq\/produkte\/bricyte-e6\/#primaryimage\",\"url\":\"https:\/\/innolabix.com\/wp-content\/uploads\/2025\/05\/BriCyte-E6.jpg\",\"contentUrl\":\"https:\/\/innolabix.com\/wp-content\/uploads\/2025\/05\/BriCyte-E6.jpg\",\"width\":875,\"height\":872},{\"@type\":\"BreadcrumbList\",\"@id\":\"https:\/\/innolabix.com\/sq\/produkte\/bricyte-e6\/#breadcrumb\",\"itemListElement\":[{\"@type\":\"ListItem\",\"position\":1,\"name\":\"Home\",\"item\":\"https:\/\/innolabix.com\/sq\/\"},{\"@type\":\"ListItem\",\"position\":2,\"name\":\"Products\",\"item\":\"https:\/\/innolabix.com\/sq\/produkte\/\"},{\"@type\":\"ListItem\",\"position\":3,\"name\":\"BriCyte E6\"}]},{\"@type\":\"WebSite\",\"@id\":\"https:\/\/innolabix.com\/sq\/#website\",\"url\":\"https:\/\/innolabix.com\/sq\/\",\"name\":\"Innolabix\",\"description\":\"\",\"potentialAction\":[{\"@type\":\"SearchAction\",\"target\":{\"@type\":\"EntryPoint\",\"urlTemplate\":\"https:\/\/innolabix.com\/sq\/?s={search_term_string}\"},\"query-input\":{\"@type\":\"PropertyValueSpecification\",\"valueRequired\":true,\"valueName\":\"search_term_string\"}}],\"inLanguage\":\"sq-AL\"}]}<\/script>\n<!-- \/ Yoast SEO plugin. -->","yoast_head_json":{"title":"BriCyte E6 - Innolabix","robots":{"index":"index","follow":"follow","max-snippet":"max-snippet:-1","max-image-preview":"max-image-preview:large","max-video-preview":"max-video-preview:-1"},"canonical":"https:\/\/innolabix.com\/sq\/produkte\/bricyte-e6\/","og_locale":"sq_AL","og_type":"article","og_title":"BriCyte E6 - Innolabix","og_description":"BriCyte E6 mund t\u00eb kompensoj\u00eb automatikisht grumbujt e qelizave me nj\u00eb klik t\u00eb thjesht\u00eb t\u00eb shabllonit inteligjent t\u00eb integruar.","og_url":"https:\/\/innolabix.com\/sq\/produkte\/bricyte-e6\/","og_site_name":"Innolabix","twitter_card":"summary_large_image","schema":{"@context":"https:\/\/schema.org","@graph":[{"@type":"WebPage","@id":"https:\/\/innolabix.com\/sq\/produkte\/bricyte-e6\/","url":"https:\/\/innolabix.com\/sq\/produkte\/bricyte-e6\/","name":"BriCyte E6 - Innolabix","isPartOf":{"@id":"https:\/\/innolabix.com\/sq\/#website"},"primaryImageOfPage":{"@id":"https:\/\/innolabix.com\/sq\/produkte\/bricyte-e6\/#primaryimage"},"image":{"@id":"https:\/\/innolabix.com\/sq\/produkte\/bricyte-e6\/#primaryimage"},"thumbnailUrl":"https:\/\/innolabix.com\/wp-content\/uploads\/2025\/05\/BriCyte-E6.jpg","datePublished":"2025-05-30T09:13:50+00:00","breadcrumb":{"@id":"https:\/\/innolabix.com\/sq\/produkte\/bricyte-e6\/#breadcrumb"},"inLanguage":"sq-AL","potentialAction":[{"@type":"ReadAction","target":["https:\/\/innolabix.com\/sq\/produkte\/bricyte-e6\/"]}]},{"@type":"ImageObject","inLanguage":"sq-AL","@id":"https:\/\/innolabix.com\/sq\/produkte\/bricyte-e6\/#primaryimage","url":"https:\/\/innolabix.com\/wp-content\/uploads\/2025\/05\/BriCyte-E6.jpg","contentUrl":"https:\/\/innolabix.com\/wp-content\/uploads\/2025\/05\/BriCyte-E6.jpg","width":875,"height":872},{"@type":"BreadcrumbList","@id":"https:\/\/innolabix.com\/sq\/produkte\/bricyte-e6\/#breadcrumb","itemListElement":[{"@type":"ListItem","position":1,"name":"Home","item":"https:\/\/innolabix.com\/sq\/"},{"@type":"ListItem","position":2,"name":"Products","item":"https:\/\/innolabix.com\/sq\/produkte\/"},{"@type":"ListItem","position":3,"name":"BriCyte E6"}]},{"@type":"WebSite","@id":"https:\/\/innolabix.com\/sq\/#website","url":"https:\/\/innolabix.com\/sq\/","name":"Innolabix","description":"","potentialAction":[{"@type":"SearchAction","target":{"@type":"EntryPoint","urlTemplate":"https:\/\/innolabix.com\/sq\/?s={search_term_string}"},"query-input":{"@type":"PropertyValueSpecification","valueRequired":true,"valueName":"search_term_string"}}],"inLanguage":"sq-AL"}]}},"_links":{"self":[{"href":"https:\/\/innolabix.com\/sq\/wp-json\/wp\/v2\/product\/2171","targetHints":{"allow":["GET"]}}],"collection":[{"href":"https:\/\/innolabix.com\/sq\/wp-json\/wp\/v2\/product"}],"about":[{"href":"https:\/\/innolabix.com\/sq\/wp-json\/wp\/v2\/types\/product"}],"wp:featuredmedia":[{"embeddable":true,"href":"https:\/\/innolabix.com\/sq\/wp-json\/wp\/v2\/media\/1806"}],"wp:attachment":[{"href":"https:\/\/innolabix.com\/sq\/wp-json\/wp\/v2\/media?parent=2171"}],"wp:term":[{"taxonomy":"product_category","embeddable":true,"href":"https:\/\/innolabix.com\/sq\/wp-json\/wp\/v2\/product_category?post=2171"},{"taxonomy":"product_tag","embeddable":true,"href":"https:\/\/innolabix.com\/sq\/wp-json\/wp\/v2\/product_tag?post=2171"}],"curies":[{"name":"wp","href":"https:\/\/api.w.org\/{rel}","templated":true}]}}