{"id":2170,"date":"2025-05-30T08:56:57","date_gmt":"2025-05-30T08:56:57","guid":{"rendered":"https:\/\/innolabix.com\/products\/h50p\/"},"modified":"2025-05-30T08:56:57","modified_gmt":"2025-05-30T08:56:57","slug":"h50p","status":"publish","type":"product","link":"https:\/\/innolabix.com\/sq\/produkte\/h50p\/","title":{"rendered":"H50P"},"content":{"rendered":"<p>H50P, q\u00eb ofron metod\u00ebn standard t\u00eb art\u00eb t\u00eb Kromatografis\u00eb s\u00eb L\u00ebng\u00ebt me Performanc\u00eb t\u00eb Lart\u00eb (HPLC) dhe nj\u00eb kapacitet t\u00eb lart\u00eb testimi prej 50 mostrash n\u00eb or\u00eb, shk\u00eblqen n\u00eb zbulimin e hemoglobin\u00ebs s\u00eb glikosiluara me sakt\u00ebsi superiore.<\/p>\n","protected":false},"excerpt":{"rendered":"<p>H50P, q\u00eb ofron metod\u00ebn standard t\u00eb art\u00eb t\u00eb Kromatografis\u00eb s\u00eb L\u00ebng\u00ebt me Performanc\u00eb t\u00eb Lart\u00eb (HPLC) dhe nj\u00eb kapacitet t\u00eb lart\u00eb testimi prej 50 mostrash n\u00eb or\u00eb, shk\u00eblqen n\u00eb zbulimin e hemoglobin\u00ebs s\u00eb glikosiluara me sakt\u00ebsi superiore.<\/p>\n","protected":false},"featured_media":1803,"template":"","product_category":[64],"product_tag":[],"class_list":["post-2170","product","type-product","status-publish","has-post-thumbnail","hentry","product_category-hba1c-sq"],"acf":[],"yoast_head":"<!-- This site is optimized with the Yoast SEO plugin v25.3 - https:\/\/yoast.com\/wordpress\/plugins\/seo\/ -->\n<title>H50P - Innolabix<\/title>\n<meta name=\"robots\" content=\"index, follow, max-snippet:-1, max-image-preview:large, max-video-preview:-1\" \/>\n<link rel=\"canonical\" href=\"https:\/\/innolabix.com\/sq\/produkte\/h50p\/\" \/>\n<meta property=\"og:locale\" content=\"sq_AL\" \/>\n<meta property=\"og:type\" content=\"article\" \/>\n<meta property=\"og:title\" content=\"H50P - Innolabix\" \/>\n<meta property=\"og:description\" content=\"H50P, q\u00eb ofron metod\u00ebn standard t\u00eb art\u00eb t\u00eb Kromatografis\u00eb s\u00eb L\u00ebng\u00ebt me Performanc\u00eb t\u00eb Lart\u00eb (HPLC) dhe nj\u00eb kapacitet t\u00eb lart\u00eb testimi prej 50 mostrash n\u00eb or\u00eb, shk\u00eblqen n\u00eb zbulimin e hemoglobin\u00ebs s\u00eb glikosiluara me sakt\u00ebsi superiore.\" \/>\n<meta property=\"og:url\" content=\"https:\/\/innolabix.com\/sq\/produkte\/h50p\/\" \/>\n<meta property=\"og:site_name\" content=\"Innolabix\" \/>\n<meta name=\"twitter:card\" content=\"summary_large_image\" \/>\n<script type=\"application\/ld+json\" class=\"yoast-schema-graph\">{\"@context\":\"https:\/\/schema.org\",\"@graph\":[{\"@type\":\"WebPage\",\"@id\":\"https:\/\/innolabix.com\/sq\/produkte\/h50p\/\",\"url\":\"https:\/\/innolabix.com\/sq\/produkte\/h50p\/\",\"name\":\"H50P - Innolabix\",\"isPartOf\":{\"@id\":\"https:\/\/innolabix.com\/sq\/#website\"},\"primaryImageOfPage\":{\"@id\":\"https:\/\/innolabix.com\/sq\/produkte\/h50p\/#primaryimage\"},\"image\":{\"@id\":\"https:\/\/innolabix.com\/sq\/produkte\/h50p\/#primaryimage\"},\"thumbnailUrl\":\"https:\/\/innolabix.com\/wp-content\/uploads\/2025\/05\/H50P.jpg\",\"datePublished\":\"2025-05-30T08:56:57+00:00\",\"breadcrumb\":{\"@id\":\"https:\/\/innolabix.com\/sq\/produkte\/h50p\/#breadcrumb\"},\"inLanguage\":\"sq-AL\",\"potentialAction\":[{\"@type\":\"ReadAction\",\"target\":[\"https:\/\/innolabix.com\/sq\/produkte\/h50p\/\"]}]},{\"@type\":\"ImageObject\",\"inLanguage\":\"sq-AL\",\"@id\":\"https:\/\/innolabix.com\/sq\/produkte\/h50p\/#primaryimage\",\"url\":\"https:\/\/innolabix.com\/wp-content\/uploads\/2025\/05\/H50P.jpg\",\"contentUrl\":\"https:\/\/innolabix.com\/wp-content\/uploads\/2025\/05\/H50P.jpg\",\"width\":875,\"height\":872},{\"@type\":\"BreadcrumbList\",\"@id\":\"https:\/\/innolabix.com\/sq\/produkte\/h50p\/#breadcrumb\",\"itemListElement\":[{\"@type\":\"ListItem\",\"position\":1,\"name\":\"Home\",\"item\":\"https:\/\/innolabix.com\/sq\/\"},{\"@type\":\"ListItem\",\"position\":2,\"name\":\"Products\",\"item\":\"https:\/\/innolabix.com\/sq\/produkte\/\"},{\"@type\":\"ListItem\",\"position\":3,\"name\":\"H50P\"}]},{\"@type\":\"WebSite\",\"@id\":\"https:\/\/innolabix.com\/sq\/#website\",\"url\":\"https:\/\/innolabix.com\/sq\/\",\"name\":\"Innolabix\",\"description\":\"\",\"potentialAction\":[{\"@type\":\"SearchAction\",\"target\":{\"@type\":\"EntryPoint\",\"urlTemplate\":\"https:\/\/innolabix.com\/sq\/?s={search_term_string}\"},\"query-input\":{\"@type\":\"PropertyValueSpecification\",\"valueRequired\":true,\"valueName\":\"search_term_string\"}}],\"inLanguage\":\"sq-AL\"}]}<\/script>\n<!-- \/ Yoast SEO plugin. -->","yoast_head_json":{"title":"H50P - Innolabix","robots":{"index":"index","follow":"follow","max-snippet":"max-snippet:-1","max-image-preview":"max-image-preview:large","max-video-preview":"max-video-preview:-1"},"canonical":"https:\/\/innolabix.com\/sq\/produkte\/h50p\/","og_locale":"sq_AL","og_type":"article","og_title":"H50P - Innolabix","og_description":"H50P, q\u00eb ofron metod\u00ebn standard t\u00eb art\u00eb t\u00eb Kromatografis\u00eb s\u00eb L\u00ebng\u00ebt me Performanc\u00eb t\u00eb Lart\u00eb (HPLC) dhe nj\u00eb kapacitet t\u00eb lart\u00eb testimi prej 50 mostrash n\u00eb or\u00eb, shk\u00eblqen n\u00eb zbulimin e hemoglobin\u00ebs s\u00eb glikosiluara me sakt\u00ebsi superiore.","og_url":"https:\/\/innolabix.com\/sq\/produkte\/h50p\/","og_site_name":"Innolabix","twitter_card":"summary_large_image","schema":{"@context":"https:\/\/schema.org","@graph":[{"@type":"WebPage","@id":"https:\/\/innolabix.com\/sq\/produkte\/h50p\/","url":"https:\/\/innolabix.com\/sq\/produkte\/h50p\/","name":"H50P - Innolabix","isPartOf":{"@id":"https:\/\/innolabix.com\/sq\/#website"},"primaryImageOfPage":{"@id":"https:\/\/innolabix.com\/sq\/produkte\/h50p\/#primaryimage"},"image":{"@id":"https:\/\/innolabix.com\/sq\/produkte\/h50p\/#primaryimage"},"thumbnailUrl":"https:\/\/innolabix.com\/wp-content\/uploads\/2025\/05\/H50P.jpg","datePublished":"2025-05-30T08:56:57+00:00","breadcrumb":{"@id":"https:\/\/innolabix.com\/sq\/produkte\/h50p\/#breadcrumb"},"inLanguage":"sq-AL","potentialAction":[{"@type":"ReadAction","target":["https:\/\/innolabix.com\/sq\/produkte\/h50p\/"]}]},{"@type":"ImageObject","inLanguage":"sq-AL","@id":"https:\/\/innolabix.com\/sq\/produkte\/h50p\/#primaryimage","url":"https:\/\/innolabix.com\/wp-content\/uploads\/2025\/05\/H50P.jpg","contentUrl":"https:\/\/innolabix.com\/wp-content\/uploads\/2025\/05\/H50P.jpg","width":875,"height":872},{"@type":"BreadcrumbList","@id":"https:\/\/innolabix.com\/sq\/produkte\/h50p\/#breadcrumb","itemListElement":[{"@type":"ListItem","position":1,"name":"Home","item":"https:\/\/innolabix.com\/sq\/"},{"@type":"ListItem","position":2,"name":"Products","item":"https:\/\/innolabix.com\/sq\/produkte\/"},{"@type":"ListItem","position":3,"name":"H50P"}]},{"@type":"WebSite","@id":"https:\/\/innolabix.com\/sq\/#website","url":"https:\/\/innolabix.com\/sq\/","name":"Innolabix","description":"","potentialAction":[{"@type":"SearchAction","target":{"@type":"EntryPoint","urlTemplate":"https:\/\/innolabix.com\/sq\/?s={search_term_string}"},"query-input":{"@type":"PropertyValueSpecification","valueRequired":true,"valueName":"search_term_string"}}],"inLanguage":"sq-AL"}]}},"_links":{"self":[{"href":"https:\/\/innolabix.com\/sq\/wp-json\/wp\/v2\/product\/2170","targetHints":{"allow":["GET"]}}],"collection":[{"href":"https:\/\/innolabix.com\/sq\/wp-json\/wp\/v2\/product"}],"about":[{"href":"https:\/\/innolabix.com\/sq\/wp-json\/wp\/v2\/types\/product"}],"wp:featuredmedia":[{"embeddable":true,"href":"https:\/\/innolabix.com\/sq\/wp-json\/wp\/v2\/media\/1803"}],"wp:attachment":[{"href":"https:\/\/innolabix.com\/sq\/wp-json\/wp\/v2\/media?parent=2170"}],"wp:term":[{"taxonomy":"product_category","embeddable":true,"href":"https:\/\/innolabix.com\/sq\/wp-json\/wp\/v2\/product_category?post=2170"},{"taxonomy":"product_tag","embeddable":true,"href":"https:\/\/innolabix.com\/sq\/wp-json\/wp\/v2\/product_tag?post=2170"}],"curies":[{"name":"wp","href":"https:\/\/api.w.org\/{rel}","templated":true}]}}