{"id":2169,"date":"2025-05-30T08:53:56","date_gmt":"2025-05-30T08:53:56","guid":{"rendered":"https:\/\/innolabix.com\/products\/h50\/"},"modified":"2025-05-30T08:53:56","modified_gmt":"2025-05-30T08:53:56","slug":"h50","status":"publish","type":"product","link":"https:\/\/innolabix.com\/sq\/produkte\/h50\/","title":{"rendered":"H50"},"content":{"rendered":"<p>Analizatori i par\u00eb HPLC i Mindray, H50, p\u00ebrdor teknik\u00ebn analitike t\u00eb kromatografis\u00eb s\u00eb l\u00ebng\u00ebt me performanc\u00eb t\u00eb lart\u00eb (HPLC), nj\u00eb standard t\u00eb art\u00eb q\u00eb ndihmon n\u00eb zbulimin e hemoglobin\u00ebs s\u00eb glikosiluara (HbA1c) me sakt\u00ebsi t\u00eb lart\u00eb. Aft\u00ebsia e tij p\u00ebr t\u00eb matur drejtp\u00ebrdrejt HbA1c stabile, HbF dhe fraksione t\u00eb tjera t\u00eb hemoglobin\u00ebs ndihmon mjek\u00ebt t\u00eb marrin vendime t\u00eb shpejta dhe t\u00eb besueshme terapeutike, duke p\u00ebrmir\u00ebsuar k\u00ebshtu kujdesin p\u00ebr pacient\u00ebt.<\/p>\n<p>H50 \u00ebsht\u00eb pozicionuar si nj\u00eb produkt HPLC i nivelit t\u00eb mes\u00ebm n\u00eb tregun global t\u00eb HbA1c. P\u00ebrfituesit e synuar t\u00eb H50 p\u00ebrfshijn\u00eb spitale t\u00eb mesme t\u00eb p\u00ebrgjithshme, laboratore publike ose private, dhe qendra ose institucione p\u00ebr diabetin, etj&#8230;<\/p>\n","protected":false},"excerpt":{"rendered":"<p>Analizatori i par\u00eb HPLC i Mindray, H50, p\u00ebrdor teknik\u00ebn analitike t\u00eb kromatografis\u00eb s\u00eb l\u00ebng\u00ebt me performanc\u00eb t\u00eb lart\u00eb (HPLC), nj\u00eb standard t\u00eb art\u00eb q\u00eb ndihmon n\u00eb zbulimin e hemoglobin\u00ebs s\u00eb glikosiluara (HbA1c) me sakt\u00ebsi t\u00eb lart\u00eb. Aft\u00ebsia e tij p\u00ebr t\u00eb matur drejtp\u00ebrdrejt HbA1c stabile, HbF dhe fraksione t\u00eb tjera t\u00eb hemoglobin\u00ebs ndihmon mjek\u00ebt t\u00eb [&hellip;]<\/p>\n","protected":false},"featured_media":1801,"template":"","product_category":[64],"product_tag":[],"class_list":["post-2169","product","type-product","status-publish","has-post-thumbnail","hentry","product_category-hba1c-sq"],"acf":[],"yoast_head":"<!-- This site is optimized with the Yoast SEO plugin v25.3 - https:\/\/yoast.com\/wordpress\/plugins\/seo\/ -->\n<title>H50 - Innolabix<\/title>\n<meta name=\"robots\" content=\"index, follow, max-snippet:-1, max-image-preview:large, max-video-preview:-1\" \/>\n<link rel=\"canonical\" href=\"https:\/\/innolabix.com\/sq\/produkte\/h50\/\" \/>\n<meta property=\"og:locale\" content=\"sq_AL\" \/>\n<meta property=\"og:type\" content=\"article\" \/>\n<meta property=\"og:title\" content=\"H50 - Innolabix\" \/>\n<meta property=\"og:description\" content=\"Analizatori i par\u00eb HPLC i Mindray, H50, p\u00ebrdor teknik\u00ebn analitike t\u00eb kromatografis\u00eb s\u00eb l\u00ebng\u00ebt me performanc\u00eb t\u00eb lart\u00eb (HPLC), nj\u00eb standard t\u00eb art\u00eb q\u00eb ndihmon n\u00eb zbulimin e hemoglobin\u00ebs s\u00eb glikosiluara (HbA1c) me sakt\u00ebsi t\u00eb lart\u00eb. Aft\u00ebsia e tij p\u00ebr t\u00eb matur drejtp\u00ebrdrejt HbA1c stabile, HbF dhe fraksione t\u00eb tjera t\u00eb hemoglobin\u00ebs ndihmon mjek\u00ebt t\u00eb [&hellip;]\" \/>\n<meta property=\"og:url\" content=\"https:\/\/innolabix.com\/sq\/produkte\/h50\/\" \/>\n<meta property=\"og:site_name\" content=\"Innolabix\" \/>\n<meta name=\"twitter:card\" content=\"summary_large_image\" \/>\n<meta name=\"twitter:label1\" content=\"Est. reading time\" \/>\n\t<meta name=\"twitter:data1\" content=\"1 minute\" \/>\n<script type=\"application\/ld+json\" class=\"yoast-schema-graph\">{\"@context\":\"https:\/\/schema.org\",\"@graph\":[{\"@type\":\"WebPage\",\"@id\":\"https:\/\/innolabix.com\/sq\/produkte\/h50\/\",\"url\":\"https:\/\/innolabix.com\/sq\/produkte\/h50\/\",\"name\":\"H50 - Innolabix\",\"isPartOf\":{\"@id\":\"https:\/\/innolabix.com\/sq\/#website\"},\"primaryImageOfPage\":{\"@id\":\"https:\/\/innolabix.com\/sq\/produkte\/h50\/#primaryimage\"},\"image\":{\"@id\":\"https:\/\/innolabix.com\/sq\/produkte\/h50\/#primaryimage\"},\"thumbnailUrl\":\"https:\/\/innolabix.com\/wp-content\/uploads\/2025\/05\/H50.jpg\",\"datePublished\":\"2025-05-30T08:53:56+00:00\",\"breadcrumb\":{\"@id\":\"https:\/\/innolabix.com\/sq\/produkte\/h50\/#breadcrumb\"},\"inLanguage\":\"sq-AL\",\"potentialAction\":[{\"@type\":\"ReadAction\",\"target\":[\"https:\/\/innolabix.com\/sq\/produkte\/h50\/\"]}]},{\"@type\":\"ImageObject\",\"inLanguage\":\"sq-AL\",\"@id\":\"https:\/\/innolabix.com\/sq\/produkte\/h50\/#primaryimage\",\"url\":\"https:\/\/innolabix.com\/wp-content\/uploads\/2025\/05\/H50.jpg\",\"contentUrl\":\"https:\/\/innolabix.com\/wp-content\/uploads\/2025\/05\/H50.jpg\",\"width\":875,\"height\":872},{\"@type\":\"BreadcrumbList\",\"@id\":\"https:\/\/innolabix.com\/sq\/produkte\/h50\/#breadcrumb\",\"itemListElement\":[{\"@type\":\"ListItem\",\"position\":1,\"name\":\"Home\",\"item\":\"https:\/\/innolabix.com\/sq\/\"},{\"@type\":\"ListItem\",\"position\":2,\"name\":\"Products\",\"item\":\"https:\/\/innolabix.com\/sq\/produkte\/\"},{\"@type\":\"ListItem\",\"position\":3,\"name\":\"H50\"}]},{\"@type\":\"WebSite\",\"@id\":\"https:\/\/innolabix.com\/sq\/#website\",\"url\":\"https:\/\/innolabix.com\/sq\/\",\"name\":\"Innolabix\",\"description\":\"\",\"potentialAction\":[{\"@type\":\"SearchAction\",\"target\":{\"@type\":\"EntryPoint\",\"urlTemplate\":\"https:\/\/innolabix.com\/sq\/?s={search_term_string}\"},\"query-input\":{\"@type\":\"PropertyValueSpecification\",\"valueRequired\":true,\"valueName\":\"search_term_string\"}}],\"inLanguage\":\"sq-AL\"}]}<\/script>\n<!-- \/ Yoast SEO plugin. -->","yoast_head_json":{"title":"H50 - Innolabix","robots":{"index":"index","follow":"follow","max-snippet":"max-snippet:-1","max-image-preview":"max-image-preview:large","max-video-preview":"max-video-preview:-1"},"canonical":"https:\/\/innolabix.com\/sq\/produkte\/h50\/","og_locale":"sq_AL","og_type":"article","og_title":"H50 - Innolabix","og_description":"Analizatori i par\u00eb HPLC i Mindray, H50, p\u00ebrdor teknik\u00ebn analitike t\u00eb kromatografis\u00eb s\u00eb l\u00ebng\u00ebt me performanc\u00eb t\u00eb lart\u00eb (HPLC), nj\u00eb standard t\u00eb art\u00eb q\u00eb ndihmon n\u00eb zbulimin e hemoglobin\u00ebs s\u00eb glikosiluara (HbA1c) me sakt\u00ebsi t\u00eb lart\u00eb. Aft\u00ebsia e tij p\u00ebr t\u00eb matur drejtp\u00ebrdrejt HbA1c stabile, HbF dhe fraksione t\u00eb tjera t\u00eb hemoglobin\u00ebs ndihmon mjek\u00ebt t\u00eb [&hellip;]","og_url":"https:\/\/innolabix.com\/sq\/produkte\/h50\/","og_site_name":"Innolabix","twitter_card":"summary_large_image","twitter_misc":{"Est. reading time":"1 minute"},"schema":{"@context":"https:\/\/schema.org","@graph":[{"@type":"WebPage","@id":"https:\/\/innolabix.com\/sq\/produkte\/h50\/","url":"https:\/\/innolabix.com\/sq\/produkte\/h50\/","name":"H50 - Innolabix","isPartOf":{"@id":"https:\/\/innolabix.com\/sq\/#website"},"primaryImageOfPage":{"@id":"https:\/\/innolabix.com\/sq\/produkte\/h50\/#primaryimage"},"image":{"@id":"https:\/\/innolabix.com\/sq\/produkte\/h50\/#primaryimage"},"thumbnailUrl":"https:\/\/innolabix.com\/wp-content\/uploads\/2025\/05\/H50.jpg","datePublished":"2025-05-30T08:53:56+00:00","breadcrumb":{"@id":"https:\/\/innolabix.com\/sq\/produkte\/h50\/#breadcrumb"},"inLanguage":"sq-AL","potentialAction":[{"@type":"ReadAction","target":["https:\/\/innolabix.com\/sq\/produkte\/h50\/"]}]},{"@type":"ImageObject","inLanguage":"sq-AL","@id":"https:\/\/innolabix.com\/sq\/produkte\/h50\/#primaryimage","url":"https:\/\/innolabix.com\/wp-content\/uploads\/2025\/05\/H50.jpg","contentUrl":"https:\/\/innolabix.com\/wp-content\/uploads\/2025\/05\/H50.jpg","width":875,"height":872},{"@type":"BreadcrumbList","@id":"https:\/\/innolabix.com\/sq\/produkte\/h50\/#breadcrumb","itemListElement":[{"@type":"ListItem","position":1,"name":"Home","item":"https:\/\/innolabix.com\/sq\/"},{"@type":"ListItem","position":2,"name":"Products","item":"https:\/\/innolabix.com\/sq\/produkte\/"},{"@type":"ListItem","position":3,"name":"H50"}]},{"@type":"WebSite","@id":"https:\/\/innolabix.com\/sq\/#website","url":"https:\/\/innolabix.com\/sq\/","name":"Innolabix","description":"","potentialAction":[{"@type":"SearchAction","target":{"@type":"EntryPoint","urlTemplate":"https:\/\/innolabix.com\/sq\/?s={search_term_string}"},"query-input":{"@type":"PropertyValueSpecification","valueRequired":true,"valueName":"search_term_string"}}],"inLanguage":"sq-AL"}]}},"_links":{"self":[{"href":"https:\/\/innolabix.com\/sq\/wp-json\/wp\/v2\/product\/2169","targetHints":{"allow":["GET"]}}],"collection":[{"href":"https:\/\/innolabix.com\/sq\/wp-json\/wp\/v2\/product"}],"about":[{"href":"https:\/\/innolabix.com\/sq\/wp-json\/wp\/v2\/types\/product"}],"wp:featuredmedia":[{"embeddable":true,"href":"https:\/\/innolabix.com\/sq\/wp-json\/wp\/v2\/media\/1801"}],"wp:attachment":[{"href":"https:\/\/innolabix.com\/sq\/wp-json\/wp\/v2\/media?parent=2169"}],"wp:term":[{"taxonomy":"product_category","embeddable":true,"href":"https:\/\/innolabix.com\/sq\/wp-json\/wp\/v2\/product_category?post=2169"},{"taxonomy":"product_tag","embeddable":true,"href":"https:\/\/innolabix.com\/sq\/wp-json\/wp\/v2\/product_tag?post=2169"}],"curies":[{"name":"wp","href":"https:\/\/api.w.org\/{rel}","templated":true}]}}