{"id":2168,"date":"2025-05-30T08:36:28","date_gmt":"2025-05-30T08:36:28","guid":{"rendered":"https:\/\/innolabix.com\/products\/c3510\/"},"modified":"2025-05-30T08:36:28","modified_gmt":"2025-05-30T08:36:28","slug":"c3510","status":"publish","type":"product","link":"https:\/\/innolabix.com\/sq\/produkte\/c3510\/","title":{"rendered":"C3510"},"content":{"rendered":"","protected":false},"excerpt":{"rendered":"<p>C3510 \u00ebsht\u00eb nj\u00eb analizator i plot\u00eb automatizuar, me performanc\u00eb t\u00eb lart\u00eb dhe kompakt, q\u00eb p\u00ebrpunon me efikasitet testet e koagulimit t\u00eb p\u00ebrditshme dhe ato speciale.<\/p>\n","protected":false},"featured_media":1793,"template":"","product_category":[63,61],"product_tag":[],"class_list":["post-2168","product","type-product","status-publish","has-post-thumbnail","hentry","product_category-analizator-i-plote-automatizuar-i-koagulimit","product_category-koagulimi"],"acf":[],"yoast_head":"<!-- This site is optimized with the Yoast SEO plugin v25.3 - https:\/\/yoast.com\/wordpress\/plugins\/seo\/ -->\n<title>C3510 - Innolabix<\/title>\n<meta name=\"robots\" content=\"index, follow, max-snippet:-1, max-image-preview:large, max-video-preview:-1\" \/>\n<link rel=\"canonical\" href=\"https:\/\/innolabix.com\/sq\/produkte\/c3510\/\" \/>\n<meta property=\"og:locale\" content=\"sq_AL\" \/>\n<meta property=\"og:type\" content=\"article\" \/>\n<meta property=\"og:title\" content=\"C3510 - Innolabix\" \/>\n<meta property=\"og:description\" content=\"C3510 \u00ebsht\u00eb nj\u00eb analizator i plot\u00eb automatizuar, me performanc\u00eb t\u00eb lart\u00eb dhe kompakt, q\u00eb p\u00ebrpunon me efikasitet testet e koagulimit t\u00eb p\u00ebrditshme dhe ato speciale.\" \/>\n<meta property=\"og:url\" content=\"https:\/\/innolabix.com\/sq\/produkte\/c3510\/\" \/>\n<meta property=\"og:site_name\" content=\"Innolabix\" \/>\n<meta name=\"twitter:card\" content=\"summary_large_image\" \/>\n<script type=\"application\/ld+json\" class=\"yoast-schema-graph\">{\"@context\":\"https:\/\/schema.org\",\"@graph\":[{\"@type\":\"WebPage\",\"@id\":\"https:\/\/innolabix.com\/sq\/produkte\/c3510\/\",\"url\":\"https:\/\/innolabix.com\/sq\/produkte\/c3510\/\",\"name\":\"C3510 - Innolabix\",\"isPartOf\":{\"@id\":\"https:\/\/innolabix.com\/sq\/#website\"},\"primaryImageOfPage\":{\"@id\":\"https:\/\/innolabix.com\/sq\/produkte\/c3510\/#primaryimage\"},\"image\":{\"@id\":\"https:\/\/innolabix.com\/sq\/produkte\/c3510\/#primaryimage\"},\"thumbnailUrl\":\"https:\/\/innolabix.com\/wp-content\/uploads\/2025\/05\/C3510.jpg\",\"datePublished\":\"2025-05-30T08:36:28+00:00\",\"breadcrumb\":{\"@id\":\"https:\/\/innolabix.com\/sq\/produkte\/c3510\/#breadcrumb\"},\"inLanguage\":\"sq-AL\",\"potentialAction\":[{\"@type\":\"ReadAction\",\"target\":[\"https:\/\/innolabix.com\/sq\/produkte\/c3510\/\"]}]},{\"@type\":\"ImageObject\",\"inLanguage\":\"sq-AL\",\"@id\":\"https:\/\/innolabix.com\/sq\/produkte\/c3510\/#primaryimage\",\"url\":\"https:\/\/innolabix.com\/wp-content\/uploads\/2025\/05\/C3510.jpg\",\"contentUrl\":\"https:\/\/innolabix.com\/wp-content\/uploads\/2025\/05\/C3510.jpg\",\"width\":875,\"height\":872},{\"@type\":\"BreadcrumbList\",\"@id\":\"https:\/\/innolabix.com\/sq\/produkte\/c3510\/#breadcrumb\",\"itemListElement\":[{\"@type\":\"ListItem\",\"position\":1,\"name\":\"Home\",\"item\":\"https:\/\/innolabix.com\/sq\/\"},{\"@type\":\"ListItem\",\"position\":2,\"name\":\"Products\",\"item\":\"https:\/\/innolabix.com\/sq\/produkte\/\"},{\"@type\":\"ListItem\",\"position\":3,\"name\":\"C3510\"}]},{\"@type\":\"WebSite\",\"@id\":\"https:\/\/innolabix.com\/sq\/#website\",\"url\":\"https:\/\/innolabix.com\/sq\/\",\"name\":\"Innolabix\",\"description\":\"\",\"potentialAction\":[{\"@type\":\"SearchAction\",\"target\":{\"@type\":\"EntryPoint\",\"urlTemplate\":\"https:\/\/innolabix.com\/sq\/?s={search_term_string}\"},\"query-input\":{\"@type\":\"PropertyValueSpecification\",\"valueRequired\":true,\"valueName\":\"search_term_string\"}}],\"inLanguage\":\"sq-AL\"}]}<\/script>\n<!-- \/ Yoast SEO plugin. -->","yoast_head_json":{"title":"C3510 - Innolabix","robots":{"index":"index","follow":"follow","max-snippet":"max-snippet:-1","max-image-preview":"max-image-preview:large","max-video-preview":"max-video-preview:-1"},"canonical":"https:\/\/innolabix.com\/sq\/produkte\/c3510\/","og_locale":"sq_AL","og_type":"article","og_title":"C3510 - Innolabix","og_description":"C3510 \u00ebsht\u00eb nj\u00eb analizator i plot\u00eb automatizuar, me performanc\u00eb t\u00eb lart\u00eb dhe kompakt, q\u00eb p\u00ebrpunon me efikasitet testet e koagulimit t\u00eb p\u00ebrditshme dhe ato speciale.","og_url":"https:\/\/innolabix.com\/sq\/produkte\/c3510\/","og_site_name":"Innolabix","twitter_card":"summary_large_image","schema":{"@context":"https:\/\/schema.org","@graph":[{"@type":"WebPage","@id":"https:\/\/innolabix.com\/sq\/produkte\/c3510\/","url":"https:\/\/innolabix.com\/sq\/produkte\/c3510\/","name":"C3510 - Innolabix","isPartOf":{"@id":"https:\/\/innolabix.com\/sq\/#website"},"primaryImageOfPage":{"@id":"https:\/\/innolabix.com\/sq\/produkte\/c3510\/#primaryimage"},"image":{"@id":"https:\/\/innolabix.com\/sq\/produkte\/c3510\/#primaryimage"},"thumbnailUrl":"https:\/\/innolabix.com\/wp-content\/uploads\/2025\/05\/C3510.jpg","datePublished":"2025-05-30T08:36:28+00:00","breadcrumb":{"@id":"https:\/\/innolabix.com\/sq\/produkte\/c3510\/#breadcrumb"},"inLanguage":"sq-AL","potentialAction":[{"@type":"ReadAction","target":["https:\/\/innolabix.com\/sq\/produkte\/c3510\/"]}]},{"@type":"ImageObject","inLanguage":"sq-AL","@id":"https:\/\/innolabix.com\/sq\/produkte\/c3510\/#primaryimage","url":"https:\/\/innolabix.com\/wp-content\/uploads\/2025\/05\/C3510.jpg","contentUrl":"https:\/\/innolabix.com\/wp-content\/uploads\/2025\/05\/C3510.jpg","width":875,"height":872},{"@type":"BreadcrumbList","@id":"https:\/\/innolabix.com\/sq\/produkte\/c3510\/#breadcrumb","itemListElement":[{"@type":"ListItem","position":1,"name":"Home","item":"https:\/\/innolabix.com\/sq\/"},{"@type":"ListItem","position":2,"name":"Products","item":"https:\/\/innolabix.com\/sq\/produkte\/"},{"@type":"ListItem","position":3,"name":"C3510"}]},{"@type":"WebSite","@id":"https:\/\/innolabix.com\/sq\/#website","url":"https:\/\/innolabix.com\/sq\/","name":"Innolabix","description":"","potentialAction":[{"@type":"SearchAction","target":{"@type":"EntryPoint","urlTemplate":"https:\/\/innolabix.com\/sq\/?s={search_term_string}"},"query-input":{"@type":"PropertyValueSpecification","valueRequired":true,"valueName":"search_term_string"}}],"inLanguage":"sq-AL"}]}},"_links":{"self":[{"href":"https:\/\/innolabix.com\/sq\/wp-json\/wp\/v2\/product\/2168","targetHints":{"allow":["GET"]}}],"collection":[{"href":"https:\/\/innolabix.com\/sq\/wp-json\/wp\/v2\/product"}],"about":[{"href":"https:\/\/innolabix.com\/sq\/wp-json\/wp\/v2\/types\/product"}],"wp:featuredmedia":[{"embeddable":true,"href":"https:\/\/innolabix.com\/sq\/wp-json\/wp\/v2\/media\/1793"}],"wp:attachment":[{"href":"https:\/\/innolabix.com\/sq\/wp-json\/wp\/v2\/media?parent=2168"}],"wp:term":[{"taxonomy":"product_category","embeddable":true,"href":"https:\/\/innolabix.com\/sq\/wp-json\/wp\/v2\/product_category?post=2168"},{"taxonomy":"product_tag","embeddable":true,"href":"https:\/\/innolabix.com\/sq\/wp-json\/wp\/v2\/product_tag?post=2168"}],"curies":[{"name":"wp","href":"https:\/\/api.w.org\/{rel}","templated":true}]}}