{"id":2162,"date":"2025-05-30T07:48:59","date_gmt":"2025-05-30T07:48:59","guid":{"rendered":"https:\/\/innolabix.com\/products\/cl-1200i\/"},"modified":"2025-05-30T07:48:59","modified_gmt":"2025-05-30T07:48:59","slug":"cl-1200i","status":"publish","type":"product","link":"https:\/\/innolabix.com\/sq\/produkte\/cl-1200i\/","title":{"rendered":"CL-1200i"},"content":{"rendered":"","protected":false},"excerpt":{"rendered":"<p>CL-1200i \u00ebsht\u00eb nj\u00eb analizator kimiluminescenc\u00eb i fuqish\u00ebm dhe i thjesht\u00eb p\u00ebr t&#8217;u p\u00ebrdorur, me nj\u00eb kapacitet testimi deri n\u00eb 180 teste n\u00eb or\u00eb.<\/p>\n","protected":false},"featured_media":1770,"template":"","product_category":[49,58],"product_tag":[],"class_list":["post-2162","product","type-product","status-publish","has-post-thumbnail","hentry","product_category-imunoanalize-me-kemilumineshence","product_category-volum-mesatar-testesh-sq"],"acf":[],"yoast_head":"<!-- This site is optimized with the Yoast SEO plugin v25.3 - https:\/\/yoast.com\/wordpress\/plugins\/seo\/ -->\n<title>CL-1200i - Innolabix<\/title>\n<meta name=\"robots\" content=\"index, follow, max-snippet:-1, max-image-preview:large, max-video-preview:-1\" \/>\n<link rel=\"canonical\" href=\"https:\/\/innolabix.com\/sq\/produkte\/cl-1200i\/\" \/>\n<meta property=\"og:locale\" content=\"sq_AL\" \/>\n<meta property=\"og:type\" content=\"article\" \/>\n<meta property=\"og:title\" content=\"CL-1200i - Innolabix\" \/>\n<meta property=\"og:description\" content=\"CL-1200i \u00ebsht\u00eb nj\u00eb analizator kimiluminescenc\u00eb i fuqish\u00ebm dhe i thjesht\u00eb p\u00ebr t&#039;u p\u00ebrdorur, me nj\u00eb kapacitet testimi deri n\u00eb 180 teste n\u00eb or\u00eb.\" \/>\n<meta property=\"og:url\" content=\"https:\/\/innolabix.com\/sq\/produkte\/cl-1200i\/\" \/>\n<meta property=\"og:site_name\" content=\"Innolabix\" \/>\n<meta name=\"twitter:card\" content=\"summary_large_image\" \/>\n<script type=\"application\/ld+json\" class=\"yoast-schema-graph\">{\"@context\":\"https:\/\/schema.org\",\"@graph\":[{\"@type\":\"WebPage\",\"@id\":\"https:\/\/innolabix.com\/sq\/produkte\/cl-1200i\/\",\"url\":\"https:\/\/innolabix.com\/sq\/produkte\/cl-1200i\/\",\"name\":\"CL-1200i - Innolabix\",\"isPartOf\":{\"@id\":\"https:\/\/innolabix.com\/sq\/#website\"},\"primaryImageOfPage\":{\"@id\":\"https:\/\/innolabix.com\/sq\/produkte\/cl-1200i\/#primaryimage\"},\"image\":{\"@id\":\"https:\/\/innolabix.com\/sq\/produkte\/cl-1200i\/#primaryimage\"},\"thumbnailUrl\":\"https:\/\/innolabix.com\/wp-content\/uploads\/2025\/05\/CL-1200i.jpg\",\"datePublished\":\"2025-05-30T07:48:59+00:00\",\"breadcrumb\":{\"@id\":\"https:\/\/innolabix.com\/sq\/produkte\/cl-1200i\/#breadcrumb\"},\"inLanguage\":\"sq-AL\",\"potentialAction\":[{\"@type\":\"ReadAction\",\"target\":[\"https:\/\/innolabix.com\/sq\/produkte\/cl-1200i\/\"]}]},{\"@type\":\"ImageObject\",\"inLanguage\":\"sq-AL\",\"@id\":\"https:\/\/innolabix.com\/sq\/produkte\/cl-1200i\/#primaryimage\",\"url\":\"https:\/\/innolabix.com\/wp-content\/uploads\/2025\/05\/CL-1200i.jpg\",\"contentUrl\":\"https:\/\/innolabix.com\/wp-content\/uploads\/2025\/05\/CL-1200i.jpg\",\"width\":875,\"height\":872},{\"@type\":\"BreadcrumbList\",\"@id\":\"https:\/\/innolabix.com\/sq\/produkte\/cl-1200i\/#breadcrumb\",\"itemListElement\":[{\"@type\":\"ListItem\",\"position\":1,\"name\":\"Home\",\"item\":\"https:\/\/innolabix.com\/sq\/\"},{\"@type\":\"ListItem\",\"position\":2,\"name\":\"Products\",\"item\":\"https:\/\/innolabix.com\/sq\/produkte\/\"},{\"@type\":\"ListItem\",\"position\":3,\"name\":\"CL-1200i\"}]},{\"@type\":\"WebSite\",\"@id\":\"https:\/\/innolabix.com\/sq\/#website\",\"url\":\"https:\/\/innolabix.com\/sq\/\",\"name\":\"Innolabix\",\"description\":\"\",\"potentialAction\":[{\"@type\":\"SearchAction\",\"target\":{\"@type\":\"EntryPoint\",\"urlTemplate\":\"https:\/\/innolabix.com\/sq\/?s={search_term_string}\"},\"query-input\":{\"@type\":\"PropertyValueSpecification\",\"valueRequired\":true,\"valueName\":\"search_term_string\"}}],\"inLanguage\":\"sq-AL\"}]}<\/script>\n<!-- \/ Yoast SEO plugin. -->","yoast_head_json":{"title":"CL-1200i - Innolabix","robots":{"index":"index","follow":"follow","max-snippet":"max-snippet:-1","max-image-preview":"max-image-preview:large","max-video-preview":"max-video-preview:-1"},"canonical":"https:\/\/innolabix.com\/sq\/produkte\/cl-1200i\/","og_locale":"sq_AL","og_type":"article","og_title":"CL-1200i - Innolabix","og_description":"CL-1200i \u00ebsht\u00eb nj\u00eb analizator kimiluminescenc\u00eb i fuqish\u00ebm dhe i thjesht\u00eb p\u00ebr t'u p\u00ebrdorur, me nj\u00eb kapacitet testimi deri n\u00eb 180 teste n\u00eb or\u00eb.","og_url":"https:\/\/innolabix.com\/sq\/produkte\/cl-1200i\/","og_site_name":"Innolabix","twitter_card":"summary_large_image","schema":{"@context":"https:\/\/schema.org","@graph":[{"@type":"WebPage","@id":"https:\/\/innolabix.com\/sq\/produkte\/cl-1200i\/","url":"https:\/\/innolabix.com\/sq\/produkte\/cl-1200i\/","name":"CL-1200i - Innolabix","isPartOf":{"@id":"https:\/\/innolabix.com\/sq\/#website"},"primaryImageOfPage":{"@id":"https:\/\/innolabix.com\/sq\/produkte\/cl-1200i\/#primaryimage"},"image":{"@id":"https:\/\/innolabix.com\/sq\/produkte\/cl-1200i\/#primaryimage"},"thumbnailUrl":"https:\/\/innolabix.com\/wp-content\/uploads\/2025\/05\/CL-1200i.jpg","datePublished":"2025-05-30T07:48:59+00:00","breadcrumb":{"@id":"https:\/\/innolabix.com\/sq\/produkte\/cl-1200i\/#breadcrumb"},"inLanguage":"sq-AL","potentialAction":[{"@type":"ReadAction","target":["https:\/\/innolabix.com\/sq\/produkte\/cl-1200i\/"]}]},{"@type":"ImageObject","inLanguage":"sq-AL","@id":"https:\/\/innolabix.com\/sq\/produkte\/cl-1200i\/#primaryimage","url":"https:\/\/innolabix.com\/wp-content\/uploads\/2025\/05\/CL-1200i.jpg","contentUrl":"https:\/\/innolabix.com\/wp-content\/uploads\/2025\/05\/CL-1200i.jpg","width":875,"height":872},{"@type":"BreadcrumbList","@id":"https:\/\/innolabix.com\/sq\/produkte\/cl-1200i\/#breadcrumb","itemListElement":[{"@type":"ListItem","position":1,"name":"Home","item":"https:\/\/innolabix.com\/sq\/"},{"@type":"ListItem","position":2,"name":"Products","item":"https:\/\/innolabix.com\/sq\/produkte\/"},{"@type":"ListItem","position":3,"name":"CL-1200i"}]},{"@type":"WebSite","@id":"https:\/\/innolabix.com\/sq\/#website","url":"https:\/\/innolabix.com\/sq\/","name":"Innolabix","description":"","potentialAction":[{"@type":"SearchAction","target":{"@type":"EntryPoint","urlTemplate":"https:\/\/innolabix.com\/sq\/?s={search_term_string}"},"query-input":{"@type":"PropertyValueSpecification","valueRequired":true,"valueName":"search_term_string"}}],"inLanguage":"sq-AL"}]}},"_links":{"self":[{"href":"https:\/\/innolabix.com\/sq\/wp-json\/wp\/v2\/product\/2162","targetHints":{"allow":["GET"]}}],"collection":[{"href":"https:\/\/innolabix.com\/sq\/wp-json\/wp\/v2\/product"}],"about":[{"href":"https:\/\/innolabix.com\/sq\/wp-json\/wp\/v2\/types\/product"}],"wp:featuredmedia":[{"embeddable":true,"href":"https:\/\/innolabix.com\/sq\/wp-json\/wp\/v2\/media\/1770"}],"wp:attachment":[{"href":"https:\/\/innolabix.com\/sq\/wp-json\/wp\/v2\/media?parent=2162"}],"wp:term":[{"taxonomy":"product_category","embeddable":true,"href":"https:\/\/innolabix.com\/sq\/wp-json\/wp\/v2\/product_category?post=2162"},{"taxonomy":"product_tag","embeddable":true,"href":"https:\/\/innolabix.com\/sq\/wp-json\/wp\/v2\/product_tag?post=2162"}],"curies":[{"name":"wp","href":"https:\/\/api.w.org\/{rel}","templated":true}]}}