{"id":2161,"date":"2025-05-30T07:54:58","date_gmt":"2025-05-30T07:54:58","guid":{"rendered":"https:\/\/innolabix.com\/products\/cl-1000i\/"},"modified":"2025-05-30T07:54:58","modified_gmt":"2025-05-30T07:54:58","slug":"cl-1000i","status":"publish","type":"product","link":"https:\/\/innolabix.com\/sq\/produkte\/cl-1000i\/","title":{"rendered":"CL-1000i"},"content":{"rendered":"","protected":false},"excerpt":{"rendered":"<p>Nj\u00eb analizator imunosp\u00ebrbajt\u00ebs plot\u00ebsisht i aft\u00eb dhe i fuqish\u00ebm me performanc\u00eb t\u00eb q\u00ebndrueshme t\u00eb ngjashme me at\u00eb t\u00eb CL-2000i, n\u00eb nj\u00eb paket\u00eb m\u00eb t\u00eb vog\u00ebl p\u00ebr vendosje n\u00eb tavolin\u00eb, m\u00eb t\u00eb p\u00ebrshtatshme p\u00ebr laborator\u00ebt me madh\u00ebsi t\u00eb mesme dhe t\u00eb vogla. Me nj\u00eb kapacitet testimi prej 120 testeve n\u00eb or\u00eb, ky sistem ofron nj\u00eb kapacitet t\u00eb madh reagentesh dhe mostrash, performanc\u00eb t\u00eb besueshme dhe nj\u00eb nd\u00ebrfaqe operimi miq\u00ebsore p\u00ebr p\u00ebrdoruesin.<\/p>\n","protected":false},"featured_media":1778,"template":"","product_category":[49,58],"product_tag":[],"class_list":["post-2161","product","type-product","status-publish","has-post-thumbnail","hentry","product_category-imunoanalize-me-kemilumineshence","product_category-volum-mesatar-testesh-sq"],"acf":[],"yoast_head":"<!-- This site is optimized with the Yoast SEO plugin v25.3 - https:\/\/yoast.com\/wordpress\/plugins\/seo\/ -->\n<title>CL-1000i - Innolabix<\/title>\n<meta name=\"robots\" content=\"index, follow, max-snippet:-1, max-image-preview:large, max-video-preview:-1\" \/>\n<link rel=\"canonical\" href=\"https:\/\/innolabix.com\/sq\/produkte\/cl-1000i\/\" \/>\n<meta property=\"og:locale\" content=\"sq_AL\" \/>\n<meta property=\"og:type\" content=\"article\" \/>\n<meta property=\"og:title\" content=\"CL-1000i - Innolabix\" \/>\n<meta property=\"og:description\" content=\"Nj\u00eb analizator imunosp\u00ebrbajt\u00ebs plot\u00ebsisht i aft\u00eb dhe i fuqish\u00ebm me performanc\u00eb t\u00eb q\u00ebndrueshme t\u00eb ngjashme me at\u00eb t\u00eb CL-2000i, n\u00eb nj\u00eb paket\u00eb m\u00eb t\u00eb vog\u00ebl p\u00ebr vendosje n\u00eb tavolin\u00eb, m\u00eb t\u00eb p\u00ebrshtatshme p\u00ebr laborator\u00ebt me madh\u00ebsi t\u00eb mesme dhe t\u00eb vogla. Me nj\u00eb kapacitet testimi prej 120 testeve n\u00eb or\u00eb, ky sistem ofron nj\u00eb kapacitet t\u00eb madh reagentesh dhe mostrash, performanc\u00eb t\u00eb besueshme dhe nj\u00eb nd\u00ebrfaqe operimi miq\u00ebsore p\u00ebr p\u00ebrdoruesin.\" \/>\n<meta property=\"og:url\" content=\"https:\/\/innolabix.com\/sq\/produkte\/cl-1000i\/\" \/>\n<meta property=\"og:site_name\" content=\"Innolabix\" \/>\n<meta name=\"twitter:card\" content=\"summary_large_image\" \/>\n<script type=\"application\/ld+json\" class=\"yoast-schema-graph\">{\"@context\":\"https:\/\/schema.org\",\"@graph\":[{\"@type\":\"WebPage\",\"@id\":\"https:\/\/innolabix.com\/sq\/produkte\/cl-1000i\/\",\"url\":\"https:\/\/innolabix.com\/sq\/produkte\/cl-1000i\/\",\"name\":\"CL-1000i - Innolabix\",\"isPartOf\":{\"@id\":\"https:\/\/innolabix.com\/sq\/#website\"},\"primaryImageOfPage\":{\"@id\":\"https:\/\/innolabix.com\/sq\/produkte\/cl-1000i\/#primaryimage\"},\"image\":{\"@id\":\"https:\/\/innolabix.com\/sq\/produkte\/cl-1000i\/#primaryimage\"},\"thumbnailUrl\":\"https:\/\/innolabix.com\/wp-content\/uploads\/2025\/05\/C1000.jpg\",\"datePublished\":\"2025-05-30T07:54:58+00:00\",\"breadcrumb\":{\"@id\":\"https:\/\/innolabix.com\/sq\/produkte\/cl-1000i\/#breadcrumb\"},\"inLanguage\":\"sq-AL\",\"potentialAction\":[{\"@type\":\"ReadAction\",\"target\":[\"https:\/\/innolabix.com\/sq\/produkte\/cl-1000i\/\"]}]},{\"@type\":\"ImageObject\",\"inLanguage\":\"sq-AL\",\"@id\":\"https:\/\/innolabix.com\/sq\/produkte\/cl-1000i\/#primaryimage\",\"url\":\"https:\/\/innolabix.com\/wp-content\/uploads\/2025\/05\/C1000.jpg\",\"contentUrl\":\"https:\/\/innolabix.com\/wp-content\/uploads\/2025\/05\/C1000.jpg\",\"width\":875,\"height\":872},{\"@type\":\"BreadcrumbList\",\"@id\":\"https:\/\/innolabix.com\/sq\/produkte\/cl-1000i\/#breadcrumb\",\"itemListElement\":[{\"@type\":\"ListItem\",\"position\":1,\"name\":\"Home\",\"item\":\"https:\/\/innolabix.com\/sq\/\"},{\"@type\":\"ListItem\",\"position\":2,\"name\":\"Products\",\"item\":\"https:\/\/innolabix.com\/sq\/produkte\/\"},{\"@type\":\"ListItem\",\"position\":3,\"name\":\"CL-1000i\"}]},{\"@type\":\"WebSite\",\"@id\":\"https:\/\/innolabix.com\/sq\/#website\",\"url\":\"https:\/\/innolabix.com\/sq\/\",\"name\":\"Innolabix\",\"description\":\"\",\"potentialAction\":[{\"@type\":\"SearchAction\",\"target\":{\"@type\":\"EntryPoint\",\"urlTemplate\":\"https:\/\/innolabix.com\/sq\/?s={search_term_string}\"},\"query-input\":{\"@type\":\"PropertyValueSpecification\",\"valueRequired\":true,\"valueName\":\"search_term_string\"}}],\"inLanguage\":\"sq-AL\"}]}<\/script>\n<!-- \/ Yoast SEO plugin. -->","yoast_head_json":{"title":"CL-1000i - Innolabix","robots":{"index":"index","follow":"follow","max-snippet":"max-snippet:-1","max-image-preview":"max-image-preview:large","max-video-preview":"max-video-preview:-1"},"canonical":"https:\/\/innolabix.com\/sq\/produkte\/cl-1000i\/","og_locale":"sq_AL","og_type":"article","og_title":"CL-1000i - Innolabix","og_description":"Nj\u00eb analizator imunosp\u00ebrbajt\u00ebs plot\u00ebsisht i aft\u00eb dhe i fuqish\u00ebm me performanc\u00eb t\u00eb q\u00ebndrueshme t\u00eb ngjashme me at\u00eb t\u00eb CL-2000i, n\u00eb nj\u00eb paket\u00eb m\u00eb t\u00eb vog\u00ebl p\u00ebr vendosje n\u00eb tavolin\u00eb, m\u00eb t\u00eb p\u00ebrshtatshme p\u00ebr laborator\u00ebt me madh\u00ebsi t\u00eb mesme dhe t\u00eb vogla. Me nj\u00eb kapacitet testimi prej 120 testeve n\u00eb or\u00eb, ky sistem ofron nj\u00eb kapacitet t\u00eb madh reagentesh dhe mostrash, performanc\u00eb t\u00eb besueshme dhe nj\u00eb nd\u00ebrfaqe operimi miq\u00ebsore p\u00ebr p\u00ebrdoruesin.","og_url":"https:\/\/innolabix.com\/sq\/produkte\/cl-1000i\/","og_site_name":"Innolabix","twitter_card":"summary_large_image","schema":{"@context":"https:\/\/schema.org","@graph":[{"@type":"WebPage","@id":"https:\/\/innolabix.com\/sq\/produkte\/cl-1000i\/","url":"https:\/\/innolabix.com\/sq\/produkte\/cl-1000i\/","name":"CL-1000i - Innolabix","isPartOf":{"@id":"https:\/\/innolabix.com\/sq\/#website"},"primaryImageOfPage":{"@id":"https:\/\/innolabix.com\/sq\/produkte\/cl-1000i\/#primaryimage"},"image":{"@id":"https:\/\/innolabix.com\/sq\/produkte\/cl-1000i\/#primaryimage"},"thumbnailUrl":"https:\/\/innolabix.com\/wp-content\/uploads\/2025\/05\/C1000.jpg","datePublished":"2025-05-30T07:54:58+00:00","breadcrumb":{"@id":"https:\/\/innolabix.com\/sq\/produkte\/cl-1000i\/#breadcrumb"},"inLanguage":"sq-AL","potentialAction":[{"@type":"ReadAction","target":["https:\/\/innolabix.com\/sq\/produkte\/cl-1000i\/"]}]},{"@type":"ImageObject","inLanguage":"sq-AL","@id":"https:\/\/innolabix.com\/sq\/produkte\/cl-1000i\/#primaryimage","url":"https:\/\/innolabix.com\/wp-content\/uploads\/2025\/05\/C1000.jpg","contentUrl":"https:\/\/innolabix.com\/wp-content\/uploads\/2025\/05\/C1000.jpg","width":875,"height":872},{"@type":"BreadcrumbList","@id":"https:\/\/innolabix.com\/sq\/produkte\/cl-1000i\/#breadcrumb","itemListElement":[{"@type":"ListItem","position":1,"name":"Home","item":"https:\/\/innolabix.com\/sq\/"},{"@type":"ListItem","position":2,"name":"Products","item":"https:\/\/innolabix.com\/sq\/produkte\/"},{"@type":"ListItem","position":3,"name":"CL-1000i"}]},{"@type":"WebSite","@id":"https:\/\/innolabix.com\/sq\/#website","url":"https:\/\/innolabix.com\/sq\/","name":"Innolabix","description":"","potentialAction":[{"@type":"SearchAction","target":{"@type":"EntryPoint","urlTemplate":"https:\/\/innolabix.com\/sq\/?s={search_term_string}"},"query-input":{"@type":"PropertyValueSpecification","valueRequired":true,"valueName":"search_term_string"}}],"inLanguage":"sq-AL"}]}},"_links":{"self":[{"href":"https:\/\/innolabix.com\/sq\/wp-json\/wp\/v2\/product\/2161","targetHints":{"allow":["GET"]}}],"collection":[{"href":"https:\/\/innolabix.com\/sq\/wp-json\/wp\/v2\/product"}],"about":[{"href":"https:\/\/innolabix.com\/sq\/wp-json\/wp\/v2\/types\/product"}],"wp:featuredmedia":[{"embeddable":true,"href":"https:\/\/innolabix.com\/sq\/wp-json\/wp\/v2\/media\/1778"}],"wp:attachment":[{"href":"https:\/\/innolabix.com\/sq\/wp-json\/wp\/v2\/media?parent=2161"}],"wp:term":[{"taxonomy":"product_category","embeddable":true,"href":"https:\/\/innolabix.com\/sq\/wp-json\/wp\/v2\/product_category?post=2161"},{"taxonomy":"product_tag","embeddable":true,"href":"https:\/\/innolabix.com\/sq\/wp-json\/wp\/v2\/product_tag?post=2161"}],"curies":[{"name":"wp","href":"https:\/\/api.w.org\/{rel}","templated":true}]}}