{"id":2156,"date":"2025-05-29T14:23:55","date_gmt":"2025-05-29T14:23:55","guid":{"rendered":"https:\/\/innolabix.com\/products\/bs-430\/"},"modified":"2025-09-22T13:05:27","modified_gmt":"2025-09-22T13:05:27","slug":"bs-430","status":"publish","type":"product","link":"https:\/\/innolabix.com\/sq\/produkte\/bs-430\/","title":{"rendered":"BS-430"},"content":{"rendered":"<p>BS-430 \u00ebsht\u00eb nj\u00eb zgjidhje perfekte p\u00ebr laborator\u00ebt me ngarkesa t\u00eb vogla deri mesatare pune, t\u00eb cil\u00ebt kan\u00eb nevoj\u00eb p\u00ebr nj\u00eb solucion t\u00eb gjithansh\u00ebm kimikie me besueshm\u00ebri t\u00eb lart\u00eb dhe efikasitet t\u00eb kostos.<\/p>\n","protected":false},"excerpt":{"rendered":"<p>BS-430 \u00ebsht\u00eb nj\u00eb zgjidhje perfekte p\u00ebr laborator\u00ebt me ngarkesa t\u00eb vogla deri mesatare pune, t\u00eb cil\u00ebt kan\u00eb nevoj\u00eb p\u00ebr nj\u00eb solucion t\u00eb gjithansh\u00ebm kimikie me besueshm\u00ebri t\u00eb lart\u00eb dhe efikasitet t\u00eb kostos.<\/p>\n","protected":false},"featured_media":1752,"template":"","product_category":[53,55],"product_tag":[],"class_list":["post-2156","product","type-product","status-publish","has-post-thumbnail","hentry","product_category-biokimia","product_category-volum-mesatar-testesh"],"acf":[],"yoast_head":"<!-- This site is optimized with the Yoast SEO plugin v25.3 - https:\/\/yoast.com\/wordpress\/plugins\/seo\/ -->\n<title>BS-430 - Innolabix<\/title>\n<meta name=\"robots\" content=\"index, follow, max-snippet:-1, max-image-preview:large, max-video-preview:-1\" \/>\n<link rel=\"canonical\" href=\"https:\/\/innolabix.com\/sq\/produkte\/bs-430\/\" \/>\n<meta property=\"og:locale\" content=\"sq_AL\" \/>\n<meta property=\"og:type\" content=\"article\" \/>\n<meta property=\"og:title\" content=\"BS-430 - Innolabix\" \/>\n<meta property=\"og:description\" content=\"BS-430 \u00ebsht\u00eb nj\u00eb zgjidhje perfekte p\u00ebr laborator\u00ebt me ngarkesa t\u00eb vogla deri mesatare pune, t\u00eb cil\u00ebt kan\u00eb nevoj\u00eb p\u00ebr nj\u00eb solucion t\u00eb gjithansh\u00ebm kimikie me besueshm\u00ebri t\u00eb lart\u00eb dhe efikasitet t\u00eb kostos.\" \/>\n<meta property=\"og:url\" content=\"https:\/\/innolabix.com\/sq\/produkte\/bs-430\/\" \/>\n<meta property=\"og:site_name\" content=\"Innolabix\" \/>\n<meta property=\"article:modified_time\" content=\"2025-09-22T13:05:27+00:00\" \/>\n<meta property=\"og:image\" content=\"https:\/\/innolabix.com\/wp-content\/uploads\/2025\/05\/BS-430-1.jpg\" \/>\n\t<meta property=\"og:image:width\" content=\"875\" \/>\n\t<meta property=\"og:image:height\" content=\"872\" \/>\n\t<meta property=\"og:image:type\" content=\"image\/jpeg\" \/>\n<meta name=\"twitter:card\" content=\"summary_large_image\" \/>\n<script type=\"application\/ld+json\" class=\"yoast-schema-graph\">{\"@context\":\"https:\/\/schema.org\",\"@graph\":[{\"@type\":\"WebPage\",\"@id\":\"https:\/\/innolabix.com\/sq\/produkte\/bs-430\/\",\"url\":\"https:\/\/innolabix.com\/sq\/produkte\/bs-430\/\",\"name\":\"BS-430 - Innolabix\",\"isPartOf\":{\"@id\":\"https:\/\/innolabix.com\/sq\/#website\"},\"primaryImageOfPage\":{\"@id\":\"https:\/\/innolabix.com\/sq\/produkte\/bs-430\/#primaryimage\"},\"image\":{\"@id\":\"https:\/\/innolabix.com\/sq\/produkte\/bs-430\/#primaryimage\"},\"thumbnailUrl\":\"https:\/\/innolabix.com\/wp-content\/uploads\/2025\/05\/BS-430-1.jpg\",\"datePublished\":\"2025-05-29T14:23:55+00:00\",\"dateModified\":\"2025-09-22T13:05:27+00:00\",\"breadcrumb\":{\"@id\":\"https:\/\/innolabix.com\/sq\/produkte\/bs-430\/#breadcrumb\"},\"inLanguage\":\"sq-AL\",\"potentialAction\":[{\"@type\":\"ReadAction\",\"target\":[\"https:\/\/innolabix.com\/sq\/produkte\/bs-430\/\"]}]},{\"@type\":\"ImageObject\",\"inLanguage\":\"sq-AL\",\"@id\":\"https:\/\/innolabix.com\/sq\/produkte\/bs-430\/#primaryimage\",\"url\":\"https:\/\/innolabix.com\/wp-content\/uploads\/2025\/05\/BS-430-1.jpg\",\"contentUrl\":\"https:\/\/innolabix.com\/wp-content\/uploads\/2025\/05\/BS-430-1.jpg\",\"width\":875,\"height\":872},{\"@type\":\"BreadcrumbList\",\"@id\":\"https:\/\/innolabix.com\/sq\/produkte\/bs-430\/#breadcrumb\",\"itemListElement\":[{\"@type\":\"ListItem\",\"position\":1,\"name\":\"Home\",\"item\":\"https:\/\/innolabix.com\/sq\/\"},{\"@type\":\"ListItem\",\"position\":2,\"name\":\"Products\",\"item\":\"https:\/\/innolabix.com\/sq\/produkte\/\"},{\"@type\":\"ListItem\",\"position\":3,\"name\":\"BS-430\"}]},{\"@type\":\"WebSite\",\"@id\":\"https:\/\/innolabix.com\/sq\/#website\",\"url\":\"https:\/\/innolabix.com\/sq\/\",\"name\":\"Innolabix\",\"description\":\"\",\"potentialAction\":[{\"@type\":\"SearchAction\",\"target\":{\"@type\":\"EntryPoint\",\"urlTemplate\":\"https:\/\/innolabix.com\/sq\/?s={search_term_string}\"},\"query-input\":{\"@type\":\"PropertyValueSpecification\",\"valueRequired\":true,\"valueName\":\"search_term_string\"}}],\"inLanguage\":\"sq-AL\"}]}<\/script>\n<!-- \/ Yoast SEO plugin. -->","yoast_head_json":{"title":"BS-430 - Innolabix","robots":{"index":"index","follow":"follow","max-snippet":"max-snippet:-1","max-image-preview":"max-image-preview:large","max-video-preview":"max-video-preview:-1"},"canonical":"https:\/\/innolabix.com\/sq\/produkte\/bs-430\/","og_locale":"sq_AL","og_type":"article","og_title":"BS-430 - Innolabix","og_description":"BS-430 \u00ebsht\u00eb nj\u00eb zgjidhje perfekte p\u00ebr laborator\u00ebt me ngarkesa t\u00eb vogla deri mesatare pune, t\u00eb cil\u00ebt kan\u00eb nevoj\u00eb p\u00ebr nj\u00eb solucion t\u00eb gjithansh\u00ebm kimikie me besueshm\u00ebri t\u00eb lart\u00eb dhe efikasitet t\u00eb kostos.","og_url":"https:\/\/innolabix.com\/sq\/produkte\/bs-430\/","og_site_name":"Innolabix","article_modified_time":"2025-09-22T13:05:27+00:00","og_image":[{"width":875,"height":872,"url":"https:\/\/innolabix.com\/wp-content\/uploads\/2025\/05\/BS-430-1.jpg","type":"image\/jpeg"}],"twitter_card":"summary_large_image","schema":{"@context":"https:\/\/schema.org","@graph":[{"@type":"WebPage","@id":"https:\/\/innolabix.com\/sq\/produkte\/bs-430\/","url":"https:\/\/innolabix.com\/sq\/produkte\/bs-430\/","name":"BS-430 - Innolabix","isPartOf":{"@id":"https:\/\/innolabix.com\/sq\/#website"},"primaryImageOfPage":{"@id":"https:\/\/innolabix.com\/sq\/produkte\/bs-430\/#primaryimage"},"image":{"@id":"https:\/\/innolabix.com\/sq\/produkte\/bs-430\/#primaryimage"},"thumbnailUrl":"https:\/\/innolabix.com\/wp-content\/uploads\/2025\/05\/BS-430-1.jpg","datePublished":"2025-05-29T14:23:55+00:00","dateModified":"2025-09-22T13:05:27+00:00","breadcrumb":{"@id":"https:\/\/innolabix.com\/sq\/produkte\/bs-430\/#breadcrumb"},"inLanguage":"sq-AL","potentialAction":[{"@type":"ReadAction","target":["https:\/\/innolabix.com\/sq\/produkte\/bs-430\/"]}]},{"@type":"ImageObject","inLanguage":"sq-AL","@id":"https:\/\/innolabix.com\/sq\/produkte\/bs-430\/#primaryimage","url":"https:\/\/innolabix.com\/wp-content\/uploads\/2025\/05\/BS-430-1.jpg","contentUrl":"https:\/\/innolabix.com\/wp-content\/uploads\/2025\/05\/BS-430-1.jpg","width":875,"height":872},{"@type":"BreadcrumbList","@id":"https:\/\/innolabix.com\/sq\/produkte\/bs-430\/#breadcrumb","itemListElement":[{"@type":"ListItem","position":1,"name":"Home","item":"https:\/\/innolabix.com\/sq\/"},{"@type":"ListItem","position":2,"name":"Products","item":"https:\/\/innolabix.com\/sq\/produkte\/"},{"@type":"ListItem","position":3,"name":"BS-430"}]},{"@type":"WebSite","@id":"https:\/\/innolabix.com\/sq\/#website","url":"https:\/\/innolabix.com\/sq\/","name":"Innolabix","description":"","potentialAction":[{"@type":"SearchAction","target":{"@type":"EntryPoint","urlTemplate":"https:\/\/innolabix.com\/sq\/?s={search_term_string}"},"query-input":{"@type":"PropertyValueSpecification","valueRequired":true,"valueName":"search_term_string"}}],"inLanguage":"sq-AL"}]}},"_links":{"self":[{"href":"https:\/\/innolabix.com\/sq\/wp-json\/wp\/v2\/product\/2156","targetHints":{"allow":["GET"]}}],"collection":[{"href":"https:\/\/innolabix.com\/sq\/wp-json\/wp\/v2\/product"}],"about":[{"href":"https:\/\/innolabix.com\/sq\/wp-json\/wp\/v2\/types\/product"}],"wp:featuredmedia":[{"embeddable":true,"href":"https:\/\/innolabix.com\/sq\/wp-json\/wp\/v2\/media\/1752"}],"wp:attachment":[{"href":"https:\/\/innolabix.com\/sq\/wp-json\/wp\/v2\/media?parent=2156"}],"wp:term":[{"taxonomy":"product_category","embeddable":true,"href":"https:\/\/innolabix.com\/sq\/wp-json\/wp\/v2\/product_category?post=2156"},{"taxonomy":"product_tag","embeddable":true,"href":"https:\/\/innolabix.com\/sq\/wp-json\/wp\/v2\/product_tag?post=2156"}],"curies":[{"name":"wp","href":"https:\/\/api.w.org\/{rel}","templated":true}]}}