{"id":2153,"date":"2025-05-29T15:02:46","date_gmt":"2025-05-29T15:02:46","guid":{"rendered":"https:\/\/innolabix.com\/products\/bs-230\/"},"modified":"2025-05-29T15:02:46","modified_gmt":"2025-05-29T15:02:46","slug":"bs-230","status":"publish","type":"product","link":"https:\/\/innolabix.com\/sq\/produkte\/bs-230\/","title":{"rendered":"BS-230"},"content":{"rendered":"<p>BS-230 \u00ebsht\u00eb nj\u00eb analizator kimik shum\u00ebfunksional \u201cCUTE\u201d p\u00ebr laborator\u00eb me kapacitet prej 200 teste n\u00eb or\u00eb. Edhe pse me p\u00ebrmasa kompakte, ai ka arritur t\u00eb ofroj\u00eb nj\u00eb s\u00ebr\u00eb funksionesh t\u00eb avancuara q\u00eb nuk jan\u00eb hasur m\u00eb par\u00eb n\u00eb produkte t\u00eb ngjashme n\u00eb treg, duke e b\u00ebr\u00eb at\u00eb nj\u00eb zgjidhje optimale kimike p\u00ebr laborator\u00eb t\u00eb vegj\u00ebl dhe nj\u00eb mjet rezerv\u00eb p\u00ebr laborator\u00eb me volum mesatar deri n\u00eb t\u00eb lart\u00eb.<\/p>\n","protected":false},"excerpt":{"rendered":"<p>BS-230 \u00ebsht\u00eb nj\u00eb analizator kimik shum\u00ebfunksional \u201cCUTE\u201d p\u00ebr laborator\u00eb me kapacitet prej 200 teste n\u00eb or\u00eb. Edhe pse me p\u00ebrmasa kompakte, ai ka arritur t\u00eb ofroj\u00eb nj\u00eb s\u00ebr\u00eb funksionesh t\u00eb avancuara q\u00eb nuk jan\u00eb hasur m\u00eb par\u00eb n\u00eb produkte t\u00eb ngjashme n\u00eb treg, duke e b\u00ebr\u00eb at\u00eb nj\u00eb zgjidhje optimale kimike p\u00ebr laborator\u00eb t\u00eb vegj\u00ebl [&hellip;]<\/p>\n","protected":false},"featured_media":1760,"template":"","product_category":[53,54],"product_tag":[],"class_list":["post-2153","product","type-product","status-publish","has-post-thumbnail","hentry","product_category-biokimia","product_category-volum-i-vogel-testesh"],"acf":[],"yoast_head":"<!-- This site is optimized with the Yoast SEO plugin v25.3 - https:\/\/yoast.com\/wordpress\/plugins\/seo\/ -->\n<title>BS-230 - Innolabix<\/title>\n<meta name=\"robots\" content=\"index, follow, max-snippet:-1, max-image-preview:large, max-video-preview:-1\" \/>\n<link rel=\"canonical\" href=\"https:\/\/innolabix.com\/sq\/produkte\/bs-230\/\" \/>\n<meta property=\"og:locale\" content=\"sq_AL\" \/>\n<meta property=\"og:type\" content=\"article\" \/>\n<meta property=\"og:title\" content=\"BS-230 - Innolabix\" \/>\n<meta property=\"og:description\" content=\"BS-230 \u00ebsht\u00eb nj\u00eb analizator kimik shum\u00ebfunksional \u201cCUTE\u201d p\u00ebr laborator\u00eb me kapacitet prej 200 teste n\u00eb or\u00eb. Edhe pse me p\u00ebrmasa kompakte, ai ka arritur t\u00eb ofroj\u00eb nj\u00eb s\u00ebr\u00eb funksionesh t\u00eb avancuara q\u00eb nuk jan\u00eb hasur m\u00eb par\u00eb n\u00eb produkte t\u00eb ngjashme n\u00eb treg, duke e b\u00ebr\u00eb at\u00eb nj\u00eb zgjidhje optimale kimike p\u00ebr laborator\u00eb t\u00eb vegj\u00ebl [&hellip;]\" \/>\n<meta property=\"og:url\" content=\"https:\/\/innolabix.com\/sq\/produkte\/bs-230\/\" \/>\n<meta property=\"og:site_name\" content=\"Innolabix\" \/>\n<meta name=\"twitter:card\" content=\"summary_large_image\" \/>\n<script type=\"application\/ld+json\" class=\"yoast-schema-graph\">{\"@context\":\"https:\/\/schema.org\",\"@graph\":[{\"@type\":\"WebPage\",\"@id\":\"https:\/\/innolabix.com\/sq\/produkte\/bs-230\/\",\"url\":\"https:\/\/innolabix.com\/sq\/produkte\/bs-230\/\",\"name\":\"BS-230 - Innolabix\",\"isPartOf\":{\"@id\":\"https:\/\/innolabix.com\/sq\/#website\"},\"primaryImageOfPage\":{\"@id\":\"https:\/\/innolabix.com\/sq\/produkte\/bs-230\/#primaryimage\"},\"image\":{\"@id\":\"https:\/\/innolabix.com\/sq\/produkte\/bs-230\/#primaryimage\"},\"thumbnailUrl\":\"https:\/\/innolabix.com\/wp-content\/uploads\/2025\/05\/BS-230.jpg\",\"datePublished\":\"2025-05-29T15:02:46+00:00\",\"breadcrumb\":{\"@id\":\"https:\/\/innolabix.com\/sq\/produkte\/bs-230\/#breadcrumb\"},\"inLanguage\":\"sq-AL\",\"potentialAction\":[{\"@type\":\"ReadAction\",\"target\":[\"https:\/\/innolabix.com\/sq\/produkte\/bs-230\/\"]}]},{\"@type\":\"ImageObject\",\"inLanguage\":\"sq-AL\",\"@id\":\"https:\/\/innolabix.com\/sq\/produkte\/bs-230\/#primaryimage\",\"url\":\"https:\/\/innolabix.com\/wp-content\/uploads\/2025\/05\/BS-230.jpg\",\"contentUrl\":\"https:\/\/innolabix.com\/wp-content\/uploads\/2025\/05\/BS-230.jpg\",\"width\":875,\"height\":872},{\"@type\":\"BreadcrumbList\",\"@id\":\"https:\/\/innolabix.com\/sq\/produkte\/bs-230\/#breadcrumb\",\"itemListElement\":[{\"@type\":\"ListItem\",\"position\":1,\"name\":\"Home\",\"item\":\"https:\/\/innolabix.com\/sq\/\"},{\"@type\":\"ListItem\",\"position\":2,\"name\":\"Products\",\"item\":\"https:\/\/innolabix.com\/sq\/produkte\/\"},{\"@type\":\"ListItem\",\"position\":3,\"name\":\"BS-230\"}]},{\"@type\":\"WebSite\",\"@id\":\"https:\/\/innolabix.com\/sq\/#website\",\"url\":\"https:\/\/innolabix.com\/sq\/\",\"name\":\"Innolabix\",\"description\":\"\",\"potentialAction\":[{\"@type\":\"SearchAction\",\"target\":{\"@type\":\"EntryPoint\",\"urlTemplate\":\"https:\/\/innolabix.com\/sq\/?s={search_term_string}\"},\"query-input\":{\"@type\":\"PropertyValueSpecification\",\"valueRequired\":true,\"valueName\":\"search_term_string\"}}],\"inLanguage\":\"sq-AL\"}]}<\/script>\n<!-- \/ Yoast SEO plugin. -->","yoast_head_json":{"title":"BS-230 - Innolabix","robots":{"index":"index","follow":"follow","max-snippet":"max-snippet:-1","max-image-preview":"max-image-preview:large","max-video-preview":"max-video-preview:-1"},"canonical":"https:\/\/innolabix.com\/sq\/produkte\/bs-230\/","og_locale":"sq_AL","og_type":"article","og_title":"BS-230 - Innolabix","og_description":"BS-230 \u00ebsht\u00eb nj\u00eb analizator kimik shum\u00ebfunksional \u201cCUTE\u201d p\u00ebr laborator\u00eb me kapacitet prej 200 teste n\u00eb or\u00eb. Edhe pse me p\u00ebrmasa kompakte, ai ka arritur t\u00eb ofroj\u00eb nj\u00eb s\u00ebr\u00eb funksionesh t\u00eb avancuara q\u00eb nuk jan\u00eb hasur m\u00eb par\u00eb n\u00eb produkte t\u00eb ngjashme n\u00eb treg, duke e b\u00ebr\u00eb at\u00eb nj\u00eb zgjidhje optimale kimike p\u00ebr laborator\u00eb t\u00eb vegj\u00ebl [&hellip;]","og_url":"https:\/\/innolabix.com\/sq\/produkte\/bs-230\/","og_site_name":"Innolabix","twitter_card":"summary_large_image","schema":{"@context":"https:\/\/schema.org","@graph":[{"@type":"WebPage","@id":"https:\/\/innolabix.com\/sq\/produkte\/bs-230\/","url":"https:\/\/innolabix.com\/sq\/produkte\/bs-230\/","name":"BS-230 - Innolabix","isPartOf":{"@id":"https:\/\/innolabix.com\/sq\/#website"},"primaryImageOfPage":{"@id":"https:\/\/innolabix.com\/sq\/produkte\/bs-230\/#primaryimage"},"image":{"@id":"https:\/\/innolabix.com\/sq\/produkte\/bs-230\/#primaryimage"},"thumbnailUrl":"https:\/\/innolabix.com\/wp-content\/uploads\/2025\/05\/BS-230.jpg","datePublished":"2025-05-29T15:02:46+00:00","breadcrumb":{"@id":"https:\/\/innolabix.com\/sq\/produkte\/bs-230\/#breadcrumb"},"inLanguage":"sq-AL","potentialAction":[{"@type":"ReadAction","target":["https:\/\/innolabix.com\/sq\/produkte\/bs-230\/"]}]},{"@type":"ImageObject","inLanguage":"sq-AL","@id":"https:\/\/innolabix.com\/sq\/produkte\/bs-230\/#primaryimage","url":"https:\/\/innolabix.com\/wp-content\/uploads\/2025\/05\/BS-230.jpg","contentUrl":"https:\/\/innolabix.com\/wp-content\/uploads\/2025\/05\/BS-230.jpg","width":875,"height":872},{"@type":"BreadcrumbList","@id":"https:\/\/innolabix.com\/sq\/produkte\/bs-230\/#breadcrumb","itemListElement":[{"@type":"ListItem","position":1,"name":"Home","item":"https:\/\/innolabix.com\/sq\/"},{"@type":"ListItem","position":2,"name":"Products","item":"https:\/\/innolabix.com\/sq\/produkte\/"},{"@type":"ListItem","position":3,"name":"BS-230"}]},{"@type":"WebSite","@id":"https:\/\/innolabix.com\/sq\/#website","url":"https:\/\/innolabix.com\/sq\/","name":"Innolabix","description":"","potentialAction":[{"@type":"SearchAction","target":{"@type":"EntryPoint","urlTemplate":"https:\/\/innolabix.com\/sq\/?s={search_term_string}"},"query-input":{"@type":"PropertyValueSpecification","valueRequired":true,"valueName":"search_term_string"}}],"inLanguage":"sq-AL"}]}},"_links":{"self":[{"href":"https:\/\/innolabix.com\/sq\/wp-json\/wp\/v2\/product\/2153","targetHints":{"allow":["GET"]}}],"collection":[{"href":"https:\/\/innolabix.com\/sq\/wp-json\/wp\/v2\/product"}],"about":[{"href":"https:\/\/innolabix.com\/sq\/wp-json\/wp\/v2\/types\/product"}],"wp:featuredmedia":[{"embeddable":true,"href":"https:\/\/innolabix.com\/sq\/wp-json\/wp\/v2\/media\/1760"}],"wp:attachment":[{"href":"https:\/\/innolabix.com\/sq\/wp-json\/wp\/v2\/media?parent=2153"}],"wp:term":[{"taxonomy":"product_category","embeddable":true,"href":"https:\/\/innolabix.com\/sq\/wp-json\/wp\/v2\/product_category?post=2153"},{"taxonomy":"product_tag","embeddable":true,"href":"https:\/\/innolabix.com\/sq\/wp-json\/wp\/v2\/product_tag?post=2153"}],"curies":[{"name":"wp","href":"https:\/\/api.w.org\/{rel}","templated":true}]}}