{"id":2151,"date":"2025-05-29T13:12:34","date_gmt":"2025-05-29T13:12:34","guid":{"rendered":"https:\/\/innolabix.com\/products\/bc-30\/"},"modified":"2025-05-29T13:12:34","modified_gmt":"2025-05-29T13:12:34","slug":"bc-30","status":"publish","type":"product","link":"https:\/\/innolabix.com\/sq\/produkte\/bc-30\/","title":{"rendered":"BC-30"},"content":{"rendered":"<p>N\u00eb Innolabix, krenar\u00eb jemi p\u00ebr p\u00ebrkushtimin dhe p\u00ebrvoj\u00ebn ton\u00eb n\u00eb zhvillimin e zgjidhjeve m\u00eb t\u00eb mira p\u00ebr laborator\u00ebt e vegj\u00ebl. Analizatori yn\u00eb i ri hematologjik me diferencim n\u00eb 3 pjes\u00eb \u00ebsht\u00eb kulmi i k\u00ebtij p\u00ebrpjekjeje. Ai u jep laborator\u00ebve t\u00eb vegj\u00ebl m\u00eb shum\u00eb besim n\u00eb rezultatet e tyre dhe koh\u00eb m\u00eb t\u00eb shkurt\u00ebr p\u00ebr p\u00ebrpunim.<\/p>\n","protected":false},"excerpt":{"rendered":"<p>N\u00eb Innolabix, krenar\u00eb jemi p\u00ebr p\u00ebrkushtimin dhe p\u00ebrvoj\u00ebn ton\u00eb n\u00eb zhvillimin e zgjidhjeve m\u00eb t\u00eb mira p\u00ebr laborator\u00ebt e vegj\u00ebl. Analizatori yn\u00eb i ri hematologjik me diferencim n\u00eb 3 pjes\u00eb \u00ebsht\u00eb kulmi i k\u00ebtij p\u00ebrpjekjeje. Ai u jep laborator\u00ebve t\u00eb vegj\u00ebl m\u00eb shum\u00eb besim n\u00eb rezultatet e tyre dhe koh\u00eb m\u00eb t\u00eb shkurt\u00ebr p\u00ebr p\u00ebrpunim.<\/p>\n","protected":false},"featured_media":1726,"template":"","product_category":[52,50],"product_tag":[],"class_list":["post-2151","product","type-product","status-publish","has-post-thumbnail","hentry","product_category-diferencim-i-avancuar-3-pjesesh","product_category-hematologjia"],"acf":[],"yoast_head":"<!-- This site is optimized with the Yoast SEO plugin v25.3 - https:\/\/yoast.com\/wordpress\/plugins\/seo\/ -->\n<title>BC-30 - Innolabix<\/title>\n<meta name=\"robots\" content=\"index, follow, max-snippet:-1, max-image-preview:large, max-video-preview:-1\" \/>\n<link rel=\"canonical\" href=\"https:\/\/innolabix.com\/sq\/produkte\/bc-30\/\" \/>\n<meta property=\"og:locale\" content=\"sq_AL\" \/>\n<meta property=\"og:type\" content=\"article\" \/>\n<meta property=\"og:title\" content=\"BC-30 - Innolabix\" \/>\n<meta property=\"og:description\" content=\"N\u00eb Innolabix, krenar\u00eb jemi p\u00ebr p\u00ebrkushtimin dhe p\u00ebrvoj\u00ebn ton\u00eb n\u00eb zhvillimin e zgjidhjeve m\u00eb t\u00eb mira p\u00ebr laborator\u00ebt e vegj\u00ebl. Analizatori yn\u00eb i ri hematologjik me diferencim n\u00eb 3 pjes\u00eb \u00ebsht\u00eb kulmi i k\u00ebtij p\u00ebrpjekjeje. Ai u jep laborator\u00ebve t\u00eb vegj\u00ebl m\u00eb shum\u00eb besim n\u00eb rezultatet e tyre dhe koh\u00eb m\u00eb t\u00eb shkurt\u00ebr p\u00ebr p\u00ebrpunim.\" \/>\n<meta property=\"og:url\" content=\"https:\/\/innolabix.com\/sq\/produkte\/bc-30\/\" \/>\n<meta property=\"og:site_name\" content=\"Innolabix\" \/>\n<meta name=\"twitter:card\" content=\"summary_large_image\" \/>\n<script type=\"application\/ld+json\" class=\"yoast-schema-graph\">{\"@context\":\"https:\/\/schema.org\",\"@graph\":[{\"@type\":\"WebPage\",\"@id\":\"https:\/\/innolabix.com\/sq\/produkte\/bc-30\/\",\"url\":\"https:\/\/innolabix.com\/sq\/produkte\/bc-30\/\",\"name\":\"BC-30 - Innolabix\",\"isPartOf\":{\"@id\":\"https:\/\/innolabix.com\/sq\/#website\"},\"primaryImageOfPage\":{\"@id\":\"https:\/\/innolabix.com\/sq\/produkte\/bc-30\/#primaryimage\"},\"image\":{\"@id\":\"https:\/\/innolabix.com\/sq\/produkte\/bc-30\/#primaryimage\"},\"thumbnailUrl\":\"https:\/\/innolabix.com\/wp-content\/uploads\/2025\/05\/BC30.jpg\",\"datePublished\":\"2025-05-29T13:12:34+00:00\",\"breadcrumb\":{\"@id\":\"https:\/\/innolabix.com\/sq\/produkte\/bc-30\/#breadcrumb\"},\"inLanguage\":\"sq-AL\",\"potentialAction\":[{\"@type\":\"ReadAction\",\"target\":[\"https:\/\/innolabix.com\/sq\/produkte\/bc-30\/\"]}]},{\"@type\":\"ImageObject\",\"inLanguage\":\"sq-AL\",\"@id\":\"https:\/\/innolabix.com\/sq\/produkte\/bc-30\/#primaryimage\",\"url\":\"https:\/\/innolabix.com\/wp-content\/uploads\/2025\/05\/BC30.jpg\",\"contentUrl\":\"https:\/\/innolabix.com\/wp-content\/uploads\/2025\/05\/BC30.jpg\",\"width\":875,\"height\":872},{\"@type\":\"BreadcrumbList\",\"@id\":\"https:\/\/innolabix.com\/sq\/produkte\/bc-30\/#breadcrumb\",\"itemListElement\":[{\"@type\":\"ListItem\",\"position\":1,\"name\":\"Home\",\"item\":\"https:\/\/innolabix.com\/sq\/\"},{\"@type\":\"ListItem\",\"position\":2,\"name\":\"Products\",\"item\":\"https:\/\/innolabix.com\/sq\/produkte\/\"},{\"@type\":\"ListItem\",\"position\":3,\"name\":\"BC-30\"}]},{\"@type\":\"WebSite\",\"@id\":\"https:\/\/innolabix.com\/sq\/#website\",\"url\":\"https:\/\/innolabix.com\/sq\/\",\"name\":\"Innolabix\",\"description\":\"\",\"potentialAction\":[{\"@type\":\"SearchAction\",\"target\":{\"@type\":\"EntryPoint\",\"urlTemplate\":\"https:\/\/innolabix.com\/sq\/?s={search_term_string}\"},\"query-input\":{\"@type\":\"PropertyValueSpecification\",\"valueRequired\":true,\"valueName\":\"search_term_string\"}}],\"inLanguage\":\"sq-AL\"}]}<\/script>\n<!-- \/ Yoast SEO plugin. -->","yoast_head_json":{"title":"BC-30 - Innolabix","robots":{"index":"index","follow":"follow","max-snippet":"max-snippet:-1","max-image-preview":"max-image-preview:large","max-video-preview":"max-video-preview:-1"},"canonical":"https:\/\/innolabix.com\/sq\/produkte\/bc-30\/","og_locale":"sq_AL","og_type":"article","og_title":"BC-30 - Innolabix","og_description":"N\u00eb Innolabix, krenar\u00eb jemi p\u00ebr p\u00ebrkushtimin dhe p\u00ebrvoj\u00ebn ton\u00eb n\u00eb zhvillimin e zgjidhjeve m\u00eb t\u00eb mira p\u00ebr laborator\u00ebt e vegj\u00ebl. Analizatori yn\u00eb i ri hematologjik me diferencim n\u00eb 3 pjes\u00eb \u00ebsht\u00eb kulmi i k\u00ebtij p\u00ebrpjekjeje. Ai u jep laborator\u00ebve t\u00eb vegj\u00ebl m\u00eb shum\u00eb besim n\u00eb rezultatet e tyre dhe koh\u00eb m\u00eb t\u00eb shkurt\u00ebr p\u00ebr p\u00ebrpunim.","og_url":"https:\/\/innolabix.com\/sq\/produkte\/bc-30\/","og_site_name":"Innolabix","twitter_card":"summary_large_image","schema":{"@context":"https:\/\/schema.org","@graph":[{"@type":"WebPage","@id":"https:\/\/innolabix.com\/sq\/produkte\/bc-30\/","url":"https:\/\/innolabix.com\/sq\/produkte\/bc-30\/","name":"BC-30 - Innolabix","isPartOf":{"@id":"https:\/\/innolabix.com\/sq\/#website"},"primaryImageOfPage":{"@id":"https:\/\/innolabix.com\/sq\/produkte\/bc-30\/#primaryimage"},"image":{"@id":"https:\/\/innolabix.com\/sq\/produkte\/bc-30\/#primaryimage"},"thumbnailUrl":"https:\/\/innolabix.com\/wp-content\/uploads\/2025\/05\/BC30.jpg","datePublished":"2025-05-29T13:12:34+00:00","breadcrumb":{"@id":"https:\/\/innolabix.com\/sq\/produkte\/bc-30\/#breadcrumb"},"inLanguage":"sq-AL","potentialAction":[{"@type":"ReadAction","target":["https:\/\/innolabix.com\/sq\/produkte\/bc-30\/"]}]},{"@type":"ImageObject","inLanguage":"sq-AL","@id":"https:\/\/innolabix.com\/sq\/produkte\/bc-30\/#primaryimage","url":"https:\/\/innolabix.com\/wp-content\/uploads\/2025\/05\/BC30.jpg","contentUrl":"https:\/\/innolabix.com\/wp-content\/uploads\/2025\/05\/BC30.jpg","width":875,"height":872},{"@type":"BreadcrumbList","@id":"https:\/\/innolabix.com\/sq\/produkte\/bc-30\/#breadcrumb","itemListElement":[{"@type":"ListItem","position":1,"name":"Home","item":"https:\/\/innolabix.com\/sq\/"},{"@type":"ListItem","position":2,"name":"Products","item":"https:\/\/innolabix.com\/sq\/produkte\/"},{"@type":"ListItem","position":3,"name":"BC-30"}]},{"@type":"WebSite","@id":"https:\/\/innolabix.com\/sq\/#website","url":"https:\/\/innolabix.com\/sq\/","name":"Innolabix","description":"","potentialAction":[{"@type":"SearchAction","target":{"@type":"EntryPoint","urlTemplate":"https:\/\/innolabix.com\/sq\/?s={search_term_string}"},"query-input":{"@type":"PropertyValueSpecification","valueRequired":true,"valueName":"search_term_string"}}],"inLanguage":"sq-AL"}]}},"_links":{"self":[{"href":"https:\/\/innolabix.com\/sq\/wp-json\/wp\/v2\/product\/2151","targetHints":{"allow":["GET"]}}],"collection":[{"href":"https:\/\/innolabix.com\/sq\/wp-json\/wp\/v2\/product"}],"about":[{"href":"https:\/\/innolabix.com\/sq\/wp-json\/wp\/v2\/types\/product"}],"wp:featuredmedia":[{"embeddable":true,"href":"https:\/\/innolabix.com\/sq\/wp-json\/wp\/v2\/media\/1726"}],"wp:attachment":[{"href":"https:\/\/innolabix.com\/sq\/wp-json\/wp\/v2\/media?parent=2151"}],"wp:term":[{"taxonomy":"product_category","embeddable":true,"href":"https:\/\/innolabix.com\/sq\/wp-json\/wp\/v2\/product_category?post=2151"},{"taxonomy":"product_tag","embeddable":true,"href":"https:\/\/innolabix.com\/sq\/wp-json\/wp\/v2\/product_tag?post=2151"}],"curies":[{"name":"wp","href":"https:\/\/api.w.org\/{rel}","templated":true}]}}