{"id":2146,"date":"2025-05-28T07:43:11","date_gmt":"2025-05-28T07:43:11","guid":{"rendered":"https:\/\/innolabix.com\/products\/bc-6800\/"},"modified":"2025-05-28T07:43:11","modified_gmt":"2025-05-28T07:43:11","slug":"bc-6800","status":"publish","type":"product","link":"https:\/\/innolabix.com\/sq\/produkte\/bc-6800\/","title":{"rendered":"BC-6800"},"content":{"rendered":"","protected":false},"excerpt":{"rendered":"<p>Laborator\u00ebt jo vet\u00ebm q\u00eb kan\u00eb nevoj\u00eb p\u00ebr nj\u00eb testim m\u00eb t\u00eb besuesh\u00ebm rutin\u00eb CBC me diferencim t\u00eb leukociteve n\u00eb 5 pjes\u00eb p\u00ebrmes nj\u00eb shpejt\u00ebsie t\u00eb lart\u00eb p\u00ebrpunimi, por gjithashtu k\u00ebrkojn\u00eb opsione q\u00eb zgjerojn\u00eb kapacitetin e analizatorit n\u00eb form\u00ebn e retikulociteve, eritrociteve t\u00eb b\u00ebrthamuara, num\u00ebrimit t\u00eb trombociteve me fluorescenc\u00eb, etj., p\u00ebr nj\u00eb aplikim m\u00eb t\u00eb gjer\u00eb klinik dhe k\u00ebrkimor. Nga ana tjet\u00ebr, ata jan\u00eb t\u00eb kufizuar nga buxhete t\u00eb limituara. BC-6800 mund t\u00eb ndihmoj\u00eb n\u00eb p\u00ebrmbushjen e t\u00eb gjitha k\u00ebtyre nevojave n\u00eb m\u00ebnyr\u00eb t\u00eb p\u00ebrkryer, madje edhe t\u00eb tejkaloj\u00eb pritshm\u00ebrit\u00eb.  <\/p>\n","protected":false},"featured_media":1695,"template":"","product_category":[51,50],"product_tag":[],"class_list":["post-2146","product","type-product","status-publish","has-post-thumbnail","hentry","product_category-diferencim-i-avancuar-5-pjesesh","product_category-hematologjia"],"acf":[],"yoast_head":"<!-- This site is optimized with the Yoast SEO plugin v25.3 - https:\/\/yoast.com\/wordpress\/plugins\/seo\/ -->\n<title>BC-6800 - Innolabix<\/title>\n<meta name=\"robots\" content=\"index, follow, max-snippet:-1, max-image-preview:large, max-video-preview:-1\" \/>\n<link rel=\"canonical\" href=\"https:\/\/innolabix.com\/sq\/produkte\/bc-6800\/\" \/>\n<meta property=\"og:locale\" content=\"sq_AL\" \/>\n<meta property=\"og:type\" content=\"article\" \/>\n<meta property=\"og:title\" content=\"BC-6800 - Innolabix\" \/>\n<meta property=\"og:description\" content=\"Laborator\u00ebt jo vet\u00ebm q\u00eb kan\u00eb nevoj\u00eb p\u00ebr nj\u00eb testim m\u00eb t\u00eb besuesh\u00ebm rutin\u00eb CBC me diferencim t\u00eb leukociteve n\u00eb 5 pjes\u00eb p\u00ebrmes nj\u00eb shpejt\u00ebsie t\u00eb lart\u00eb p\u00ebrpunimi, por gjithashtu k\u00ebrkojn\u00eb opsione q\u00eb zgjerojn\u00eb kapacitetin e analizatorit n\u00eb form\u00ebn e retikulociteve, eritrociteve t\u00eb b\u00ebrthamuara, num\u00ebrimit t\u00eb trombociteve me fluorescenc\u00eb, etj., p\u00ebr nj\u00eb aplikim m\u00eb t\u00eb gjer\u00eb klinik dhe k\u00ebrkimor. Nga ana tjet\u00ebr, ata jan\u00eb t\u00eb kufizuar nga buxhete t\u00eb limituara. BC-6800 mund t\u00eb ndihmoj\u00eb n\u00eb p\u00ebrmbushjen e t\u00eb gjitha k\u00ebtyre nevojave n\u00eb m\u00ebnyr\u00eb t\u00eb p\u00ebrkryer, madje edhe t\u00eb tejkaloj\u00eb pritshm\u00ebrit\u00eb.\" \/>\n<meta property=\"og:url\" content=\"https:\/\/innolabix.com\/sq\/produkte\/bc-6800\/\" \/>\n<meta property=\"og:site_name\" content=\"Innolabix\" \/>\n<meta name=\"twitter:card\" content=\"summary_large_image\" \/>\n<script type=\"application\/ld+json\" class=\"yoast-schema-graph\">{\"@context\":\"https:\/\/schema.org\",\"@graph\":[{\"@type\":\"WebPage\",\"@id\":\"https:\/\/innolabix.com\/sq\/produkte\/bc-6800\/\",\"url\":\"https:\/\/innolabix.com\/sq\/produkte\/bc-6800\/\",\"name\":\"BC-6800 - Innolabix\",\"isPartOf\":{\"@id\":\"https:\/\/innolabix.com\/sq\/#website\"},\"primaryImageOfPage\":{\"@id\":\"https:\/\/innolabix.com\/sq\/produkte\/bc-6800\/#primaryimage\"},\"image\":{\"@id\":\"https:\/\/innolabix.com\/sq\/produkte\/bc-6800\/#primaryimage\"},\"thumbnailUrl\":\"https:\/\/innolabix.com\/wp-content\/uploads\/2025\/05\/BC-6800.jpg\",\"datePublished\":\"2025-05-28T07:43:11+00:00\",\"breadcrumb\":{\"@id\":\"https:\/\/innolabix.com\/sq\/produkte\/bc-6800\/#breadcrumb\"},\"inLanguage\":\"sq-AL\",\"potentialAction\":[{\"@type\":\"ReadAction\",\"target\":[\"https:\/\/innolabix.com\/sq\/produkte\/bc-6800\/\"]}]},{\"@type\":\"ImageObject\",\"inLanguage\":\"sq-AL\",\"@id\":\"https:\/\/innolabix.com\/sq\/produkte\/bc-6800\/#primaryimage\",\"url\":\"https:\/\/innolabix.com\/wp-content\/uploads\/2025\/05\/BC-6800.jpg\",\"contentUrl\":\"https:\/\/innolabix.com\/wp-content\/uploads\/2025\/05\/BC-6800.jpg\",\"width\":875,\"height\":872},{\"@type\":\"BreadcrumbList\",\"@id\":\"https:\/\/innolabix.com\/sq\/produkte\/bc-6800\/#breadcrumb\",\"itemListElement\":[{\"@type\":\"ListItem\",\"position\":1,\"name\":\"Home\",\"item\":\"https:\/\/innolabix.com\/sq\/\"},{\"@type\":\"ListItem\",\"position\":2,\"name\":\"Products\",\"item\":\"https:\/\/innolabix.com\/sq\/produkte\/\"},{\"@type\":\"ListItem\",\"position\":3,\"name\":\"BC-6800\"}]},{\"@type\":\"WebSite\",\"@id\":\"https:\/\/innolabix.com\/sq\/#website\",\"url\":\"https:\/\/innolabix.com\/sq\/\",\"name\":\"Innolabix\",\"description\":\"\",\"potentialAction\":[{\"@type\":\"SearchAction\",\"target\":{\"@type\":\"EntryPoint\",\"urlTemplate\":\"https:\/\/innolabix.com\/sq\/?s={search_term_string}\"},\"query-input\":{\"@type\":\"PropertyValueSpecification\",\"valueRequired\":true,\"valueName\":\"search_term_string\"}}],\"inLanguage\":\"sq-AL\"}]}<\/script>\n<!-- \/ Yoast SEO plugin. -->","yoast_head_json":{"title":"BC-6800 - Innolabix","robots":{"index":"index","follow":"follow","max-snippet":"max-snippet:-1","max-image-preview":"max-image-preview:large","max-video-preview":"max-video-preview:-1"},"canonical":"https:\/\/innolabix.com\/sq\/produkte\/bc-6800\/","og_locale":"sq_AL","og_type":"article","og_title":"BC-6800 - Innolabix","og_description":"Laborator\u00ebt jo vet\u00ebm q\u00eb kan\u00eb nevoj\u00eb p\u00ebr nj\u00eb testim m\u00eb t\u00eb besuesh\u00ebm rutin\u00eb CBC me diferencim t\u00eb leukociteve n\u00eb 5 pjes\u00eb p\u00ebrmes nj\u00eb shpejt\u00ebsie t\u00eb lart\u00eb p\u00ebrpunimi, por gjithashtu k\u00ebrkojn\u00eb opsione q\u00eb zgjerojn\u00eb kapacitetin e analizatorit n\u00eb form\u00ebn e retikulociteve, eritrociteve t\u00eb b\u00ebrthamuara, num\u00ebrimit t\u00eb trombociteve me fluorescenc\u00eb, etj., p\u00ebr nj\u00eb aplikim m\u00eb t\u00eb gjer\u00eb klinik dhe k\u00ebrkimor. Nga ana tjet\u00ebr, ata jan\u00eb t\u00eb kufizuar nga buxhete t\u00eb limituara. BC-6800 mund t\u00eb ndihmoj\u00eb n\u00eb p\u00ebrmbushjen e t\u00eb gjitha k\u00ebtyre nevojave n\u00eb m\u00ebnyr\u00eb t\u00eb p\u00ebrkryer, madje edhe t\u00eb tejkaloj\u00eb pritshm\u00ebrit\u00eb.","og_url":"https:\/\/innolabix.com\/sq\/produkte\/bc-6800\/","og_site_name":"Innolabix","twitter_card":"summary_large_image","schema":{"@context":"https:\/\/schema.org","@graph":[{"@type":"WebPage","@id":"https:\/\/innolabix.com\/sq\/produkte\/bc-6800\/","url":"https:\/\/innolabix.com\/sq\/produkte\/bc-6800\/","name":"BC-6800 - Innolabix","isPartOf":{"@id":"https:\/\/innolabix.com\/sq\/#website"},"primaryImageOfPage":{"@id":"https:\/\/innolabix.com\/sq\/produkte\/bc-6800\/#primaryimage"},"image":{"@id":"https:\/\/innolabix.com\/sq\/produkte\/bc-6800\/#primaryimage"},"thumbnailUrl":"https:\/\/innolabix.com\/wp-content\/uploads\/2025\/05\/BC-6800.jpg","datePublished":"2025-05-28T07:43:11+00:00","breadcrumb":{"@id":"https:\/\/innolabix.com\/sq\/produkte\/bc-6800\/#breadcrumb"},"inLanguage":"sq-AL","potentialAction":[{"@type":"ReadAction","target":["https:\/\/innolabix.com\/sq\/produkte\/bc-6800\/"]}]},{"@type":"ImageObject","inLanguage":"sq-AL","@id":"https:\/\/innolabix.com\/sq\/produkte\/bc-6800\/#primaryimage","url":"https:\/\/innolabix.com\/wp-content\/uploads\/2025\/05\/BC-6800.jpg","contentUrl":"https:\/\/innolabix.com\/wp-content\/uploads\/2025\/05\/BC-6800.jpg","width":875,"height":872},{"@type":"BreadcrumbList","@id":"https:\/\/innolabix.com\/sq\/produkte\/bc-6800\/#breadcrumb","itemListElement":[{"@type":"ListItem","position":1,"name":"Home","item":"https:\/\/innolabix.com\/sq\/"},{"@type":"ListItem","position":2,"name":"Products","item":"https:\/\/innolabix.com\/sq\/produkte\/"},{"@type":"ListItem","position":3,"name":"BC-6800"}]},{"@type":"WebSite","@id":"https:\/\/innolabix.com\/sq\/#website","url":"https:\/\/innolabix.com\/sq\/","name":"Innolabix","description":"","potentialAction":[{"@type":"SearchAction","target":{"@type":"EntryPoint","urlTemplate":"https:\/\/innolabix.com\/sq\/?s={search_term_string}"},"query-input":{"@type":"PropertyValueSpecification","valueRequired":true,"valueName":"search_term_string"}}],"inLanguage":"sq-AL"}]}},"_links":{"self":[{"href":"https:\/\/innolabix.com\/sq\/wp-json\/wp\/v2\/product\/2146","targetHints":{"allow":["GET"]}}],"collection":[{"href":"https:\/\/innolabix.com\/sq\/wp-json\/wp\/v2\/product"}],"about":[{"href":"https:\/\/innolabix.com\/sq\/wp-json\/wp\/v2\/types\/product"}],"wp:featuredmedia":[{"embeddable":true,"href":"https:\/\/innolabix.com\/sq\/wp-json\/wp\/v2\/media\/1695"}],"wp:attachment":[{"href":"https:\/\/innolabix.com\/sq\/wp-json\/wp\/v2\/media?parent=2146"}],"wp:term":[{"taxonomy":"product_category","embeddable":true,"href":"https:\/\/innolabix.com\/sq\/wp-json\/wp\/v2\/product_category?post=2146"},{"taxonomy":"product_tag","embeddable":true,"href":"https:\/\/innolabix.com\/sq\/wp-json\/wp\/v2\/product_tag?post=2146"}],"curies":[{"name":"wp","href":"https:\/\/api.w.org\/{rel}","templated":true}]}}