{"id":2145,"date":"2025-05-27T14:31:08","date_gmt":"2025-05-27T14:31:08","guid":{"rendered":"https:\/\/innolabix.com\/products\/bc-6000\/"},"modified":"2025-09-22T12:17:31","modified_gmt":"2025-09-22T12:17:31","slug":"bc-6000","status":"publish","type":"product","link":"https:\/\/innolabix.com\/sq\/produkte\/bc-6000\/","title":{"rendered":"BC-6000"},"content":{"rendered":"<p>N\u00eb Mindray, ne p\u00ebrpiqemi t\u00eb kuptojm\u00eb nevojat e \u00e7do klienti dhe t\u00eb ofrojm\u00eb zgjidhje t\u00eb p\u00ebrshtatura sipas nevojave tona. N\u00eb laborator\u00ebt e sot\u00ebm, menaxher\u00ebt e laborator\u00ebve po k\u00ebrkojn\u00eb nj\u00eb analizues me vlera klinike m\u00eb t\u00eb m\u00ebdha, si\u00e7 \u00ebsht\u00eb efikasitet m\u00eb i lart\u00eb i sinjalizimit p\u00ebr t\u00eb zvog\u00ebluar raportin e ekzaminimit mikroskopik, rezultatet e NRBC\/l\u00ebngjeve trupore t\u00eb gjeneruara n\u00eb nj\u00eb sistem me gjurm\u00eb t\u00eb vog\u00ebl, nd\u00ebr t\u00eb tjera, t\u00eb gjitha brenda nj\u00eb buxheti t\u00eb kufizuar. Mindray BC-6000 i p\u00ebrmbush t\u00eb gjitha k\u00ebto k\u00ebrkesa klinike dhe tejkalon pritjet tuaja!<\/p>\n","protected":false},"excerpt":{"rendered":"<p>N\u00eb Mindray, ne p\u00ebrpiqemi t\u00eb kuptojm\u00eb nevojat e \u00e7do klienti dhe t\u00eb ofrojm\u00eb zgjidhje t\u00eb p\u00ebrshtatura sipas nevojave tona. N\u00eb laborator\u00ebt e sot\u00ebm, menaxher\u00ebt e laborator\u00ebve po k\u00ebrkojn\u00eb nj\u00eb analizues me vlera klinike m\u00eb t\u00eb m\u00ebdha, si\u00e7 \u00ebsht\u00eb efikasitet m\u00eb i lart\u00eb i sinjalizimit p\u00ebr t\u00eb zvog\u00ebluar raportin e ekzaminimit mikroskopik, rezultatet e NRBC\/l\u00ebngjeve trupore [&hellip;]<\/p>\n","protected":false},"featured_media":1690,"template":"","product_category":[51,50],"product_tag":[],"class_list":["post-2145","product","type-product","status-publish","has-post-thumbnail","hentry","product_category-diferencim-i-avancuar-5-pjesesh","product_category-hematologjia"],"acf":[],"yoast_head":"<!-- This site is optimized with the Yoast SEO plugin v25.3 - https:\/\/yoast.com\/wordpress\/plugins\/seo\/ -->\n<title>BC-6000 - Innolabix<\/title>\n<meta name=\"robots\" content=\"index, follow, max-snippet:-1, max-image-preview:large, max-video-preview:-1\" \/>\n<link rel=\"canonical\" href=\"https:\/\/innolabix.com\/sq\/produkte\/bc-6000\/\" \/>\n<meta property=\"og:locale\" content=\"sq_AL\" \/>\n<meta property=\"og:type\" content=\"article\" \/>\n<meta property=\"og:title\" content=\"BC-6000 - Innolabix\" \/>\n<meta property=\"og:description\" content=\"N\u00eb Mindray, ne p\u00ebrpiqemi t\u00eb kuptojm\u00eb nevojat e \u00e7do klienti dhe t\u00eb ofrojm\u00eb zgjidhje t\u00eb p\u00ebrshtatura sipas nevojave tona. N\u00eb laborator\u00ebt e sot\u00ebm, menaxher\u00ebt e laborator\u00ebve po k\u00ebrkojn\u00eb nj\u00eb analizues me vlera klinike m\u00eb t\u00eb m\u00ebdha, si\u00e7 \u00ebsht\u00eb efikasitet m\u00eb i lart\u00eb i sinjalizimit p\u00ebr t\u00eb zvog\u00ebluar raportin e ekzaminimit mikroskopik, rezultatet e NRBC\/l\u00ebngjeve trupore [&hellip;]\" \/>\n<meta property=\"og:url\" content=\"https:\/\/innolabix.com\/sq\/produkte\/bc-6000\/\" \/>\n<meta property=\"og:site_name\" content=\"Innolabix\" \/>\n<meta property=\"article:modified_time\" content=\"2025-09-22T12:17:31+00:00\" \/>\n<meta property=\"og:image\" content=\"https:\/\/innolabix.com\/wp-content\/uploads\/2025\/05\/BC-6000.jpg\" \/>\n\t<meta property=\"og:image:width\" content=\"875\" \/>\n\t<meta property=\"og:image:height\" content=\"872\" \/>\n\t<meta property=\"og:image:type\" content=\"image\/jpeg\" \/>\n<meta name=\"twitter:card\" content=\"summary_large_image\" \/>\n<meta name=\"twitter:label1\" content=\"Est. reading time\" \/>\n\t<meta name=\"twitter:data1\" content=\"1 minute\" \/>\n<script type=\"application\/ld+json\" class=\"yoast-schema-graph\">{\"@context\":\"https:\/\/schema.org\",\"@graph\":[{\"@type\":\"WebPage\",\"@id\":\"https:\/\/innolabix.com\/sq\/produkte\/bc-6000\/\",\"url\":\"https:\/\/innolabix.com\/sq\/produkte\/bc-6000\/\",\"name\":\"BC-6000 - Innolabix\",\"isPartOf\":{\"@id\":\"https:\/\/innolabix.com\/sq\/#website\"},\"primaryImageOfPage\":{\"@id\":\"https:\/\/innolabix.com\/sq\/produkte\/bc-6000\/#primaryimage\"},\"image\":{\"@id\":\"https:\/\/innolabix.com\/sq\/produkte\/bc-6000\/#primaryimage\"},\"thumbnailUrl\":\"https:\/\/innolabix.com\/wp-content\/uploads\/2025\/05\/BC-6000.jpg\",\"datePublished\":\"2025-05-27T14:31:08+00:00\",\"dateModified\":\"2025-09-22T12:17:31+00:00\",\"breadcrumb\":{\"@id\":\"https:\/\/innolabix.com\/sq\/produkte\/bc-6000\/#breadcrumb\"},\"inLanguage\":\"sq-AL\",\"potentialAction\":[{\"@type\":\"ReadAction\",\"target\":[\"https:\/\/innolabix.com\/sq\/produkte\/bc-6000\/\"]}]},{\"@type\":\"ImageObject\",\"inLanguage\":\"sq-AL\",\"@id\":\"https:\/\/innolabix.com\/sq\/produkte\/bc-6000\/#primaryimage\",\"url\":\"https:\/\/innolabix.com\/wp-content\/uploads\/2025\/05\/BC-6000.jpg\",\"contentUrl\":\"https:\/\/innolabix.com\/wp-content\/uploads\/2025\/05\/BC-6000.jpg\",\"width\":875,\"height\":872},{\"@type\":\"BreadcrumbList\",\"@id\":\"https:\/\/innolabix.com\/sq\/produkte\/bc-6000\/#breadcrumb\",\"itemListElement\":[{\"@type\":\"ListItem\",\"position\":1,\"name\":\"Home\",\"item\":\"https:\/\/innolabix.com\/sq\/\"},{\"@type\":\"ListItem\",\"position\":2,\"name\":\"Products\",\"item\":\"https:\/\/innolabix.com\/sq\/produkte\/\"},{\"@type\":\"ListItem\",\"position\":3,\"name\":\"BC-6000\"}]},{\"@type\":\"WebSite\",\"@id\":\"https:\/\/innolabix.com\/sq\/#website\",\"url\":\"https:\/\/innolabix.com\/sq\/\",\"name\":\"Innolabix\",\"description\":\"\",\"potentialAction\":[{\"@type\":\"SearchAction\",\"target\":{\"@type\":\"EntryPoint\",\"urlTemplate\":\"https:\/\/innolabix.com\/sq\/?s={search_term_string}\"},\"query-input\":{\"@type\":\"PropertyValueSpecification\",\"valueRequired\":true,\"valueName\":\"search_term_string\"}}],\"inLanguage\":\"sq-AL\"}]}<\/script>\n<!-- \/ Yoast SEO plugin. -->","yoast_head_json":{"title":"BC-6000 - Innolabix","robots":{"index":"index","follow":"follow","max-snippet":"max-snippet:-1","max-image-preview":"max-image-preview:large","max-video-preview":"max-video-preview:-1"},"canonical":"https:\/\/innolabix.com\/sq\/produkte\/bc-6000\/","og_locale":"sq_AL","og_type":"article","og_title":"BC-6000 - Innolabix","og_description":"N\u00eb Mindray, ne p\u00ebrpiqemi t\u00eb kuptojm\u00eb nevojat e \u00e7do klienti dhe t\u00eb ofrojm\u00eb zgjidhje t\u00eb p\u00ebrshtatura sipas nevojave tona. N\u00eb laborator\u00ebt e sot\u00ebm, menaxher\u00ebt e laborator\u00ebve po k\u00ebrkojn\u00eb nj\u00eb analizues me vlera klinike m\u00eb t\u00eb m\u00ebdha, si\u00e7 \u00ebsht\u00eb efikasitet m\u00eb i lart\u00eb i sinjalizimit p\u00ebr t\u00eb zvog\u00ebluar raportin e ekzaminimit mikroskopik, rezultatet e NRBC\/l\u00ebngjeve trupore [&hellip;]","og_url":"https:\/\/innolabix.com\/sq\/produkte\/bc-6000\/","og_site_name":"Innolabix","article_modified_time":"2025-09-22T12:17:31+00:00","og_image":[{"width":875,"height":872,"url":"https:\/\/innolabix.com\/wp-content\/uploads\/2025\/05\/BC-6000.jpg","type":"image\/jpeg"}],"twitter_card":"summary_large_image","twitter_misc":{"Est. reading time":"1 minute"},"schema":{"@context":"https:\/\/schema.org","@graph":[{"@type":"WebPage","@id":"https:\/\/innolabix.com\/sq\/produkte\/bc-6000\/","url":"https:\/\/innolabix.com\/sq\/produkte\/bc-6000\/","name":"BC-6000 - Innolabix","isPartOf":{"@id":"https:\/\/innolabix.com\/sq\/#website"},"primaryImageOfPage":{"@id":"https:\/\/innolabix.com\/sq\/produkte\/bc-6000\/#primaryimage"},"image":{"@id":"https:\/\/innolabix.com\/sq\/produkte\/bc-6000\/#primaryimage"},"thumbnailUrl":"https:\/\/innolabix.com\/wp-content\/uploads\/2025\/05\/BC-6000.jpg","datePublished":"2025-05-27T14:31:08+00:00","dateModified":"2025-09-22T12:17:31+00:00","breadcrumb":{"@id":"https:\/\/innolabix.com\/sq\/produkte\/bc-6000\/#breadcrumb"},"inLanguage":"sq-AL","potentialAction":[{"@type":"ReadAction","target":["https:\/\/innolabix.com\/sq\/produkte\/bc-6000\/"]}]},{"@type":"ImageObject","inLanguage":"sq-AL","@id":"https:\/\/innolabix.com\/sq\/produkte\/bc-6000\/#primaryimage","url":"https:\/\/innolabix.com\/wp-content\/uploads\/2025\/05\/BC-6000.jpg","contentUrl":"https:\/\/innolabix.com\/wp-content\/uploads\/2025\/05\/BC-6000.jpg","width":875,"height":872},{"@type":"BreadcrumbList","@id":"https:\/\/innolabix.com\/sq\/produkte\/bc-6000\/#breadcrumb","itemListElement":[{"@type":"ListItem","position":1,"name":"Home","item":"https:\/\/innolabix.com\/sq\/"},{"@type":"ListItem","position":2,"name":"Products","item":"https:\/\/innolabix.com\/sq\/produkte\/"},{"@type":"ListItem","position":3,"name":"BC-6000"}]},{"@type":"WebSite","@id":"https:\/\/innolabix.com\/sq\/#website","url":"https:\/\/innolabix.com\/sq\/","name":"Innolabix","description":"","potentialAction":[{"@type":"SearchAction","target":{"@type":"EntryPoint","urlTemplate":"https:\/\/innolabix.com\/sq\/?s={search_term_string}"},"query-input":{"@type":"PropertyValueSpecification","valueRequired":true,"valueName":"search_term_string"}}],"inLanguage":"sq-AL"}]}},"_links":{"self":[{"href":"https:\/\/innolabix.com\/sq\/wp-json\/wp\/v2\/product\/2145","targetHints":{"allow":["GET"]}}],"collection":[{"href":"https:\/\/innolabix.com\/sq\/wp-json\/wp\/v2\/product"}],"about":[{"href":"https:\/\/innolabix.com\/sq\/wp-json\/wp\/v2\/types\/product"}],"wp:featuredmedia":[{"embeddable":true,"href":"https:\/\/innolabix.com\/sq\/wp-json\/wp\/v2\/media\/1690"}],"wp:attachment":[{"href":"https:\/\/innolabix.com\/sq\/wp-json\/wp\/v2\/media?parent=2145"}],"wp:term":[{"taxonomy":"product_category","embeddable":true,"href":"https:\/\/innolabix.com\/sq\/wp-json\/wp\/v2\/product_category?post=2145"},{"taxonomy":"product_tag","embeddable":true,"href":"https:\/\/innolabix.com\/sq\/wp-json\/wp\/v2\/product_tag?post=2145"}],"curies":[{"name":"wp","href":"https:\/\/api.w.org\/{rel}","templated":true}]}}