{"id":2144,"date":"2025-06-05T07:50:58","date_gmt":"2025-06-05T07:50:58","guid":{"rendered":"https:\/\/innolabix.com\/products\/bc-5390-crp-bc-5310-crp\/"},"modified":"2025-06-05T07:50:58","modified_gmt":"2025-06-05T07:50:58","slug":"bc-5390-crp-bc-5310-crp","status":"publish","type":"product","link":"https:\/\/innolabix.com\/sq\/produkte\/bc-5390-crp-bc-5310-crp\/","title":{"rendered":"BC-5390 CRP\/BC-5310 CRP"},"content":{"rendered":"<p>Duke kombinuar teknologjin\u00eb e p\u00ebrparuar t\u00eb analiz\u00ebs hematologjike dhe imunoturbidimetris\u00eb s\u00eb lateksit, BC-5390 CRP\/BC-5310 CRP k\u00ebrkon vet\u00ebm 35 \u03bcl gjak nga nj\u00eb tub i vet\u00ebm gjaku, p\u00ebr t\u00eb dh\u00ebn\u00eb nj\u00ebkoh\u00ebsisht rezultate t\u00eb diferencimit 5-pjes\u00ebsh t\u00eb leukociteve t\u00eb bardha dhe FR-CRP me nj\u00eb shpejt\u00ebsi prej 60 mostrash\/or\u00eb.<\/p>\n","protected":false},"excerpt":{"rendered":"<p>Duke kombinuar teknologjin\u00eb e p\u00ebrparuar t\u00eb analiz\u00ebs hematologjike dhe imunoturbidimetris\u00eb s\u00eb lateksit, BC-5390 CRP\/BC-5310 CRP k\u00ebrkon vet\u00ebm 35 \u03bcl gjak nga nj\u00eb tub i vet\u00ebm gjaku, p\u00ebr t\u00eb dh\u00ebn\u00eb nj\u00ebkoh\u00ebsisht rezultate t\u00eb diferencimit 5-pjes\u00ebsh t\u00eb leukociteve t\u00eb bardha dhe FR-CRP me nj\u00eb shpejt\u00ebsi prej 60 mostrash\/or\u00eb.<\/p>\n","protected":false},"featured_media":1686,"template":"","product_category":[51,50],"product_tag":[],"class_list":["post-2144","product","type-product","status-publish","has-post-thumbnail","hentry","product_category-diferencim-i-avancuar-5-pjesesh","product_category-hematologjia"],"acf":[],"yoast_head":"<!-- This site is optimized with the Yoast SEO plugin v25.3 - https:\/\/yoast.com\/wordpress\/plugins\/seo\/ -->\n<title>BC-5390 CRP\/BC-5310 CRP - Innolabix<\/title>\n<meta name=\"robots\" content=\"index, follow, max-snippet:-1, max-image-preview:large, max-video-preview:-1\" \/>\n<link rel=\"canonical\" href=\"https:\/\/innolabix.com\/sq\/produkte\/bc-5390-crp-bc-5310-crp\/\" \/>\n<meta property=\"og:locale\" content=\"sq_AL\" \/>\n<meta property=\"og:type\" content=\"article\" \/>\n<meta property=\"og:title\" content=\"BC-5390 CRP\/BC-5310 CRP - Innolabix\" \/>\n<meta property=\"og:description\" content=\"Duke kombinuar teknologjin\u00eb e p\u00ebrparuar t\u00eb analiz\u00ebs hematologjike dhe imunoturbidimetris\u00eb s\u00eb lateksit, BC-5390 CRP\/BC-5310 CRP k\u00ebrkon vet\u00ebm 35 \u03bcl gjak nga nj\u00eb tub i vet\u00ebm gjaku, p\u00ebr t\u00eb dh\u00ebn\u00eb nj\u00ebkoh\u00ebsisht rezultate t\u00eb diferencimit 5-pjes\u00ebsh t\u00eb leukociteve t\u00eb bardha dhe FR-CRP me nj\u00eb shpejt\u00ebsi prej 60 mostrash\/or\u00eb.\" \/>\n<meta property=\"og:url\" content=\"https:\/\/innolabix.com\/sq\/produkte\/bc-5390-crp-bc-5310-crp\/\" \/>\n<meta property=\"og:site_name\" content=\"Innolabix\" \/>\n<meta name=\"twitter:card\" content=\"summary_large_image\" \/>\n<script type=\"application\/ld+json\" class=\"yoast-schema-graph\">{\"@context\":\"https:\/\/schema.org\",\"@graph\":[{\"@type\":\"WebPage\",\"@id\":\"https:\/\/innolabix.com\/sq\/produkte\/bc-5390-crp-bc-5310-crp\/\",\"url\":\"https:\/\/innolabix.com\/sq\/produkte\/bc-5390-crp-bc-5310-crp\/\",\"name\":\"BC-5390 CRP\/BC-5310 CRP - Innolabix\",\"isPartOf\":{\"@id\":\"https:\/\/innolabix.com\/sq\/#website\"},\"primaryImageOfPage\":{\"@id\":\"https:\/\/innolabix.com\/sq\/produkte\/bc-5390-crp-bc-5310-crp\/#primaryimage\"},\"image\":{\"@id\":\"https:\/\/innolabix.com\/sq\/produkte\/bc-5390-crp-bc-5310-crp\/#primaryimage\"},\"thumbnailUrl\":\"https:\/\/innolabix.com\/wp-content\/uploads\/2025\/05\/BC-5390-CRP-BC-5310-CRP.jpg\",\"datePublished\":\"2025-06-05T07:50:58+00:00\",\"breadcrumb\":{\"@id\":\"https:\/\/innolabix.com\/sq\/produkte\/bc-5390-crp-bc-5310-crp\/#breadcrumb\"},\"inLanguage\":\"sq-AL\",\"potentialAction\":[{\"@type\":\"ReadAction\",\"target\":[\"https:\/\/innolabix.com\/sq\/produkte\/bc-5390-crp-bc-5310-crp\/\"]}]},{\"@type\":\"ImageObject\",\"inLanguage\":\"sq-AL\",\"@id\":\"https:\/\/innolabix.com\/sq\/produkte\/bc-5390-crp-bc-5310-crp\/#primaryimage\",\"url\":\"https:\/\/innolabix.com\/wp-content\/uploads\/2025\/05\/BC-5390-CRP-BC-5310-CRP.jpg\",\"contentUrl\":\"https:\/\/innolabix.com\/wp-content\/uploads\/2025\/05\/BC-5390-CRP-BC-5310-CRP.jpg\",\"width\":875,\"height\":872},{\"@type\":\"BreadcrumbList\",\"@id\":\"https:\/\/innolabix.com\/sq\/produkte\/bc-5390-crp-bc-5310-crp\/#breadcrumb\",\"itemListElement\":[{\"@type\":\"ListItem\",\"position\":1,\"name\":\"Home\",\"item\":\"https:\/\/innolabix.com\/sq\/\"},{\"@type\":\"ListItem\",\"position\":2,\"name\":\"Products\",\"item\":\"https:\/\/innolabix.com\/sq\/produkte\/\"},{\"@type\":\"ListItem\",\"position\":3,\"name\":\"BC-5390 CRP\/BC-5310 CRP\"}]},{\"@type\":\"WebSite\",\"@id\":\"https:\/\/innolabix.com\/sq\/#website\",\"url\":\"https:\/\/innolabix.com\/sq\/\",\"name\":\"Innolabix\",\"description\":\"\",\"potentialAction\":[{\"@type\":\"SearchAction\",\"target\":{\"@type\":\"EntryPoint\",\"urlTemplate\":\"https:\/\/innolabix.com\/sq\/?s={search_term_string}\"},\"query-input\":{\"@type\":\"PropertyValueSpecification\",\"valueRequired\":true,\"valueName\":\"search_term_string\"}}],\"inLanguage\":\"sq-AL\"}]}<\/script>\n<!-- \/ Yoast SEO plugin. -->","yoast_head_json":{"title":"BC-5390 CRP\/BC-5310 CRP - Innolabix","robots":{"index":"index","follow":"follow","max-snippet":"max-snippet:-1","max-image-preview":"max-image-preview:large","max-video-preview":"max-video-preview:-1"},"canonical":"https:\/\/innolabix.com\/sq\/produkte\/bc-5390-crp-bc-5310-crp\/","og_locale":"sq_AL","og_type":"article","og_title":"BC-5390 CRP\/BC-5310 CRP - Innolabix","og_description":"Duke kombinuar teknologjin\u00eb e p\u00ebrparuar t\u00eb analiz\u00ebs hematologjike dhe imunoturbidimetris\u00eb s\u00eb lateksit, BC-5390 CRP\/BC-5310 CRP k\u00ebrkon vet\u00ebm 35 \u03bcl gjak nga nj\u00eb tub i vet\u00ebm gjaku, p\u00ebr t\u00eb dh\u00ebn\u00eb nj\u00ebkoh\u00ebsisht rezultate t\u00eb diferencimit 5-pjes\u00ebsh t\u00eb leukociteve t\u00eb bardha dhe FR-CRP me nj\u00eb shpejt\u00ebsi prej 60 mostrash\/or\u00eb.","og_url":"https:\/\/innolabix.com\/sq\/produkte\/bc-5390-crp-bc-5310-crp\/","og_site_name":"Innolabix","twitter_card":"summary_large_image","schema":{"@context":"https:\/\/schema.org","@graph":[{"@type":"WebPage","@id":"https:\/\/innolabix.com\/sq\/produkte\/bc-5390-crp-bc-5310-crp\/","url":"https:\/\/innolabix.com\/sq\/produkte\/bc-5390-crp-bc-5310-crp\/","name":"BC-5390 CRP\/BC-5310 CRP - Innolabix","isPartOf":{"@id":"https:\/\/innolabix.com\/sq\/#website"},"primaryImageOfPage":{"@id":"https:\/\/innolabix.com\/sq\/produkte\/bc-5390-crp-bc-5310-crp\/#primaryimage"},"image":{"@id":"https:\/\/innolabix.com\/sq\/produkte\/bc-5390-crp-bc-5310-crp\/#primaryimage"},"thumbnailUrl":"https:\/\/innolabix.com\/wp-content\/uploads\/2025\/05\/BC-5390-CRP-BC-5310-CRP.jpg","datePublished":"2025-06-05T07:50:58+00:00","breadcrumb":{"@id":"https:\/\/innolabix.com\/sq\/produkte\/bc-5390-crp-bc-5310-crp\/#breadcrumb"},"inLanguage":"sq-AL","potentialAction":[{"@type":"ReadAction","target":["https:\/\/innolabix.com\/sq\/produkte\/bc-5390-crp-bc-5310-crp\/"]}]},{"@type":"ImageObject","inLanguage":"sq-AL","@id":"https:\/\/innolabix.com\/sq\/produkte\/bc-5390-crp-bc-5310-crp\/#primaryimage","url":"https:\/\/innolabix.com\/wp-content\/uploads\/2025\/05\/BC-5390-CRP-BC-5310-CRP.jpg","contentUrl":"https:\/\/innolabix.com\/wp-content\/uploads\/2025\/05\/BC-5390-CRP-BC-5310-CRP.jpg","width":875,"height":872},{"@type":"BreadcrumbList","@id":"https:\/\/innolabix.com\/sq\/produkte\/bc-5390-crp-bc-5310-crp\/#breadcrumb","itemListElement":[{"@type":"ListItem","position":1,"name":"Home","item":"https:\/\/innolabix.com\/sq\/"},{"@type":"ListItem","position":2,"name":"Products","item":"https:\/\/innolabix.com\/sq\/produkte\/"},{"@type":"ListItem","position":3,"name":"BC-5390 CRP\/BC-5310 CRP"}]},{"@type":"WebSite","@id":"https:\/\/innolabix.com\/sq\/#website","url":"https:\/\/innolabix.com\/sq\/","name":"Innolabix","description":"","potentialAction":[{"@type":"SearchAction","target":{"@type":"EntryPoint","urlTemplate":"https:\/\/innolabix.com\/sq\/?s={search_term_string}"},"query-input":{"@type":"PropertyValueSpecification","valueRequired":true,"valueName":"search_term_string"}}],"inLanguage":"sq-AL"}]}},"_links":{"self":[{"href":"https:\/\/innolabix.com\/sq\/wp-json\/wp\/v2\/product\/2144","targetHints":{"allow":["GET"]}}],"collection":[{"href":"https:\/\/innolabix.com\/sq\/wp-json\/wp\/v2\/product"}],"about":[{"href":"https:\/\/innolabix.com\/sq\/wp-json\/wp\/v2\/types\/product"}],"wp:featuredmedia":[{"embeddable":true,"href":"https:\/\/innolabix.com\/sq\/wp-json\/wp\/v2\/media\/1686"}],"wp:attachment":[{"href":"https:\/\/innolabix.com\/sq\/wp-json\/wp\/v2\/media?parent=2144"}],"wp:term":[{"taxonomy":"product_category","embeddable":true,"href":"https:\/\/innolabix.com\/sq\/wp-json\/wp\/v2\/product_category?post=2144"},{"taxonomy":"product_tag","embeddable":true,"href":"https:\/\/innolabix.com\/sq\/wp-json\/wp\/v2\/product_tag?post=2144"}],"curies":[{"name":"wp","href":"https:\/\/api.w.org\/{rel}","templated":true}]}}