{"id":2143,"date":"2025-06-05T08:00:15","date_gmt":"2025-06-05T08:00:15","guid":{"rendered":"https:\/\/innolabix.com\/products\/bc-5150\/"},"modified":"2025-06-05T08:00:15","modified_gmt":"2025-06-05T08:00:15","slug":"bc-5150","status":"publish","type":"product","link":"https:\/\/innolabix.com\/sq\/produkte\/bc-5150\/","title":{"rendered":"BC-5150"},"content":{"rendered":"<p>Bazuar n\u00eb inovacionin e vazhduesh\u00ebm t\u00eb Mindray n\u00eb fush\u00ebn e hematologjis\u00eb, BC-5150 \u00ebsht\u00eb p\u00ebrshtatur posa\u00e7\u00ebrisht p\u00ebr t\u00eb ndihmuar laborator\u00ebt diagnostikues q\u00eb kan\u00eb nevoj\u00eb p\u00ebr rezultate t\u00eb plota t\u00eb CBC + 5 pjes\u00eb, me nj\u00eb v\u00ebllim relativisht t\u00eb ul\u00ebt t\u00eb mostrave ditore, hap\u00ebsir\u00eb \u200b\u200bt\u00eb kufizuar laboratorike dhe buxhet t\u00eb ngusht\u00eb.<\/p>\n","protected":false},"excerpt":{"rendered":"<p>Bazuar n\u00eb inovacionin e vazhduesh\u00ebm t\u00eb Mindray n\u00eb fush\u00ebn e hematologjis\u00eb, BC-5150 \u00ebsht\u00eb p\u00ebrshtatur posa\u00e7\u00ebrisht p\u00ebr t\u00eb ndihmuar laborator\u00ebt diagnostikues q\u00eb kan\u00eb nevoj\u00eb p\u00ebr rezultate t\u00eb plota t\u00eb CBC + 5 pjes\u00eb, me nj\u00eb v\u00ebllim relativisht t\u00eb ul\u00ebt t\u00eb mostrave ditore, hap\u00ebsir\u00eb \u200b\u200bt\u00eb kufizuar laboratorike dhe buxhet t\u00eb ngusht\u00eb.<\/p>\n","protected":false},"featured_media":1684,"template":"","product_category":[51,50],"product_tag":[],"class_list":["post-2143","product","type-product","status-publish","has-post-thumbnail","hentry","product_category-diferencim-i-avancuar-5-pjesesh","product_category-hematologjia"],"acf":[],"yoast_head":"<!-- This site is optimized with the Yoast SEO plugin v25.3 - https:\/\/yoast.com\/wordpress\/plugins\/seo\/ -->\n<title>BC-5150 - Innolabix<\/title>\n<meta name=\"robots\" content=\"index, follow, max-snippet:-1, max-image-preview:large, max-video-preview:-1\" \/>\n<link rel=\"canonical\" href=\"https:\/\/innolabix.com\/sq\/produkte\/bc-5150\/\" \/>\n<meta property=\"og:locale\" content=\"sq_AL\" \/>\n<meta property=\"og:type\" content=\"article\" \/>\n<meta property=\"og:title\" content=\"BC-5150 - Innolabix\" \/>\n<meta property=\"og:description\" content=\"Bazuar n\u00eb inovacionin e vazhduesh\u00ebm t\u00eb Mindray n\u00eb fush\u00ebn e hematologjis\u00eb, BC-5150 \u00ebsht\u00eb p\u00ebrshtatur posa\u00e7\u00ebrisht p\u00ebr t\u00eb ndihmuar laborator\u00ebt diagnostikues q\u00eb kan\u00eb nevoj\u00eb p\u00ebr rezultate t\u00eb plota t\u00eb CBC + 5 pjes\u00eb, me nj\u00eb v\u00ebllim relativisht t\u00eb ul\u00ebt t\u00eb mostrave ditore, hap\u00ebsir\u00eb \u200b\u200bt\u00eb kufizuar laboratorike dhe buxhet t\u00eb ngusht\u00eb.\" \/>\n<meta property=\"og:url\" content=\"https:\/\/innolabix.com\/sq\/produkte\/bc-5150\/\" \/>\n<meta property=\"og:site_name\" content=\"Innolabix\" \/>\n<meta name=\"twitter:card\" content=\"summary_large_image\" \/>\n<script type=\"application\/ld+json\" class=\"yoast-schema-graph\">{\"@context\":\"https:\/\/schema.org\",\"@graph\":[{\"@type\":\"WebPage\",\"@id\":\"https:\/\/innolabix.com\/sq\/produkte\/bc-5150\/\",\"url\":\"https:\/\/innolabix.com\/sq\/produkte\/bc-5150\/\",\"name\":\"BC-5150 - Innolabix\",\"isPartOf\":{\"@id\":\"https:\/\/innolabix.com\/sq\/#website\"},\"primaryImageOfPage\":{\"@id\":\"https:\/\/innolabix.com\/sq\/produkte\/bc-5150\/#primaryimage\"},\"image\":{\"@id\":\"https:\/\/innolabix.com\/sq\/produkte\/bc-5150\/#primaryimage\"},\"thumbnailUrl\":\"https:\/\/innolabix.com\/wp-content\/uploads\/2025\/05\/BC-5150.png\",\"datePublished\":\"2025-06-05T08:00:15+00:00\",\"breadcrumb\":{\"@id\":\"https:\/\/innolabix.com\/sq\/produkte\/bc-5150\/#breadcrumb\"},\"inLanguage\":\"sq-AL\",\"potentialAction\":[{\"@type\":\"ReadAction\",\"target\":[\"https:\/\/innolabix.com\/sq\/produkte\/bc-5150\/\"]}]},{\"@type\":\"ImageObject\",\"inLanguage\":\"sq-AL\",\"@id\":\"https:\/\/innolabix.com\/sq\/produkte\/bc-5150\/#primaryimage\",\"url\":\"https:\/\/innolabix.com\/wp-content\/uploads\/2025\/05\/BC-5150.png\",\"contentUrl\":\"https:\/\/innolabix.com\/wp-content\/uploads\/2025\/05\/BC-5150.png\",\"width\":875,\"height\":872},{\"@type\":\"BreadcrumbList\",\"@id\":\"https:\/\/innolabix.com\/sq\/produkte\/bc-5150\/#breadcrumb\",\"itemListElement\":[{\"@type\":\"ListItem\",\"position\":1,\"name\":\"Home\",\"item\":\"https:\/\/innolabix.com\/sq\/\"},{\"@type\":\"ListItem\",\"position\":2,\"name\":\"Products\",\"item\":\"https:\/\/innolabix.com\/sq\/produkte\/\"},{\"@type\":\"ListItem\",\"position\":3,\"name\":\"BC-5150\"}]},{\"@type\":\"WebSite\",\"@id\":\"https:\/\/innolabix.com\/sq\/#website\",\"url\":\"https:\/\/innolabix.com\/sq\/\",\"name\":\"Innolabix\",\"description\":\"\",\"potentialAction\":[{\"@type\":\"SearchAction\",\"target\":{\"@type\":\"EntryPoint\",\"urlTemplate\":\"https:\/\/innolabix.com\/sq\/?s={search_term_string}\"},\"query-input\":{\"@type\":\"PropertyValueSpecification\",\"valueRequired\":true,\"valueName\":\"search_term_string\"}}],\"inLanguage\":\"sq-AL\"}]}<\/script>\n<!-- \/ Yoast SEO plugin. -->","yoast_head_json":{"title":"BC-5150 - Innolabix","robots":{"index":"index","follow":"follow","max-snippet":"max-snippet:-1","max-image-preview":"max-image-preview:large","max-video-preview":"max-video-preview:-1"},"canonical":"https:\/\/innolabix.com\/sq\/produkte\/bc-5150\/","og_locale":"sq_AL","og_type":"article","og_title":"BC-5150 - Innolabix","og_description":"Bazuar n\u00eb inovacionin e vazhduesh\u00ebm t\u00eb Mindray n\u00eb fush\u00ebn e hematologjis\u00eb, BC-5150 \u00ebsht\u00eb p\u00ebrshtatur posa\u00e7\u00ebrisht p\u00ebr t\u00eb ndihmuar laborator\u00ebt diagnostikues q\u00eb kan\u00eb nevoj\u00eb p\u00ebr rezultate t\u00eb plota t\u00eb CBC + 5 pjes\u00eb, me nj\u00eb v\u00ebllim relativisht t\u00eb ul\u00ebt t\u00eb mostrave ditore, hap\u00ebsir\u00eb \u200b\u200bt\u00eb kufizuar laboratorike dhe buxhet t\u00eb ngusht\u00eb.","og_url":"https:\/\/innolabix.com\/sq\/produkte\/bc-5150\/","og_site_name":"Innolabix","twitter_card":"summary_large_image","schema":{"@context":"https:\/\/schema.org","@graph":[{"@type":"WebPage","@id":"https:\/\/innolabix.com\/sq\/produkte\/bc-5150\/","url":"https:\/\/innolabix.com\/sq\/produkte\/bc-5150\/","name":"BC-5150 - Innolabix","isPartOf":{"@id":"https:\/\/innolabix.com\/sq\/#website"},"primaryImageOfPage":{"@id":"https:\/\/innolabix.com\/sq\/produkte\/bc-5150\/#primaryimage"},"image":{"@id":"https:\/\/innolabix.com\/sq\/produkte\/bc-5150\/#primaryimage"},"thumbnailUrl":"https:\/\/innolabix.com\/wp-content\/uploads\/2025\/05\/BC-5150.png","datePublished":"2025-06-05T08:00:15+00:00","breadcrumb":{"@id":"https:\/\/innolabix.com\/sq\/produkte\/bc-5150\/#breadcrumb"},"inLanguage":"sq-AL","potentialAction":[{"@type":"ReadAction","target":["https:\/\/innolabix.com\/sq\/produkte\/bc-5150\/"]}]},{"@type":"ImageObject","inLanguage":"sq-AL","@id":"https:\/\/innolabix.com\/sq\/produkte\/bc-5150\/#primaryimage","url":"https:\/\/innolabix.com\/wp-content\/uploads\/2025\/05\/BC-5150.png","contentUrl":"https:\/\/innolabix.com\/wp-content\/uploads\/2025\/05\/BC-5150.png","width":875,"height":872},{"@type":"BreadcrumbList","@id":"https:\/\/innolabix.com\/sq\/produkte\/bc-5150\/#breadcrumb","itemListElement":[{"@type":"ListItem","position":1,"name":"Home","item":"https:\/\/innolabix.com\/sq\/"},{"@type":"ListItem","position":2,"name":"Products","item":"https:\/\/innolabix.com\/sq\/produkte\/"},{"@type":"ListItem","position":3,"name":"BC-5150"}]},{"@type":"WebSite","@id":"https:\/\/innolabix.com\/sq\/#website","url":"https:\/\/innolabix.com\/sq\/","name":"Innolabix","description":"","potentialAction":[{"@type":"SearchAction","target":{"@type":"EntryPoint","urlTemplate":"https:\/\/innolabix.com\/sq\/?s={search_term_string}"},"query-input":{"@type":"PropertyValueSpecification","valueRequired":true,"valueName":"search_term_string"}}],"inLanguage":"sq-AL"}]}},"_links":{"self":[{"href":"https:\/\/innolabix.com\/sq\/wp-json\/wp\/v2\/product\/2143","targetHints":{"allow":["GET"]}}],"collection":[{"href":"https:\/\/innolabix.com\/sq\/wp-json\/wp\/v2\/product"}],"about":[{"href":"https:\/\/innolabix.com\/sq\/wp-json\/wp\/v2\/types\/product"}],"wp:featuredmedia":[{"embeddable":true,"href":"https:\/\/innolabix.com\/sq\/wp-json\/wp\/v2\/media\/1684"}],"wp:attachment":[{"href":"https:\/\/innolabix.com\/sq\/wp-json\/wp\/v2\/media?parent=2143"}],"wp:term":[{"taxonomy":"product_category","embeddable":true,"href":"https:\/\/innolabix.com\/sq\/wp-json\/wp\/v2\/product_category?post=2143"},{"taxonomy":"product_tag","embeddable":true,"href":"https:\/\/innolabix.com\/sq\/wp-json\/wp\/v2\/product_tag?post=2143"}],"curies":[{"name":"wp","href":"https:\/\/api.w.org\/{rel}","templated":true}]}}