{"id":1908,"date":"2025-04-11T13:03:14","date_gmt":"2025-04-11T13:03:14","guid":{"rendered":"https:\/\/innolabix.evolvestudio.de\/contact-us\/"},"modified":"2025-06-24T12:18:33","modified_gmt":"2025-06-24T12:18:33","slug":"kontakt","status":"publish","type":"page","link":"https:\/\/innolabix.com\/sq\/kontakt\/","title":{"rendered":"Kontakt"},"content":{"rendered":"\t\t<div data-elementor-type=\"wp-page\" data-elementor-id=\"1908\" class=\"elementor elementor-1908 elementor-548\" data-elementor-post-type=\"page\">\n\t\t\t\t<div class=\"elementor-element elementor-element-1be76c15 e-flex e-con-boxed e-con e-parent\" data-id=\"1be76c15\" data-element_type=\"container\" data-settings=\"{&quot;background_background&quot;:&quot;classic&quot;}\">\n\t\t\t\t\t<div class=\"e-con-inner\">\n\t\t\t\t<div class=\"elementor-element elementor-element-4dc922a1 elementor-widget elementor-widget-heading\" data-id=\"4dc922a1\" data-element_type=\"widget\" data-widget_type=\"heading.default\">\n\t\t\t\t<div class=\"elementor-widget-container\">\n\t\t\t\t\t<h2 class=\"elementor-heading-title elementor-size-default\">Kontakt<\/h2>\t\t\t\t<\/div>\n\t\t\t\t<\/div>\n\t\t\t\t\t<\/div>\n\t\t\t\t<\/div>\n\t\t<div class=\"elementor-element elementor-element-1b24929a e-flex e-con-boxed e-con e-parent\" data-id=\"1b24929a\" data-element_type=\"container\">\n\t\t\t\t\t<div class=\"e-con-inner\">\n\t\t<div class=\"elementor-element elementor-element-2c4680c4 e-con-full e-flex e-con e-child\" data-id=\"2c4680c4\" data-element_type=\"container\">\n\t\t<div class=\"elementor-element elementor-element-32c9bec2 e-flex e-con-boxed e-con e-child\" data-id=\"32c9bec2\" data-element_type=\"container\">\n\t\t\t\t\t<div class=\"e-con-inner\">\n\t\t\t\t<div class=\"elementor-element elementor-element-7a90c5c8 whater-drop elementor-view-default elementor-widget elementor-widget-icon\" data-id=\"7a90c5c8\" data-element_type=\"widget\" data-widget_type=\"icon.default\">\n\t\t\t\t<div class=\"elementor-widget-container\">\n\t\t\t\t\t\t\t<div class=\"elementor-icon-wrapper\">\n\t\t\t<div class=\"elementor-icon\">\n\t\t\t<svg xmlns=\"http:\/\/www.w3.org\/2000\/svg\" xmlns:xlink=\"http:\/\/www.w3.org\/1999\/xlink\" width=\"512\" height=\"512\" x=\"0\" y=\"0\" viewBox=\"0 0 32 32\" style=\"enable-background:new 0 0 512 512\" xml:space=\"preserve\" class=\"\">  <g>    <path d=\"M23 4c-3 0-5 2.16-6 3.81C16 6.16 14 4 11 4a7 7 0 0 0-7 6.93 12.92 12.92 0 0 0 .44 3.33 1 1 0 0 0 1.93-.52A10.89 10.89 0 0 1 6 10.93 5 5 0 0 1 11 6c3.4 0 5 4.3 5.06 4.35a1 1 0 0 0 1.88 0S19.58 6 23 6a5 5 0 0 1 5 4.93A12.1 12.1 0 0 1 26.25 17h-2.68l-2.71-4.51A1 1 0 0 0 20 12a1 1 0 0 0-.86.5l-3.2 5.6-3.1-4.65A1 1 0 0 0 12 13a1 1 0 0 0-.83.4L8.5 17H3a1 1 0 0 0 0 2h6a1 1 0 0 0 .8-.4l2.2-2.87 3.22 4.82A1 1 0 0 0 16 21a1 1 0 0 0 .83-.5L20 15l2.12 3.54A1 1 0 0 0 23 19h1.9a30.18 30.18 0 0 1-7.9 6.84 32.17 32.17 0 0 1-5.31-4 1 1 0 0 0-1.37 1.46 32.9 32.9 0 0 0 6.21 4.59 1 1 0 0 0 1 0C18 27.6 30 21 30 10.93A7 7 0 0 0 23 4Z\" fill=\"#008462\" opacity=\"1\" data-original=\"#000000\" class=\"\"><\/path>  <\/g><\/svg>\t\t\t<\/div>\n\t\t<\/div>\n\t\t\t\t\t\t<\/div>\n\t\t\t\t<\/div>\n\t\t\t\t<div class=\"elementor-element elementor-element-1269f248 elementor-widget elementor-widget-text-editor\" data-id=\"1269f248\" data-element_type=\"widget\" data-widget_type=\"text-editor.default\">\n\t\t\t\t<div class=\"elementor-widget-container\">\n\t\t\t\t\t\t\t\t\tNa kontaktoni n\u00ebse keni ndonj\u00eb pyetje rreth kompanis\u00eb ton\u00eb, produkteve dhe sh\u00ebrbimeve tona. Presim me padurim t&#8217;ju ndihmojm\u00eb!\t\t\t\t\t\t\t\t<\/div>\n\t\t\t\t<\/div>\n\t\t\t\t<div class=\"elementor-element elementor-element-25efa82f elementor-widget elementor-widget-text-editor\" data-id=\"25efa82f\" data-element_type=\"widget\" data-widget_type=\"text-editor.default\">\n\t\t\t\t<div class=\"elementor-widget-container\">\n\t\t\t\t\t\t\t\t\tcontact@innolabix.com\t\t\t\t\t\t\t\t<\/div>\n\t\t\t\t<\/div>\n\t\t\t\t<div class=\"elementor-element elementor-element-f6c8110 elementor-widget elementor-widget-text-editor\" data-id=\"f6c8110\" data-element_type=\"widget\" data-widget_type=\"text-editor.default\">\n\t\t\t\t<div class=\"elementor-widget-container\">\n\t\t\t\t\t\t\t\t\tRruga \u201cKongresi i Manastirit\u201d kompleksi ASL Tirane, Albania\t\t\t\t\t\t\t\t<\/div>\n\t\t\t\t<\/div>\n\t\t\t\t<div class=\"elementor-element elementor-element-366aab74 elementor-widget elementor-widget-text-editor\" data-id=\"366aab74\" data-element_type=\"widget\" data-widget_type=\"text-editor.default\">\n\t\t\t\t<div class=\"elementor-widget-container\">\n\t\t\t\t\t\t\t\t\t<a style=\"color: #0089cd;\" href=\"tel:+355692042664\">+355 69 204 2664<\/a>\t\t\t\t\t\t\t\t<\/div>\n\t\t\t\t<\/div>\n\t\t\t\t\t<\/div>\n\t\t\t\t<\/div>\n\t\t\t\t<\/div>\n\t\t<div class=\"elementor-element elementor-element-3dda480e e-con-full e-flex e-con e-child\" data-id=\"3dda480e\" data-element_type=\"container\">\n\t\t<div class=\"elementor-element elementor-element-34223e48 e-flex e-con-boxed e-con e-child\" data-id=\"34223e48\" data-element_type=\"container\">\n\t\t\t\t\t<div class=\"e-con-inner\">\n\t\t\t\t<div class=\"elementor-element elementor-element-ff1983 elementor-widget elementor-widget-text-editor\" data-id=\"ff1983\" data-element_type=\"widget\" data-widget_type=\"text-editor.default\">\n\t\t\t\t<div class=\"elementor-widget-container\">\n\t\t\t\t\t\t\t\t\tPlot\u00ebsoni formularin\t\t\t\t\t\t\t\t<\/div>\n\t\t\t\t<\/div>\n\t\t\t\t\t<\/div>\n\t\t\t\t<\/div>\n\t\t<div class=\"elementor-element elementor-element-441d92a5 e-flex e-con-boxed e-con e-child\" data-id=\"441d92a5\" data-element_type=\"container\">\n\t\t\t\t\t<div class=\"e-con-inner\">\n\t\t\t\t<div class=\"elementor-element elementor-element-9f65ec6 form-home elementor-button-align-stretch elementor-widget elementor-widget-form\" data-id=\"9f65ec6\" data-element_type=\"widget\" data-settings=\"{&quot;step_next_label&quot;:&quot;Next&quot;,&quot;step_previous_label&quot;:&quot;Previous&quot;,&quot;button_width&quot;:&quot;100&quot;,&quot;step_type&quot;:&quot;number_text&quot;,&quot;step_icon_shape&quot;:&quot;circle&quot;}\" data-widget_type=\"form.default\">\n\t\t\t\t<div class=\"elementor-widget-container\">\n\t\t\t\t\t\t\t<form class=\"elementor-form\" method=\"post\" name=\"Forma di contatti home\">\n\t\t\t<input type=\"hidden\" name=\"post_id\" value=\"1908\"\/>\n\t\t\t<input type=\"hidden\" name=\"form_id\" value=\"9f65ec6\"\/>\n\t\t\t<input type=\"hidden\" name=\"referer_title\" value=\"Kontakto Innolabix | Ekspert\u00eb t\u00eb Diagnostik\u00ebs IVD\" \/>\n\n\t\t\t\t\t\t\t<input type=\"hidden\" name=\"queried_id\" value=\"1908\"\/>\n\t\t\t\n\t\t\t<div class=\"elementor-form-fields-wrapper elementor-labels-\">\n\t\t\t\t\t\t\t\t<div class=\"elementor-field-type-text elementor-field-group elementor-column elementor-field-group-name elementor-col-50\">\n\t\t\t\t\t\t\t\t\t\t\t\t<label for=\"form-field-name\" class=\"elementor-field-label elementor-screen-only\">\n\t\t\t\t\t\t\t\tEmri\t\t\t\t\t\t\t<\/label>\n\t\t\t\t\t\t\t\t\t\t\t\t\t\t<input size=\"1\" type=\"text\" name=\"form_fields[name]\" id=\"form-field-name\" class=\"elementor-field elementor-size-sm  elementor-field-textual\" placeholder=\"Emri\">\n\t\t\t\t\t\t\t\t\t\t\t<\/div>\n\t\t\t\t\t\t\t\t<div class=\"elementor-field-type-text elementor-field-group elementor-column elementor-field-group-name elementor-col-50\">\n\t\t\t\t\t\t\t\t\t\t\t\t<label for=\"form-field-name\" class=\"elementor-field-label elementor-screen-only\">\n\t\t\t\t\t\t\t\tMbiermi\t\t\t\t\t\t\t<\/label>\n\t\t\t\t\t\t\t\t\t\t\t\t\t\t<input size=\"1\" type=\"text\" name=\"form_fields[name]\" id=\"form-field-name\" class=\"elementor-field elementor-size-sm  elementor-field-textual\" placeholder=\"Mbiermi\">\n\t\t\t\t\t\t\t\t\t\t\t<\/div>\n\t\t\t\t\t\t\t\t<div class=\"elementor-field-type-email elementor-field-group elementor-column elementor-field-group-email elementor-col-50 elementor-field-required\">\n\t\t\t\t\t\t\t\t\t\t\t\t<label for=\"form-field-email\" class=\"elementor-field-label elementor-screen-only\">\n\t\t\t\t\t\t\t\tEmail\t\t\t\t\t\t\t<\/label>\n\t\t\t\t\t\t\t\t\t\t\t\t\t\t<input size=\"1\" type=\"email\" name=\"form_fields[email]\" id=\"form-field-email\" class=\"elementor-field elementor-size-sm  elementor-field-textual\" placeholder=\"Email\" required=\"required\">\n\t\t\t\t\t\t\t\t\t\t\t<\/div>\n\t\t\t\t\t\t\t\t<div class=\"elementor-field-type-text elementor-field-group elementor-column elementor-field-group-name elementor-col-50\">\n\t\t\t\t\t\t\t\t\t\t\t\t<label for=\"form-field-name\" class=\"elementor-field-label elementor-screen-only\">\n\t\t\t\t\t\t\t\tNumri Telefonit\t\t\t\t\t\t\t<\/label>\n\t\t\t\t\t\t\t\t\t\t\t\t\t\t<input size=\"1\" type=\"text\" name=\"form_fields[name]\" id=\"form-field-name\" class=\"elementor-field elementor-size-sm  elementor-field-textual\" placeholder=\"Numri Telefonit\">\n\t\t\t\t\t\t\t\t\t\t\t<\/div>\n\t\t\t\t\t\t\t\t<div class=\"elementor-field-type-text elementor-field-group elementor-column elementor-field-group-name elementor-col-100\">\n\t\t\t\t\t\t\t\t\t\t\t\t<label for=\"form-field-name\" class=\"elementor-field-label elementor-screen-only\">\n\t\t\t\t\t\t\t\tP\u00ebr \u00e7far\u00eb sh\u00ebrbimi ose produkti jeni t\u00eb interesuar?\t\t\t\t\t\t\t<\/label>\n\t\t\t\t\t\t\t\t\t\t\t\t\t\t<input size=\"1\" type=\"text\" name=\"form_fields[name]\" id=\"form-field-name\" class=\"elementor-field elementor-size-sm  elementor-field-textual\" placeholder=\"P\u00ebr \u00e7far\u00eb sh\u00ebrbimi ose produkti jeni t\u00eb interesuar?\">\n\t\t\t\t\t\t\t\t\t\t\t<\/div>\n\t\t\t\t\t\t\t\t<div class=\"elementor-field-type-textarea elementor-field-group elementor-column elementor-field-group-message elementor-col-100\">\n\t\t\t\t\t\t\t\t\t\t\t\t<label for=\"form-field-message\" class=\"elementor-field-label elementor-screen-only\">\n\t\t\t\t\t\t\t\tMesazhi\t\t\t\t\t\t\t<\/label>\n\t\t\t\t\t\t<textarea class=\"elementor-field-textual elementor-field  elementor-size-sm\" name=\"form_fields[message]\" id=\"form-field-message\" rows=\"4\" placeholder=\"Mesazhi\"><\/textarea>\t\t\t\t<\/div>\n\t\t\t\t\t\t\t\t<div class=\"elementor-field-group elementor-column elementor-field-type-submit elementor-col-100 e-form__buttons\">\n\t\t\t\t\t<button class=\"elementor-button elementor-size-sm\" type=\"submit\">\n\t\t\t\t\t\t<span class=\"elementor-button-content-wrapper\">\n\t\t\t\t\t\t\t\t\t\t\t\t\t\t\t\t\t\t\t\t\t\t<span class=\"elementor-button-text\">D\u00ebrgoni k\u00ebrkes\u00ebn<\/span>\n\t\t\t\t\t\t\t\t\t\t\t\t\t<\/span>\n\t\t\t\t\t<\/button>\n\t\t\t\t<\/div>\n\t\t\t<\/div>\n\t\t<\/form>\n\t\t\t\t\t\t<\/div>\n\t\t\t\t<\/div>\n\t\t\t\t\t<\/div>\n\t\t\t\t<\/div>\n\t\t\t\t<\/div>\n\t\t\t\t\t<\/div>\n\t\t\t\t<\/div>\n\t\t<div class=\"elementor-element elementor-element-6db0cc2 e-con-full e-flex e-con e-parent\" data-id=\"6db0cc2\" data-element_type=\"container\">\n\t\t\t\t<div class=\"elementor-element elementor-element-899a8b5 elementor-widget elementor-widget-html\" data-id=\"899a8b5\" data-element_type=\"widget\" data-widget_type=\"html.default\">\n\t\t\t\t<div class=\"elementor-widget-container\">\n\t\t\t\t\t<iframe src=\"https:\/\/www.google.com\/maps\/embed?pb=!1m17!1m12!1m3!1d3266.6948905508702!2d19.836996062834274!3d41.339908852530925!2m3!1f0!2f0!3f0!3m2!1i1024!2i768!4f13.1!3m2!1m1!2zNDHCsDIwJzIzLjgiTiAxOcKwNTAnMjAuOSJF!5e0!3m2!1sen!2s!4v1750663565223!5m2!1sen!2s\" width=\"600\" height=\"450\" style=\"border:0;\" allowfullscreen=\"\" loading=\"lazy\" referrerpolicy=\"no-referrer-when-downgrade\"><\/iframe>\t\t\t\t<\/div>\n\t\t\t\t<\/div>\n\t\t\t\t<\/div>\n\t\t<div class=\"elementor-element elementor-element-51bced49 macchinariusati e-flex e-con-boxed e-con e-parent\" data-id=\"51bced49\" data-element_type=\"container\" data-settings=\"{&quot;background_background&quot;:&quot;classic&quot;}\">\n\t\t\t\t\t<div class=\"e-con-inner\">\n\t\t<div class=\"elementor-element elementor-element-4c754705 e-flex e-con-boxed e-con e-child\" data-id=\"4c754705\" data-element_type=\"container\">\n\t\t\t\t\t<div class=\"e-con-inner\">\n\t\t\t\t<div class=\"elementor-element elementor-element-5ac96600 elementor-widget elementor-widget-heading\" data-id=\"5ac96600\" data-element_type=\"widget\" data-widget_type=\"heading.default\">\n\t\t\t\t<div class=\"elementor-widget-container\">\n\t\t\t\t\t<h2 class=\"elementor-heading-title elementor-size-default\">Mos humbisni asnje lajm<\/h2>\t\t\t\t<\/div>\n\t\t\t\t<\/div>\n\t\t\t\t<div class=\"elementor-element elementor-element-37d95576 elementor-widget elementor-widget-heading\" data-id=\"37d95576\" data-element_type=\"widget\" data-widget_type=\"heading.default\">\n\t\t\t\t<div class=\"elementor-widget-container\">\n\t\t\t\t\t<h2 class=\"elementor-heading-title elementor-size-default\">Abonohuni n\u00eb buletinin ton\u00eb<\/h2>\t\t\t\t<\/div>\n\t\t\t\t<\/div>\n\t\t\t\t\t<\/div>\n\t\t\t\t<\/div>\n\t\t<div class=\"elementor-element elementor-element-5982fa85 e-flex e-con-boxed e-con e-child\" data-id=\"5982fa85\" data-element_type=\"container\">\n\t\t\t\t\t<div class=\"e-con-inner\">\n\t\t\t\t<div class=\"elementor-element elementor-element-11a4902 form-home elementor-button-align-stretch elementor-widget elementor-widget-form\" data-id=\"11a4902\" data-element_type=\"widget\" data-settings=\"{&quot;step_next_label&quot;:&quot;Next&quot;,&quot;step_previous_label&quot;:&quot;Previous&quot;,&quot;button_width&quot;:&quot;30&quot;,&quot;step_type&quot;:&quot;number_text&quot;,&quot;step_icon_shape&quot;:&quot;circle&quot;}\" data-widget_type=\"form.default\">\n\t\t\t\t<div class=\"elementor-widget-container\">\n\t\t\t\t\t\t\t<form class=\"elementor-form\" method=\"post\" name=\"Forma di contatti home\">\n\t\t\t<input type=\"hidden\" name=\"post_id\" value=\"1908\"\/>\n\t\t\t<input type=\"hidden\" name=\"form_id\" value=\"11a4902\"\/>\n\t\t\t<input type=\"hidden\" name=\"referer_title\" value=\"Kontakto Innolabix | Ekspert\u00eb t\u00eb Diagnostik\u00ebs IVD\" \/>\n\n\t\t\t\t\t\t\t<input type=\"hidden\" name=\"queried_id\" value=\"1908\"\/>\n\t\t\t\n\t\t\t<div class=\"elementor-form-fields-wrapper elementor-labels-\">\n\t\t\t\t\t\t\t\t<div class=\"elementor-field-type-email elementor-field-group elementor-column elementor-field-group-email elementor-col-70 elementor-field-required\">\n\t\t\t\t\t\t\t\t\t\t\t\t<label for=\"form-field-email\" class=\"elementor-field-label elementor-screen-only\">\n\t\t\t\t\t\t\t\tEmail Juaj\t\t\t\t\t\t\t<\/label>\n\t\t\t\t\t\t\t\t\t\t\t\t\t\t<input size=\"1\" type=\"email\" name=\"form_fields[email]\" id=\"form-field-email\" class=\"elementor-field elementor-size-sm  elementor-field-textual\" placeholder=\"Email Juaj\" required=\"required\">\n\t\t\t\t\t\t\t\t\t\t\t<\/div>\n\t\t\t\t\t\t\t\t<div class=\"elementor-field-group elementor-column elementor-field-type-submit elementor-col-30 e-form__buttons\">\n\t\t\t\t\t<button class=\"elementor-button elementor-size-sm\" type=\"submit\">\n\t\t\t\t\t\t<span class=\"elementor-button-content-wrapper\">\n\t\t\t\t\t\t\t\t\t\t\t\t\t\t\t<span class=\"elementor-button-icon\">\n\t\t\t\t\t\t\t\t\t<svg xmlns=\"http:\/\/www.w3.org\/2000\/svg\" width=\"24.581\" height=\"20.413\" viewBox=\"0 0 24.581 20.413\"><path id=\"noun-paper-plane-2029387\" d=\"M24.856,127.709a30.953,30.953,0,0,0,3.44-2.154c1.525-.987,7.149-4.666,8.495-5.444,3.47-1.944-6.042,6.012-8.255,8.255-.538.568-1.077.927-1.436,1.316-.359.449-.479,2.961-.538,3.619l-1.7-5.593ZM41.845,117.6c-.12.718-1.316,6.042-1.555,7.268-.509,2.423-1.017,4.786-1.525,7.208-.718,3.529-.628,6.012-3.29,4.128-1.256-.9-4.008-3.021-5.085-3.679-1.2,1.047-3.948,4.636-4.726,2.3-.419-1.2-1.735-5.743-2.213-6.491l-4.816-1.525c-3.26-.987.15-2.184,1.466-2.662l20.279-7.567c1.017-.389,1.466.03,1.466,1.017Z\" transform=\"translate(-17.264 -116.438)\" fill=\"#fff\" fill-rule=\"evenodd\"><\/path><\/svg>\t\t\t\t\t\t\t\t\t\t\t\t\t\t\t\t\t<\/span>\n\t\t\t\t\t\t\t\t\t\t\t\t\t\t\t\t\t\t\t\t\t\t<span class=\"elementor-button-text\">Abonohu<\/span>\n\t\t\t\t\t\t\t\t\t\t\t\t\t<\/span>\n\t\t\t\t\t<\/button>\n\t\t\t\t<\/div>\n\t\t\t<\/div>\n\t\t<\/form>\n\t\t\t\t\t\t<\/div>\n\t\t\t\t<\/div>\n\t\t\t\t\t<\/div>\n\t\t\t\t<\/div>\n\t\t\t\t\t<\/div>\n\t\t\t\t<\/div>\n\t\t\t\t<\/div>\n\t\t","protected":false},"excerpt":{"rendered":"<p>Na kontaktoni n\u00ebse keni ndonj\u00eb pyetje rreth kompanis\u00eb ton\u00eb, produkteve dhe sh\u00ebrbimeve tona. Presim me padurim t&#8217;ju ndihmojm\u00eb!contact@innolabix.comRruga \u201cKongresi i Manastirit\u201d kompleksi ASL Tirane, Albania+355 69 204 2664Plot\u00ebsoni formularin Mos humbisni asnje lajm Abonohuni n\u00eb buletinin ton\u00eb<\/p>\n","protected":false},"author":1,"featured_media":0,"parent":0,"menu_order":0,"comment_status":"closed","ping_status":"closed","template":"elementor_header_footer","meta":{"inline_featured_image":false,"footnotes":""},"class_list":["post-1908","page","type-page","status-publish","hentry"],"acf":[],"yoast_head":"<!-- This site is optimized with the Yoast SEO plugin v25.3 - https:\/\/yoast.com\/wordpress\/plugins\/seo\/ -->\n<title>Kontakto Innolabix | Ekspert\u00eb t\u00eb Diagnostik\u00ebs IVD<\/title>\n<meta name=\"description\" content=\"Na kontaktoni p\u00ebr zgjidhje t\u00eb besueshme diagnostikuese Mindray. Jemi k\u00ebtu p\u00ebr informacione, mb\u00ebshtetje teknike dhe bashk\u00ebpunime n\u00eb Shqip\u00ebri.\" \/>\n<meta name=\"robots\" content=\"index, follow, max-snippet:-1, max-image-preview:large, max-video-preview:-1\" \/>\n<link rel=\"canonical\" href=\"https:\/\/innolabix.com\/sq\/kontakt\/\" \/>\n<meta property=\"og:locale\" content=\"sq_AL\" \/>\n<meta property=\"og:type\" content=\"article\" \/>\n<meta property=\"og:title\" content=\"Kontakto Innolabix | Ekspert\u00eb t\u00eb Diagnostik\u00ebs IVD\" \/>\n<meta property=\"og:description\" content=\"Na kontaktoni p\u00ebr zgjidhje t\u00eb besueshme diagnostikuese Mindray. Jemi k\u00ebtu p\u00ebr informacione, mb\u00ebshtetje teknike dhe bashk\u00ebpunime n\u00eb Shqip\u00ebri.\" \/>\n<meta property=\"og:url\" content=\"https:\/\/innolabix.com\/sq\/kontakt\/\" \/>\n<meta property=\"og:site_name\" content=\"Innolabix\" \/>\n<meta property=\"article:modified_time\" content=\"2025-06-24T12:18:33+00:00\" \/>\n<meta name=\"twitter:card\" content=\"summary_large_image\" \/>\n<meta name=\"twitter:label1\" content=\"Est. reading time\" \/>\n\t<meta name=\"twitter:data1\" content=\"1 minute\" \/>\n<script type=\"application\/ld+json\" class=\"yoast-schema-graph\">{\"@context\":\"https:\/\/schema.org\",\"@graph\":[{\"@type\":\"WebPage\",\"@id\":\"https:\/\/innolabix.com\/sq\/kontakt\/\",\"url\":\"https:\/\/innolabix.com\/sq\/kontakt\/\",\"name\":\"Kontakto Innolabix | Ekspert\u00eb t\u00eb Diagnostik\u00ebs IVD\",\"isPartOf\":{\"@id\":\"https:\/\/innolabix.com\/sq\/#website\"},\"datePublished\":\"2025-04-11T13:03:14+00:00\",\"dateModified\":\"2025-06-24T12:18:33+00:00\",\"description\":\"Na kontaktoni p\u00ebr zgjidhje t\u00eb besueshme diagnostikuese Mindray. Jemi k\u00ebtu p\u00ebr informacione, mb\u00ebshtetje teknike dhe bashk\u00ebpunime n\u00eb Shqip\u00ebri.\",\"breadcrumb\":{\"@id\":\"https:\/\/innolabix.com\/sq\/kontakt\/#breadcrumb\"},\"inLanguage\":\"sq-AL\",\"potentialAction\":[{\"@type\":\"ReadAction\",\"target\":[\"https:\/\/innolabix.com\/sq\/kontakt\/\"]}]},{\"@type\":\"BreadcrumbList\",\"@id\":\"https:\/\/innolabix.com\/sq\/kontakt\/#breadcrumb\",\"itemListElement\":[{\"@type\":\"ListItem\",\"position\":1,\"name\":\"Home\",\"item\":\"https:\/\/innolabix.com\/sq\/\"},{\"@type\":\"ListItem\",\"position\":2,\"name\":\"Kontakt\"}]},{\"@type\":\"WebSite\",\"@id\":\"https:\/\/innolabix.com\/sq\/#website\",\"url\":\"https:\/\/innolabix.com\/sq\/\",\"name\":\"Innolabix\",\"description\":\"\",\"potentialAction\":[{\"@type\":\"SearchAction\",\"target\":{\"@type\":\"EntryPoint\",\"urlTemplate\":\"https:\/\/innolabix.com\/sq\/?s={search_term_string}\"},\"query-input\":{\"@type\":\"PropertyValueSpecification\",\"valueRequired\":true,\"valueName\":\"search_term_string\"}}],\"inLanguage\":\"sq-AL\"}]}<\/script>\n<!-- \/ Yoast SEO plugin. -->","yoast_head_json":{"title":"Kontakto Innolabix | Ekspert\u00eb t\u00eb Diagnostik\u00ebs IVD","description":"Na kontaktoni p\u00ebr zgjidhje t\u00eb besueshme diagnostikuese Mindray. Jemi k\u00ebtu p\u00ebr informacione, mb\u00ebshtetje teknike dhe bashk\u00ebpunime n\u00eb Shqip\u00ebri.","robots":{"index":"index","follow":"follow","max-snippet":"max-snippet:-1","max-image-preview":"max-image-preview:large","max-video-preview":"max-video-preview:-1"},"canonical":"https:\/\/innolabix.com\/sq\/kontakt\/","og_locale":"sq_AL","og_type":"article","og_title":"Kontakto Innolabix | Ekspert\u00eb t\u00eb Diagnostik\u00ebs IVD","og_description":"Na kontaktoni p\u00ebr zgjidhje t\u00eb besueshme diagnostikuese Mindray. Jemi k\u00ebtu p\u00ebr informacione, mb\u00ebshtetje teknike dhe bashk\u00ebpunime n\u00eb Shqip\u00ebri.","og_url":"https:\/\/innolabix.com\/sq\/kontakt\/","og_site_name":"Innolabix","article_modified_time":"2025-06-24T12:18:33+00:00","twitter_card":"summary_large_image","twitter_misc":{"Est. reading time":"1 minute"},"schema":{"@context":"https:\/\/schema.org","@graph":[{"@type":"WebPage","@id":"https:\/\/innolabix.com\/sq\/kontakt\/","url":"https:\/\/innolabix.com\/sq\/kontakt\/","name":"Kontakto Innolabix | Ekspert\u00eb t\u00eb Diagnostik\u00ebs IVD","isPartOf":{"@id":"https:\/\/innolabix.com\/sq\/#website"},"datePublished":"2025-04-11T13:03:14+00:00","dateModified":"2025-06-24T12:18:33+00:00","description":"Na kontaktoni p\u00ebr zgjidhje t\u00eb besueshme diagnostikuese Mindray. Jemi k\u00ebtu p\u00ebr informacione, mb\u00ebshtetje teknike dhe bashk\u00ebpunime n\u00eb Shqip\u00ebri.","breadcrumb":{"@id":"https:\/\/innolabix.com\/sq\/kontakt\/#breadcrumb"},"inLanguage":"sq-AL","potentialAction":[{"@type":"ReadAction","target":["https:\/\/innolabix.com\/sq\/kontakt\/"]}]},{"@type":"BreadcrumbList","@id":"https:\/\/innolabix.com\/sq\/kontakt\/#breadcrumb","itemListElement":[{"@type":"ListItem","position":1,"name":"Home","item":"https:\/\/innolabix.com\/sq\/"},{"@type":"ListItem","position":2,"name":"Kontakt"}]},{"@type":"WebSite","@id":"https:\/\/innolabix.com\/sq\/#website","url":"https:\/\/innolabix.com\/sq\/","name":"Innolabix","description":"","potentialAction":[{"@type":"SearchAction","target":{"@type":"EntryPoint","urlTemplate":"https:\/\/innolabix.com\/sq\/?s={search_term_string}"},"query-input":{"@type":"PropertyValueSpecification","valueRequired":true,"valueName":"search_term_string"}}],"inLanguage":"sq-AL"}]}},"_links":{"self":[{"href":"https:\/\/innolabix.com\/sq\/wp-json\/wp\/v2\/pages\/1908","targetHints":{"allow":["GET"]}}],"collection":[{"href":"https:\/\/innolabix.com\/sq\/wp-json\/wp\/v2\/pages"}],"about":[{"href":"https:\/\/innolabix.com\/sq\/wp-json\/wp\/v2\/types\/page"}],"author":[{"embeddable":true,"href":"https:\/\/innolabix.com\/sq\/wp-json\/wp\/v2\/users\/1"}],"replies":[{"embeddable":true,"href":"https:\/\/innolabix.com\/sq\/wp-json\/wp\/v2\/comments?post=1908"}],"version-history":[{"count":12,"href":"https:\/\/innolabix.com\/sq\/wp-json\/wp\/v2\/pages\/1908\/revisions"}],"predecessor-version":[{"id":2021,"href":"https:\/\/innolabix.com\/sq\/wp-json\/wp\/v2\/pages\/1908\/revisions\/2021"}],"wp:attachment":[{"href":"https:\/\/innolabix.com\/sq\/wp-json\/wp\/v2\/media?parent=1908"}],"curies":[{"name":"wp","href":"https:\/\/api.w.org\/{rel}","templated":true}]}}