{"id":1901,"date":"2025-05-23T10:36:23","date_gmt":"2025-05-23T10:36:23","guid":{"rendered":"https:\/\/innolabix.evolvestudio.de\/careers\/"},"modified":"2025-06-24T12:22:07","modified_gmt":"2025-06-24T12:22:07","slug":"karriera","status":"publish","type":"page","link":"https:\/\/innolabix.com\/sq\/karriera\/","title":{"rendered":"Karriera"},"content":{"rendered":"\t\t<div data-elementor-type=\"wp-page\" data-elementor-id=\"1901\" class=\"elementor elementor-1901 elementor-807\" data-elementor-post-type=\"page\">\n\t\t\t\t<div class=\"elementor-element elementor-element-0d6d36f e-flex e-con-boxed e-con e-parent\" data-id=\"0d6d36f\" data-element_type=\"container\">\n\t\t\t\t\t<div class=\"e-con-inner\">\n\t\t<div class=\"elementor-element elementor-element-15b274f e-con-full e-flex e-con e-child\" data-id=\"15b274f\" data-element_type=\"container\">\n\t\t<div class=\"elementor-element elementor-element-ac4d576 e-con-full e-flex e-con e-child\" data-id=\"ac4d576\" data-element_type=\"container\" data-settings=\"{&quot;background_background&quot;:&quot;classic&quot;}\">\n\t\t\t\t<div class=\"elementor-element elementor-element-6058746 elementor-widget elementor-widget-image\" data-id=\"6058746\" data-element_type=\"widget\" data-widget_type=\"image.default\">\n\t\t\t\t<div class=\"elementor-widget-container\">\n\t\t\t\t\t\t\t\t\t\t\t\t\t\t\t<img fetchpriority=\"high\" decoding=\"async\" width=\"635\" height=\"160\" src=\"https:\/\/innolabix.com\/wp-content\/uploads\/2025\/04\/Logo.png\" class=\"attachment-full size-full wp-image-1624\" alt=\"\" srcset=\"https:\/\/innolabix.com\/wp-content\/uploads\/2025\/04\/Logo.png 635w, https:\/\/innolabix.com\/wp-content\/uploads\/2025\/04\/Logo-300x76.png 300w\" sizes=\"(max-width: 635px) 100vw, 635px\" \/>\t\t\t\t\t\t\t\t\t\t\t\t\t\t\t<\/div>\n\t\t\t\t<\/div>\n\t\t\t\t<\/div>\n\t\t<div class=\"elementor-element elementor-element-ff62841 e-con-full e-flex e-con e-child\" data-id=\"ff62841\" data-element_type=\"container\" data-settings=\"{&quot;background_background&quot;:&quot;classic&quot;}\">\n\t\t\t\t<div class=\"elementor-element elementor-element-ffef7ab elementor-widget elementor-widget-heading\" data-id=\"ffef7ab\" data-element_type=\"widget\" data-widget_type=\"heading.default\">\n\t\t\t\t<div class=\"elementor-widget-container\">\n\t\t\t\t\t<h2 class=\"elementor-heading-title elementor-size-default\">Shitje pajisjesh mjek\u00ebsore<\/h2>\t\t\t\t<\/div>\n\t\t\t\t<\/div>\n\t\t\t\t<div class=\"elementor-element elementor-element-b829c8d elementor-widget elementor-widget-text-editor\" data-id=\"b829c8d\" data-element_type=\"widget\" data-widget_type=\"text-editor.default\">\n\t\t\t\t<div class=\"elementor-widget-container\">\n\t\t\t\t\t\t\t\t\tJu lutemi d\u00ebrgoni CV-n\u00eb tuaj duke p\u00ebrdorur informacionin e kontaktit t\u00eb dh\u00ebn\u00eb.\t\t\t\t\t\t\t\t<\/div>\n\t\t\t\t<\/div>\n\t\t<div class=\"elementor-element elementor-element-f4e75f4 e-con-full e-flex e-con e-child\" data-id=\"f4e75f4\" data-element_type=\"container\">\n\t\t\t\t<div class=\"elementor-element elementor-element-e56d728 elementor-widget elementor-widget-button\" data-id=\"e56d728\" data-element_type=\"widget\" data-widget_type=\"button.default\">\n\t\t\t\t<div class=\"elementor-widget-container\">\n\t\t\t\t\t\t\t\t\t<div class=\"elementor-button-wrapper\">\n\t\t\t\t\t<a class=\"elementor-button elementor-button-link elementor-size-sm\" href=\"mailto:contact@innolabix.com\">\n\t\t\t\t\t\t<span class=\"elementor-button-content-wrapper\">\n\t\t\t\t\t\t<span class=\"elementor-button-icon\">\n\t\t\t\t<svg aria-hidden=\"true\" class=\"e-font-icon-svg e-fas-envelope\" viewBox=\"0 0 512 512\" xmlns=\"http:\/\/www.w3.org\/2000\/svg\"><path d=\"M502.3 190.8c3.9-3.1 9.7-.2 9.7 4.7V400c0 26.5-21.5 48-48 48H48c-26.5 0-48-21.5-48-48V195.6c0-5 5.7-7.8 9.7-4.7 22.4 17.4 52.1 39.5 154.1 113.6 21.1 15.4 56.7 47.8 92.2 47.6 35.7.3 72-32.8 92.3-47.6 102-74.1 131.6-96.3 154-113.7zM256 320c23.2.4 56.6-29.2 73.4-41.4 132.7-96.3 142.8-104.7 173.4-128.7 5.8-4.5 9.2-11.5 9.2-18.9v-19c0-26.5-21.5-48-48-48H48C21.5 64 0 85.5 0 112v19c0 7.4 3.4 14.3 9.2 18.9 30.6 23.9 40.7 32.4 173.4 128.7 16.8 12.2 50.2 41.8 73.4 41.4z\"><\/path><\/svg>\t\t\t<\/span>\n\t\t\t\t\t\t\t\t\t<span class=\"elementor-button-text\">contact@innolabix.com<\/span>\n\t\t\t\t\t<\/span>\n\t\t\t\t\t<\/a>\n\t\t\t\t<\/div>\n\t\t\t\t\t\t\t\t<\/div>\n\t\t\t\t<\/div>\n\t\t\t\t<div class=\"elementor-element elementor-element-b55a181 elementor-widget elementor-widget-button\" data-id=\"b55a181\" data-element_type=\"widget\" data-widget_type=\"button.default\">\n\t\t\t\t<div class=\"elementor-widget-container\">\n\t\t\t\t\t\t\t\t\t<div class=\"elementor-button-wrapper\">\n\t\t\t\t\t<a class=\"elementor-button elementor-button-link elementor-size-sm\" href=\"tel:+355%2069%2045%2088%20269\">\n\t\t\t\t\t\t<span class=\"elementor-button-content-wrapper\">\n\t\t\t\t\t\t<span class=\"elementor-button-icon\">\n\t\t\t\t<svg aria-hidden=\"true\" class=\"e-font-icon-svg e-fas-phone-alt\" viewBox=\"0 0 512 512\" xmlns=\"http:\/\/www.w3.org\/2000\/svg\"><path d=\"M497.39 361.8l-112-48a24 24 0 0 0-28 6.9l-49.6 60.6A370.66 370.66 0 0 1 130.6 204.11l60.6-49.6a23.94 23.94 0 0 0 6.9-28l-48-112A24.16 24.16 0 0 0 122.6.61l-104 24A24 24 0 0 0 0 48c0 256.5 207.9 464 464 464a24 24 0 0 0 23.4-18.6l24-104a24.29 24.29 0 0 0-14.01-27.6z\"><\/path><\/svg>\t\t\t<\/span>\n\t\t\t\t\t\t\t\t\t<span class=\"elementor-button-text\">+355 69 45 88 269<\/span>\n\t\t\t\t\t<\/span>\n\t\t\t\t\t<\/a>\n\t\t\t\t<\/div>\n\t\t\t\t\t\t\t\t<\/div>\n\t\t\t\t<\/div>\n\t\t\t\t<\/div>\n\t\t\t\t<\/div>\n\t\t\t\t<\/div>\n\t\t\t\t\t<\/div>\n\t\t\t\t<\/div>\n\t\t\t\t<\/div>\n\t\t","protected":false},"excerpt":{"rendered":"<p>Shitje pajisjesh mjek\u00ebsore Ju lutemi d\u00ebrgoni CV-n\u00eb tuaj duke p\u00ebrdorur informacionin e kontaktit t\u00eb dh\u00ebn\u00eb. contact@innolabix.com +355 69 45 88 269<\/p>\n","protected":false},"author":1,"featured_media":0,"parent":0,"menu_order":0,"comment_status":"closed","ping_status":"closed","template":"","meta":{"inline_featured_image":false,"footnotes":""},"class_list":["post-1901","page","type-page","status-publish","hentry"],"acf":[],"yoast_head":"<!-- This site is optimized with the Yoast SEO plugin v25.3 - https:\/\/yoast.com\/wordpress\/plugins\/seo\/ -->\n<title>Karriera te Innolabix | B\u00ebhu Pjes\u00eb e Ekipit Ton\u00eb<\/title>\n<meta name=\"description\" content=\"Zbulo mund\u00ebsit\u00eb e pun\u00ebs te Innolabix dhe kontribuo n\u00eb p\u00ebrmir\u00ebsimin e sh\u00ebndet\u00ebsis\u00eb n\u00eb Shqip\u00ebri me zgjidhje inovative diagnostikuese.\" \/>\n<meta name=\"robots\" content=\"index, follow, max-snippet:-1, max-image-preview:large, max-video-preview:-1\" \/>\n<link rel=\"canonical\" href=\"https:\/\/innolabix.com\/sq\/karriera\/\" \/>\n<meta property=\"og:locale\" content=\"sq_AL\" \/>\n<meta property=\"og:type\" content=\"article\" \/>\n<meta property=\"og:title\" content=\"Karriera te Innolabix | B\u00ebhu Pjes\u00eb e Ekipit Ton\u00eb\" \/>\n<meta property=\"og:description\" content=\"Zbulo mund\u00ebsit\u00eb e pun\u00ebs te Innolabix dhe kontribuo n\u00eb p\u00ebrmir\u00ebsimin e sh\u00ebndet\u00ebsis\u00eb n\u00eb Shqip\u00ebri me zgjidhje inovative diagnostikuese.\" \/>\n<meta property=\"og:url\" content=\"https:\/\/innolabix.com\/sq\/karriera\/\" \/>\n<meta property=\"og:site_name\" content=\"Innolabix\" \/>\n<meta property=\"article:modified_time\" content=\"2025-06-24T12:22:07+00:00\" \/>\n<meta property=\"og:image\" content=\"https:\/\/innolabix.com\/wp-content\/uploads\/2025\/04\/Logo.png\" \/>\n<meta name=\"twitter:card\" content=\"summary_large_image\" \/>\n<meta name=\"twitter:label1\" content=\"Est. reading time\" \/>\n\t<meta name=\"twitter:data1\" content=\"1 minute\" \/>\n<script type=\"application\/ld+json\" class=\"yoast-schema-graph\">{\"@context\":\"https:\/\/schema.org\",\"@graph\":[{\"@type\":\"WebPage\",\"@id\":\"https:\/\/innolabix.com\/sq\/karriera\/\",\"url\":\"https:\/\/innolabix.com\/sq\/karriera\/\",\"name\":\"Karriera te Innolabix | B\u00ebhu Pjes\u00eb e Ekipit Ton\u00eb\",\"isPartOf\":{\"@id\":\"https:\/\/innolabix.com\/sq\/#website\"},\"primaryImageOfPage\":{\"@id\":\"https:\/\/innolabix.com\/sq\/karriera\/#primaryimage\"},\"image\":{\"@id\":\"https:\/\/innolabix.com\/sq\/karriera\/#primaryimage\"},\"thumbnailUrl\":\"https:\/\/innolabix.com\/wp-content\/uploads\/2025\/04\/Logo.png\",\"datePublished\":\"2025-05-23T10:36:23+00:00\",\"dateModified\":\"2025-06-24T12:22:07+00:00\",\"description\":\"Zbulo mund\u00ebsit\u00eb e pun\u00ebs te Innolabix dhe kontribuo n\u00eb p\u00ebrmir\u00ebsimin e sh\u00ebndet\u00ebsis\u00eb n\u00eb Shqip\u00ebri me zgjidhje inovative diagnostikuese.\",\"breadcrumb\":{\"@id\":\"https:\/\/innolabix.com\/sq\/karriera\/#breadcrumb\"},\"inLanguage\":\"sq-AL\",\"potentialAction\":[{\"@type\":\"ReadAction\",\"target\":[\"https:\/\/innolabix.com\/sq\/karriera\/\"]}]},{\"@type\":\"ImageObject\",\"inLanguage\":\"sq-AL\",\"@id\":\"https:\/\/innolabix.com\/sq\/karriera\/#primaryimage\",\"url\":\"https:\/\/innolabix.com\/wp-content\/uploads\/2025\/04\/Logo.png\",\"contentUrl\":\"https:\/\/innolabix.com\/wp-content\/uploads\/2025\/04\/Logo.png\"},{\"@type\":\"BreadcrumbList\",\"@id\":\"https:\/\/innolabix.com\/sq\/karriera\/#breadcrumb\",\"itemListElement\":[{\"@type\":\"ListItem\",\"position\":1,\"name\":\"Home\",\"item\":\"https:\/\/innolabix.com\/sq\/\"},{\"@type\":\"ListItem\",\"position\":2,\"name\":\"Karriera\"}]},{\"@type\":\"WebSite\",\"@id\":\"https:\/\/innolabix.com\/sq\/#website\",\"url\":\"https:\/\/innolabix.com\/sq\/\",\"name\":\"Innolabix\",\"description\":\"\",\"potentialAction\":[{\"@type\":\"SearchAction\",\"target\":{\"@type\":\"EntryPoint\",\"urlTemplate\":\"https:\/\/innolabix.com\/sq\/?s={search_term_string}\"},\"query-input\":{\"@type\":\"PropertyValueSpecification\",\"valueRequired\":true,\"valueName\":\"search_term_string\"}}],\"inLanguage\":\"sq-AL\"}]}<\/script>\n<!-- \/ Yoast SEO plugin. -->","yoast_head_json":{"title":"Karriera te Innolabix | B\u00ebhu Pjes\u00eb e Ekipit Ton\u00eb","description":"Zbulo mund\u00ebsit\u00eb e pun\u00ebs te Innolabix dhe kontribuo n\u00eb p\u00ebrmir\u00ebsimin e sh\u00ebndet\u00ebsis\u00eb n\u00eb Shqip\u00ebri me zgjidhje inovative diagnostikuese.","robots":{"index":"index","follow":"follow","max-snippet":"max-snippet:-1","max-image-preview":"max-image-preview:large","max-video-preview":"max-video-preview:-1"},"canonical":"https:\/\/innolabix.com\/sq\/karriera\/","og_locale":"sq_AL","og_type":"article","og_title":"Karriera te Innolabix | B\u00ebhu Pjes\u00eb e Ekipit Ton\u00eb","og_description":"Zbulo mund\u00ebsit\u00eb e pun\u00ebs te Innolabix dhe kontribuo n\u00eb p\u00ebrmir\u00ebsimin e sh\u00ebndet\u00ebsis\u00eb n\u00eb Shqip\u00ebri me zgjidhje inovative diagnostikuese.","og_url":"https:\/\/innolabix.com\/sq\/karriera\/","og_site_name":"Innolabix","article_modified_time":"2025-06-24T12:22:07+00:00","og_image":[{"url":"https:\/\/innolabix.com\/wp-content\/uploads\/2025\/04\/Logo.png","type":"","width":"","height":""}],"twitter_card":"summary_large_image","twitter_misc":{"Est. reading time":"1 minute"},"schema":{"@context":"https:\/\/schema.org","@graph":[{"@type":"WebPage","@id":"https:\/\/innolabix.com\/sq\/karriera\/","url":"https:\/\/innolabix.com\/sq\/karriera\/","name":"Karriera te Innolabix | B\u00ebhu Pjes\u00eb e Ekipit Ton\u00eb","isPartOf":{"@id":"https:\/\/innolabix.com\/sq\/#website"},"primaryImageOfPage":{"@id":"https:\/\/innolabix.com\/sq\/karriera\/#primaryimage"},"image":{"@id":"https:\/\/innolabix.com\/sq\/karriera\/#primaryimage"},"thumbnailUrl":"https:\/\/innolabix.com\/wp-content\/uploads\/2025\/04\/Logo.png","datePublished":"2025-05-23T10:36:23+00:00","dateModified":"2025-06-24T12:22:07+00:00","description":"Zbulo mund\u00ebsit\u00eb e pun\u00ebs te Innolabix dhe kontribuo n\u00eb p\u00ebrmir\u00ebsimin e sh\u00ebndet\u00ebsis\u00eb n\u00eb Shqip\u00ebri me zgjidhje inovative diagnostikuese.","breadcrumb":{"@id":"https:\/\/innolabix.com\/sq\/karriera\/#breadcrumb"},"inLanguage":"sq-AL","potentialAction":[{"@type":"ReadAction","target":["https:\/\/innolabix.com\/sq\/karriera\/"]}]},{"@type":"ImageObject","inLanguage":"sq-AL","@id":"https:\/\/innolabix.com\/sq\/karriera\/#primaryimage","url":"https:\/\/innolabix.com\/wp-content\/uploads\/2025\/04\/Logo.png","contentUrl":"https:\/\/innolabix.com\/wp-content\/uploads\/2025\/04\/Logo.png"},{"@type":"BreadcrumbList","@id":"https:\/\/innolabix.com\/sq\/karriera\/#breadcrumb","itemListElement":[{"@type":"ListItem","position":1,"name":"Home","item":"https:\/\/innolabix.com\/sq\/"},{"@type":"ListItem","position":2,"name":"Karriera"}]},{"@type":"WebSite","@id":"https:\/\/innolabix.com\/sq\/#website","url":"https:\/\/innolabix.com\/sq\/","name":"Innolabix","description":"","potentialAction":[{"@type":"SearchAction","target":{"@type":"EntryPoint","urlTemplate":"https:\/\/innolabix.com\/sq\/?s={search_term_string}"},"query-input":{"@type":"PropertyValueSpecification","valueRequired":true,"valueName":"search_term_string"}}],"inLanguage":"sq-AL"}]}},"_links":{"self":[{"href":"https:\/\/innolabix.com\/sq\/wp-json\/wp\/v2\/pages\/1901","targetHints":{"allow":["GET"]}}],"collection":[{"href":"https:\/\/innolabix.com\/sq\/wp-json\/wp\/v2\/pages"}],"about":[{"href":"https:\/\/innolabix.com\/sq\/wp-json\/wp\/v2\/types\/page"}],"author":[{"embeddable":true,"href":"https:\/\/innolabix.com\/sq\/wp-json\/wp\/v2\/users\/1"}],"replies":[{"embeddable":true,"href":"https:\/\/innolabix.com\/sq\/wp-json\/wp\/v2\/comments?post=1901"}],"version-history":[{"count":6,"href":"https:\/\/innolabix.com\/sq\/wp-json\/wp\/v2\/pages\/1901\/revisions"}],"predecessor-version":[{"id":2029,"href":"https:\/\/innolabix.com\/sq\/wp-json\/wp\/v2\/pages\/1901\/revisions\/2029"}],"wp:attachment":[{"href":"https:\/\/innolabix.com\/sq\/wp-json\/wp\/v2\/media?parent=1901"}],"curies":[{"name":"wp","href":"https:\/\/api.w.org\/{rel}","templated":true}]}}