{"id":1892,"date":"2025-05-23T10:10:56","date_gmt":"2025-05-23T10:10:56","guid":{"rendered":"https:\/\/innolabix.evolvestudio.de\/partners\/"},"modified":"2025-06-24T12:20:42","modified_gmt":"2025-06-24T12:20:42","slug":"partneret","status":"publish","type":"page","link":"https:\/\/innolabix.com\/sq\/partneret\/","title":{"rendered":"Partneret"},"content":{"rendered":"\t\t<div data-elementor-type=\"wp-page\" data-elementor-id=\"1892\" class=\"elementor elementor-1892 elementor-777\" data-elementor-post-type=\"page\">\n\t\t\t\t<div class=\"elementor-element elementor-element-ed2b35d e-flex e-con-boxed e-con e-parent\" data-id=\"ed2b35d\" data-element_type=\"container\">\n\t\t\t\t\t<div class=\"e-con-inner\">\n\t\t<div class=\"elementor-element elementor-element-2532385 e-con-full e-flex e-con e-child\" data-id=\"2532385\" data-element_type=\"container\">\n\t\t<div class=\"elementor-element elementor-element-d8f73c7 e-con-full e-flex e-con e-child\" data-id=\"d8f73c7\" data-element_type=\"container\">\n\t\t\t\t<div class=\"elementor-element elementor-element-d4121a5 elementor-widget elementor-widget-image\" data-id=\"d4121a5\" data-element_type=\"widget\" data-widget_type=\"image.default\">\n\t\t\t\t<div class=\"elementor-widget-container\">\n\t\t\t\t\t\t\t\t\t\t\t\t\t\t\t<img fetchpriority=\"high\" decoding=\"async\" width=\"1023\" height=\"648\" src=\"https:\/\/innolabix.com\/wp-content\/uploads\/2025\/05\/s4-2-2@web.jpg\" class=\"attachment-full size-full wp-image-1676\" alt=\"\" srcset=\"https:\/\/innolabix.com\/wp-content\/uploads\/2025\/05\/s4-2-2@web.jpg 1023w, https:\/\/innolabix.com\/wp-content\/uploads\/2025\/05\/s4-2-2@web-300x190.jpg 300w, https:\/\/innolabix.com\/wp-content\/uploads\/2025\/05\/s4-2-2@web-768x486.jpg 768w\" sizes=\"(max-width: 1023px) 100vw, 1023px\" \/>\t\t\t\t\t\t\t\t\t\t\t\t\t\t\t<\/div>\n\t\t\t\t<\/div>\n\t\t\t\t<\/div>\n\t\t<div class=\"elementor-element elementor-element-608efcc e-con-full e-flex e-con e-child\" data-id=\"608efcc\" data-element_type=\"container\" data-settings=\"{&quot;background_background&quot;:&quot;classic&quot;}\">\n\t\t\t\t<div class=\"elementor-element elementor-element-d1dd259 elementor-widget elementor-widget-image\" data-id=\"d1dd259\" data-element_type=\"widget\" data-widget_type=\"image.default\">\n\t\t\t\t<div class=\"elementor-widget-container\">\n\t\t\t\t\t\t\t\t\t\t\t\t\t\t\t<img decoding=\"async\" width=\"404\" height=\"104\" src=\"https:\/\/innolabix.com\/wp-content\/uploads\/2025\/05\/logo-3.png\" class=\"attachment-full size-full wp-image-1677\" alt=\"\" srcset=\"https:\/\/innolabix.com\/wp-content\/uploads\/2025\/05\/logo-3.png 404w, https:\/\/innolabix.com\/wp-content\/uploads\/2025\/05\/logo-3-300x77.png 300w\" sizes=\"(max-width: 404px) 100vw, 404px\" \/>\t\t\t\t\t\t\t\t\t\t\t\t\t\t\t<\/div>\n\t\t\t\t<\/div>\n\t\t\t\t<div class=\"elementor-element elementor-element-369119f elementor-widget elementor-widget-heading\" data-id=\"369119f\" data-element_type=\"widget\" data-widget_type=\"heading.default\">\n\t\t\t\t<div class=\"elementor-widget-container\">\n\t\t\t\t\t<h2 class=\"elementor-heading-title elementor-size-default\">Partneri yn\u00eb zyrtar<\/h2>\t\t\t\t<\/div>\n\t\t\t\t<\/div>\n\t\t\t\t<div class=\"elementor-element elementor-element-e45962e elementor-widget elementor-widget-button\" data-id=\"e45962e\" data-element_type=\"widget\" data-widget_type=\"button.default\">\n\t\t\t\t<div class=\"elementor-widget-container\">\n\t\t\t\t\t\t\t\t\t<div class=\"elementor-button-wrapper\">\n\t\t\t\t\t<a class=\"elementor-button elementor-button-link elementor-size-sm\" href=\"https:\/\/www.mindray.com\/en\" target=\"_blank\">\n\t\t\t\t\t\t<span class=\"elementor-button-content-wrapper\">\n\t\t\t\t\t\t<span class=\"elementor-button-icon\">\n\t\t\t\t<svg aria-hidden=\"true\" class=\"e-font-icon-svg e-fas-arrow-right\" viewBox=\"0 0 448 512\" xmlns=\"http:\/\/www.w3.org\/2000\/svg\"><path d=\"M190.5 66.9l22.2-22.2c9.4-9.4 24.6-9.4 33.9 0L441 239c9.4 9.4 9.4 24.6 0 33.9L246.6 467.3c-9.4 9.4-24.6 9.4-33.9 0l-22.2-22.2c-9.5-9.5-9.3-25 .4-34.3L311.4 296H24c-13.3 0-24-10.7-24-24v-32c0-13.3 10.7-24 24-24h287.4L190.9 101.2c-9.8-9.3-10-24.8-.4-34.3z\"><\/path><\/svg>\t\t\t<\/span>\n\t\t\t\t\t\t\t\t\t<span class=\"elementor-button-text\">Website Zyrtar<\/span>\n\t\t\t\t\t<\/span>\n\t\t\t\t\t<\/a>\n\t\t\t\t<\/div>\n\t\t\t\t\t\t\t\t<\/div>\n\t\t\t\t<\/div>\n\t\t\t\t<\/div>\n\t\t\t\t<\/div>\n\t\t\t\t\t<\/div>\n\t\t\t\t<\/div>\n\t\t\t\t<\/div>\n\t\t","protected":false},"excerpt":{"rendered":"<p>Partneri yn\u00eb zyrtar Website Zyrtar<\/p>\n","protected":false},"author":1,"featured_media":0,"parent":0,"menu_order":0,"comment_status":"closed","ping_status":"closed","template":"","meta":{"inline_featured_image":false,"footnotes":""},"class_list":["post-1892","page","type-page","status-publish","hentry"],"acf":[],"yoast_head":"<!-- This site is optimized with the Yoast SEO plugin v25.3 - https:\/\/yoast.com\/wordpress\/plugins\/seo\/ -->\n<title>Partneri Yn\u00eb i Besuar | Mindray &amp; Innolabix Shqip\u00ebri<\/title>\n<meta name=\"description\" content=\"Innolabix bashk\u00ebpunon me Mindray, lider global n\u00eb teknologjin\u00eb mjek\u00ebsore, p\u00ebr t\u00eb sjell\u00eb zgjidhje t\u00eb avancuara IVD n\u00eb Shqip\u00ebri.\" \/>\n<meta name=\"robots\" content=\"index, follow, max-snippet:-1, max-image-preview:large, max-video-preview:-1\" \/>\n<link rel=\"canonical\" href=\"https:\/\/innolabix.com\/sq\/partneret\/\" \/>\n<meta property=\"og:locale\" content=\"sq_AL\" \/>\n<meta property=\"og:type\" content=\"article\" \/>\n<meta property=\"og:title\" content=\"Partneri Yn\u00eb i Besuar | Mindray &amp; Innolabix Shqip\u00ebri\" \/>\n<meta property=\"og:description\" content=\"Innolabix bashk\u00ebpunon me Mindray, lider global n\u00eb teknologjin\u00eb mjek\u00ebsore, p\u00ebr t\u00eb sjell\u00eb zgjidhje t\u00eb avancuara IVD n\u00eb Shqip\u00ebri.\" \/>\n<meta property=\"og:url\" content=\"https:\/\/innolabix.com\/sq\/partneret\/\" \/>\n<meta property=\"og:site_name\" content=\"Innolabix\" \/>\n<meta property=\"article:modified_time\" content=\"2025-06-24T12:20:42+00:00\" \/>\n<meta property=\"og:image\" content=\"https:\/\/innolabix.com\/wp-content\/uploads\/2025\/05\/s4-2-2@web.jpg\" \/>\n<meta name=\"twitter:card\" content=\"summary_large_image\" \/>\n<meta name=\"twitter:label1\" content=\"Est. reading time\" \/>\n\t<meta name=\"twitter:data1\" content=\"1 minute\" \/>\n<script type=\"application\/ld+json\" class=\"yoast-schema-graph\">{\"@context\":\"https:\/\/schema.org\",\"@graph\":[{\"@type\":\"WebPage\",\"@id\":\"https:\/\/innolabix.com\/sq\/partneret\/\",\"url\":\"https:\/\/innolabix.com\/sq\/partneret\/\",\"name\":\"Partneri Yn\u00eb i Besuar | Mindray & Innolabix Shqip\u00ebri\",\"isPartOf\":{\"@id\":\"https:\/\/innolabix.com\/sq\/#website\"},\"primaryImageOfPage\":{\"@id\":\"https:\/\/innolabix.com\/sq\/partneret\/#primaryimage\"},\"image\":{\"@id\":\"https:\/\/innolabix.com\/sq\/partneret\/#primaryimage\"},\"thumbnailUrl\":\"https:\/\/innolabix.com\/wp-content\/uploads\/2025\/05\/s4-2-2@web.jpg\",\"datePublished\":\"2025-05-23T10:10:56+00:00\",\"dateModified\":\"2025-06-24T12:20:42+00:00\",\"description\":\"Innolabix bashk\u00ebpunon me Mindray, lider global n\u00eb teknologjin\u00eb mjek\u00ebsore, p\u00ebr t\u00eb sjell\u00eb zgjidhje t\u00eb avancuara IVD n\u00eb Shqip\u00ebri.\",\"breadcrumb\":{\"@id\":\"https:\/\/innolabix.com\/sq\/partneret\/#breadcrumb\"},\"inLanguage\":\"sq-AL\",\"potentialAction\":[{\"@type\":\"ReadAction\",\"target\":[\"https:\/\/innolabix.com\/sq\/partneret\/\"]}]},{\"@type\":\"ImageObject\",\"inLanguage\":\"sq-AL\",\"@id\":\"https:\/\/innolabix.com\/sq\/partneret\/#primaryimage\",\"url\":\"https:\/\/innolabix.com\/wp-content\/uploads\/2025\/05\/s4-2-2@web.jpg\",\"contentUrl\":\"https:\/\/innolabix.com\/wp-content\/uploads\/2025\/05\/s4-2-2@web.jpg\"},{\"@type\":\"BreadcrumbList\",\"@id\":\"https:\/\/innolabix.com\/sq\/partneret\/#breadcrumb\",\"itemListElement\":[{\"@type\":\"ListItem\",\"position\":1,\"name\":\"Home\",\"item\":\"https:\/\/innolabix.com\/sq\/\"},{\"@type\":\"ListItem\",\"position\":2,\"name\":\"Partneret\"}]},{\"@type\":\"WebSite\",\"@id\":\"https:\/\/innolabix.com\/sq\/#website\",\"url\":\"https:\/\/innolabix.com\/sq\/\",\"name\":\"Innolabix\",\"description\":\"\",\"potentialAction\":[{\"@type\":\"SearchAction\",\"target\":{\"@type\":\"EntryPoint\",\"urlTemplate\":\"https:\/\/innolabix.com\/sq\/?s={search_term_string}\"},\"query-input\":{\"@type\":\"PropertyValueSpecification\",\"valueRequired\":true,\"valueName\":\"search_term_string\"}}],\"inLanguage\":\"sq-AL\"}]}<\/script>\n<!-- \/ Yoast SEO plugin. -->","yoast_head_json":{"title":"Partneri Yn\u00eb i Besuar | Mindray & Innolabix Shqip\u00ebri","description":"Innolabix bashk\u00ebpunon me Mindray, lider global n\u00eb teknologjin\u00eb mjek\u00ebsore, p\u00ebr t\u00eb sjell\u00eb zgjidhje t\u00eb avancuara IVD n\u00eb Shqip\u00ebri.","robots":{"index":"index","follow":"follow","max-snippet":"max-snippet:-1","max-image-preview":"max-image-preview:large","max-video-preview":"max-video-preview:-1"},"canonical":"https:\/\/innolabix.com\/sq\/partneret\/","og_locale":"sq_AL","og_type":"article","og_title":"Partneri Yn\u00eb i Besuar | Mindray & Innolabix Shqip\u00ebri","og_description":"Innolabix bashk\u00ebpunon me Mindray, lider global n\u00eb teknologjin\u00eb mjek\u00ebsore, p\u00ebr t\u00eb sjell\u00eb zgjidhje t\u00eb avancuara IVD n\u00eb Shqip\u00ebri.","og_url":"https:\/\/innolabix.com\/sq\/partneret\/","og_site_name":"Innolabix","article_modified_time":"2025-06-24T12:20:42+00:00","og_image":[{"url":"https:\/\/innolabix.com\/wp-content\/uploads\/2025\/05\/s4-2-2@web.jpg","type":"","width":"","height":""}],"twitter_card":"summary_large_image","twitter_misc":{"Est. reading time":"1 minute"},"schema":{"@context":"https:\/\/schema.org","@graph":[{"@type":"WebPage","@id":"https:\/\/innolabix.com\/sq\/partneret\/","url":"https:\/\/innolabix.com\/sq\/partneret\/","name":"Partneri Yn\u00eb i Besuar | Mindray & Innolabix Shqip\u00ebri","isPartOf":{"@id":"https:\/\/innolabix.com\/sq\/#website"},"primaryImageOfPage":{"@id":"https:\/\/innolabix.com\/sq\/partneret\/#primaryimage"},"image":{"@id":"https:\/\/innolabix.com\/sq\/partneret\/#primaryimage"},"thumbnailUrl":"https:\/\/innolabix.com\/wp-content\/uploads\/2025\/05\/s4-2-2@web.jpg","datePublished":"2025-05-23T10:10:56+00:00","dateModified":"2025-06-24T12:20:42+00:00","description":"Innolabix bashk\u00ebpunon me Mindray, lider global n\u00eb teknologjin\u00eb mjek\u00ebsore, p\u00ebr t\u00eb sjell\u00eb zgjidhje t\u00eb avancuara IVD n\u00eb Shqip\u00ebri.","breadcrumb":{"@id":"https:\/\/innolabix.com\/sq\/partneret\/#breadcrumb"},"inLanguage":"sq-AL","potentialAction":[{"@type":"ReadAction","target":["https:\/\/innolabix.com\/sq\/partneret\/"]}]},{"@type":"ImageObject","inLanguage":"sq-AL","@id":"https:\/\/innolabix.com\/sq\/partneret\/#primaryimage","url":"https:\/\/innolabix.com\/wp-content\/uploads\/2025\/05\/s4-2-2@web.jpg","contentUrl":"https:\/\/innolabix.com\/wp-content\/uploads\/2025\/05\/s4-2-2@web.jpg"},{"@type":"BreadcrumbList","@id":"https:\/\/innolabix.com\/sq\/partneret\/#breadcrumb","itemListElement":[{"@type":"ListItem","position":1,"name":"Home","item":"https:\/\/innolabix.com\/sq\/"},{"@type":"ListItem","position":2,"name":"Partneret"}]},{"@type":"WebSite","@id":"https:\/\/innolabix.com\/sq\/#website","url":"https:\/\/innolabix.com\/sq\/","name":"Innolabix","description":"","potentialAction":[{"@type":"SearchAction","target":{"@type":"EntryPoint","urlTemplate":"https:\/\/innolabix.com\/sq\/?s={search_term_string}"},"query-input":{"@type":"PropertyValueSpecification","valueRequired":true,"valueName":"search_term_string"}}],"inLanguage":"sq-AL"}]}},"_links":{"self":[{"href":"https:\/\/innolabix.com\/sq\/wp-json\/wp\/v2\/pages\/1892","targetHints":{"allow":["GET"]}}],"collection":[{"href":"https:\/\/innolabix.com\/sq\/wp-json\/wp\/v2\/pages"}],"about":[{"href":"https:\/\/innolabix.com\/sq\/wp-json\/wp\/v2\/types\/page"}],"author":[{"embeddable":true,"href":"https:\/\/innolabix.com\/sq\/wp-json\/wp\/v2\/users\/1"}],"replies":[{"embeddable":true,"href":"https:\/\/innolabix.com\/sq\/wp-json\/wp\/v2\/comments?post=1892"}],"version-history":[{"count":9,"href":"https:\/\/innolabix.com\/sq\/wp-json\/wp\/v2\/pages\/1892\/revisions"}],"predecessor-version":[{"id":2025,"href":"https:\/\/innolabix.com\/sq\/wp-json\/wp\/v2\/pages\/1892\/revisions\/2025"}],"wp:attachment":[{"href":"https:\/\/innolabix.com\/sq\/wp-json\/wp\/v2\/media?parent=1892"}],"curies":[{"name":"wp","href":"https:\/\/api.w.org\/{rel}","templated":true}]}}