{"id":1884,"date":"2025-04-11T10:33:55","date_gmt":"2025-04-11T10:33:55","guid":{"rendered":"https:\/\/innolabix.evolvestudio.de\/about-us\/"},"modified":"2025-09-29T12:23:17","modified_gmt":"2025-09-29T12:23:17","slug":"rreth-nesh","status":"publish","type":"page","link":"https:\/\/innolabix.com\/sq\/rreth-nesh\/","title":{"rendered":"Rreth Nesh"},"content":{"rendered":"\t\t<div data-elementor-type=\"wp-page\" data-elementor-id=\"1884\" class=\"elementor elementor-1884 elementor-499\" data-elementor-post-type=\"page\">\n\t\t\t\t<div class=\"elementor-element elementor-element-03690f6 e-flex e-con-boxed e-con e-parent\" data-id=\"03690f6\" data-element_type=\"container\" data-settings=\"{&quot;background_background&quot;:&quot;classic&quot;}\">\n\t\t\t\t\t<div class=\"e-con-inner\">\n\t\t\t\t<div class=\"elementor-element elementor-element-27cb255 elementor-widget elementor-widget-heading\" data-id=\"27cb255\" data-element_type=\"widget\" data-widget_type=\"heading.default\">\n\t\t\t\t<div class=\"elementor-widget-container\">\n\t\t\t\t\t<h2 class=\"elementor-heading-title elementor-size-default\">Rreth Nesh<\/h2>\t\t\t\t<\/div>\n\t\t\t\t<\/div>\n\t\t\t\t\t<\/div>\n\t\t\t\t<\/div>\n\t\t<div class=\"elementor-element elementor-element-f6c85d3 e-flex e-con-boxed e-con e-parent\" data-id=\"f6c85d3\" data-element_type=\"container\">\n\t\t\t\t\t<div class=\"e-con-inner\">\n\t\t<div class=\"elementor-element elementor-element-453a24d e-con-full e-flex e-con e-child\" data-id=\"453a24d\" data-element_type=\"container\">\n\t\t\t\t<div class=\"elementor-element elementor-element-48157a9 elementor-widget elementor-widget-heading\" data-id=\"48157a9\" data-element_type=\"widget\" data-widget_type=\"heading.default\">\n\t\t\t\t<div class=\"elementor-widget-container\">\n\t\t\t\t\t<h2 class=\"elementor-heading-title elementor-size-default\"><strong>Mir\u00ebsevini n\u00eb Innolabix!<\/strong> \u2013 partneri juaj i besuar p\u00ebr zgjidhje t\u00eb avancuara diagnostikuese in vitro (IVD) n\u00eb Shqip\u00ebri.<\/h2>\t\t\t\t<\/div>\n\t\t\t\t<\/div>\n\t\t\t\t<div class=\"elementor-element elementor-element-cf2df24 elementor-widget elementor-widget-text-editor\" data-id=\"cf2df24\" data-element_type=\"widget\" data-widget_type=\"text-editor.default\">\n\t\t\t\t<div class=\"elementor-widget-container\">\n\t\t\t\t\t\t\t\t\tNe jemi nj\u00eb kompani n\u00eb zhvillim t\u00eb vazhduesh\u00ebm, me synimin p\u00ebr t\u00eb sjell\u00eb n\u00eb vend teknologji mjek\u00ebsore cil\u00ebsore dhe t\u00eb standardeve m\u00eb t\u00eb larta. Si distributor zyrtar i produkteve Mindray IVD, fokusi yn\u00eb \u00ebsht\u00eb ofrimi i mjeteve diagnostikuese t\u00eb besueshme p\u00ebr profesionist\u00ebt e kujdesit sh\u00ebndet\u00ebsor, duke mb\u00ebshtetur vendimmarrjen klinike dhe p\u00ebrmir\u00ebsuar trajtimin e pacient\u00ebve.\t\t\t\t\t\t\t\t<\/div>\n\t\t\t\t<\/div>\n\t\t\t\t<div class=\"elementor-element elementor-element-e01b098 elementor-widget elementor-widget-text-editor\" data-id=\"e01b098\" data-element_type=\"widget\" data-widget_type=\"text-editor.default\">\n\t\t\t\t<div class=\"elementor-widget-container\">\n\t\t\t\t\t\t\t\t\tN\u00eb Innolabix, besojm\u00eb n\u00eb fuqin\u00eb e inovacionit dhe sakt\u00ebsis\u00eb n\u00eb sh\u00ebrbim t\u00eb mjek\u00ebsis\u00eb moderne. Ne ofrojm\u00eb pajisje t\u00eb gjenerat\u00ebs s\u00eb fundit, t\u00eb certifikuara sipas standardeve nd\u00ebrkomb\u00ebtare, q\u00eb rrisin efikasitetin dhe sigurin\u00eb n\u00eb procesin diagnostik. Edhe pse nj\u00eb kompani e re, ekipi yn\u00eb p\u00ebrb\u00ebhet nga profesionist\u00eb me eksperienc\u00eb t\u00eb gjer\u00eb, pasion p\u00ebr kujdesin sh\u00ebndet\u00ebsor dhe nj\u00eb kuptim t\u00eb thell\u00eb t\u00eb nevojave t\u00eb sektorit mjek\u00ebsor.\t\t\t\t\t\t\t\t<\/div>\n\t\t\t\t<\/div>\n\t\t\t\t<\/div>\n\t\t<div class=\"elementor-element elementor-element-b7d9c78 e-con-full e-flex e-con e-child\" data-id=\"b7d9c78\" data-element_type=\"container\">\n\t\t\t\t<div class=\"elementor-element elementor-element-69321c4 elementor-widget elementor-widget-image\" data-id=\"69321c4\" data-element_type=\"widget\" data-widget_type=\"image.default\">\n\t\t\t\t<div class=\"elementor-widget-container\">\n\t\t\t\t\t\t\t\t\t\t\t\t\t\t\t<img fetchpriority=\"high\" decoding=\"async\" width=\"1239\" height=\"796\" src=\"https:\/\/innolabix.com\/wp-content\/uploads\/2025\/04\/s8.png\" class=\"attachment-full size-full wp-image-1661\" alt=\"\" srcset=\"https:\/\/innolabix.com\/wp-content\/uploads\/2025\/04\/s8.png 1239w, https:\/\/innolabix.com\/wp-content\/uploads\/2025\/04\/s8-300x193.png 300w, https:\/\/innolabix.com\/wp-content\/uploads\/2025\/04\/s8-1024x658.png 1024w, https:\/\/innolabix.com\/wp-content\/uploads\/2025\/04\/s8-768x493.png 768w\" sizes=\"(max-width: 1239px) 100vw, 1239px\" \/>\t\t\t\t\t\t\t\t\t\t\t\t\t\t\t<\/div>\n\t\t\t\t<\/div>\n\t\t\t\t<\/div>\n\t\t\t\t\t<\/div>\n\t\t\t\t<\/div>\n\t\t<div class=\"elementor-element elementor-element-578e8af e-flex e-con-boxed e-con e-parent\" data-id=\"578e8af\" data-element_type=\"container\" data-settings=\"{&quot;background_background&quot;:&quot;classic&quot;}\">\n\t\t\t\t\t<div class=\"e-con-inner\">\n\t\t<div class=\"elementor-element elementor-element-0c6931c e-con-full e-flex e-con e-child\" data-id=\"0c6931c\" data-element_type=\"container\">\n\t\t\t\t<div class=\"elementor-element elementor-element-f17cc0f elementor-widget elementor-widget-image\" data-id=\"f17cc0f\" data-element_type=\"widget\" data-widget_type=\"image.default\">\n\t\t\t\t<div class=\"elementor-widget-container\">\n\t\t\t\t\t\t\t\t\t\t\t\t\t\t\t<img decoding=\"async\" width=\"800\" height=\"516\" src=\"https:\/\/innolabix.com\/wp-content\/uploads\/2025\/04\/s9-1024x661.png\" class=\"attachment-large size-large wp-image-1662\" alt=\"\" srcset=\"https:\/\/innolabix.com\/wp-content\/uploads\/2025\/04\/s9-1024x661.png 1024w, https:\/\/innolabix.com\/wp-content\/uploads\/2025\/04\/s9-300x194.png 300w, https:\/\/innolabix.com\/wp-content\/uploads\/2025\/04\/s9-768x495.png 768w, https:\/\/innolabix.com\/wp-content\/uploads\/2025\/04\/s9.png 1209w\" sizes=\"(max-width: 800px) 100vw, 800px\" \/>\t\t\t\t\t\t\t\t\t\t\t\t\t\t\t<\/div>\n\t\t\t\t<\/div>\n\t\t\t\t<\/div>\n\t\t<div class=\"elementor-element elementor-element-51df9b8 e-con-full e-flex e-con e-child\" data-id=\"51df9b8\" data-element_type=\"container\">\n\t\t\t\t<div class=\"elementor-element elementor-element-7eee8db elementor-widget elementor-widget-heading\" data-id=\"7eee8db\" data-element_type=\"widget\" data-widget_type=\"heading.default\">\n\t\t\t\t<div class=\"elementor-widget-container\">\n\t\t\t\t\t<h2 class=\"elementor-heading-title elementor-size-default\">Historia<\/h2>\t\t\t\t<\/div>\n\t\t\t\t<\/div>\n\t\t\t\t<div class=\"elementor-element elementor-element-2d24673 elementor-widget elementor-widget-text-editor\" data-id=\"2d24673\" data-element_type=\"widget\" data-widget_type=\"text-editor.default\">\n\t\t\t\t<div class=\"elementor-widget-container\">\n\t\t\t\t\t\t\t\t\t<p>Mindray, e themeluar n\u00eb vitin 1991, \u00ebsht\u00eb nj\u00eb nga kompanit\u00eb lidere n\u00eb bot\u00eb n\u00eb fush\u00ebn e pajisjeve dhe zgjidhjeve mjek\u00ebsore. Me misionin e saj t\u00eb qart\u00eb \u201ct\u00eb ndaj\u00eb teknologjin\u00eb mjek\u00ebsore me bot\u00ebn\u201d, ajo vazhdon t\u00eb udh\u00ebheq\u00eb me inovacion n\u00eb:<\/p><ul><li>Monitorimin e pacientit dhe mb\u00ebshtetjen jet\u00ebsore<\/li><li>Diagnostik\u00ebn in vitro<\/li><li>Sistemet e imazheris\u00eb mjek\u00ebsore<\/li><\/ul>\t\t\t\t\t\t\t\t<\/div>\n\t\t\t\t<\/div>\n\t\t\t\t<\/div>\n\t\t\t\t\t<\/div>\n\t\t\t\t<\/div>\n\t\t<div class=\"elementor-element elementor-element-911cbc0 e-flex e-con-boxed e-con e-parent\" data-id=\"911cbc0\" data-element_type=\"container\">\n\t\t\t\t\t<div class=\"e-con-inner\">\n\t\t<div class=\"elementor-element elementor-element-8a85b5a e-con-full e-flex e-con e-child\" data-id=\"8a85b5a\" data-element_type=\"container\">\n\t\t<div class=\"elementor-element elementor-element-0ffe32f e-con-full e-flex e-con e-child\" data-id=\"0ffe32f\" data-element_type=\"container\">\n\t\t\t\t<div class=\"elementor-element elementor-element-b094f20 elementor-widget elementor-widget-heading\" data-id=\"b094f20\" data-element_type=\"widget\" data-widget_type=\"heading.default\">\n\t\t\t\t<div class=\"elementor-widget-container\">\n\t\t\t\t\t<h2 class=\"elementor-heading-title elementor-size-default\">Misioni yn\u00eb <\/h2>\t\t\t\t<\/div>\n\t\t\t\t<\/div>\n\t\t\t\t<div class=\"elementor-element elementor-element-734a94f elementor-widget elementor-widget-image\" data-id=\"734a94f\" data-element_type=\"widget\" data-widget_type=\"image.default\">\n\t\t\t\t<div class=\"elementor-widget-container\">\n\t\t\t\t\t\t\t\t\t\t\t\t\t\t\t<img decoding=\"async\" width=\"1209\" height=\"975\" src=\"https:\/\/innolabix.com\/wp-content\/uploads\/2025\/04\/s10.png\" class=\"attachment-full size-full wp-image-1663\" alt=\"\" srcset=\"https:\/\/innolabix.com\/wp-content\/uploads\/2025\/04\/s10.png 1209w, https:\/\/innolabix.com\/wp-content\/uploads\/2025\/04\/s10-300x242.png 300w, https:\/\/innolabix.com\/wp-content\/uploads\/2025\/04\/s10-1024x826.png 1024w, https:\/\/innolabix.com\/wp-content\/uploads\/2025\/04\/s10-768x619.png 768w\" sizes=\"(max-width: 1209px) 100vw, 1209px\" \/>\t\t\t\t\t\t\t\t\t\t\t\t\t\t\t<\/div>\n\t\t\t\t<\/div>\n\t\t\t\t<div class=\"elementor-element elementor-element-ee1c044 elementor-icon-list--layout-inline elementor-align-left elementor-list-item-link-full_width elementor-widget elementor-widget-icon-list\" data-id=\"ee1c044\" data-element_type=\"widget\" data-widget_type=\"icon-list.default\">\n\t\t\t\t<div class=\"elementor-widget-container\">\n\t\t\t\t\t\t\t<ul class=\"elementor-icon-list-items elementor-inline-items\">\n\t\t\t\t\t\t\t<li class=\"elementor-icon-list-item elementor-inline-item\">\n\t\t\t\t\t\t\t\t\t\t<span class=\"elementor-icon-list-text\">Ne synojm\u00eb t\u00eb sjellim teknologji t\u00eb p\u00ebrparuar n\u00eb sh\u00ebrbim t\u00eb kujdesit sh\u00ebndet\u00ebsor n\u00eb Shqip\u00ebri. Si partner\u00eb zyrtar\u00eb t\u00eb Mindray p\u00ebr linj\u00ebn IVD, angazhimi yn\u00eb \u00ebsht\u00eb t\u00eb pajisim profesionist\u00ebt mjek\u00ebsor\u00eb me zgjidhje t\u00eb besueshme diagnostike, p\u00ebr nj\u00eb trajtim m\u00eb t\u00eb sakt\u00eb dhe m\u00eb efikas t\u00eb pacient\u00ebve.<\/span>\n\t\t\t\t\t\t\t\t\t<\/li>\n\t\t\t\t\t\t<\/ul>\n\t\t\t\t\t\t<\/div>\n\t\t\t\t<\/div>\n\t\t\t\t<\/div>\n\t\t\t\t<\/div>\n\t\t\t\t\t<\/div>\n\t\t\t\t<\/div>\n\t\t<div class=\"elementor-element elementor-element-784c34b e-flex e-con-boxed e-con e-parent\" data-id=\"784c34b\" data-element_type=\"container\" data-settings=\"{&quot;background_background&quot;:&quot;classic&quot;}\">\n\t\t\t\t\t<div class=\"e-con-inner\">\n\t\t<div class=\"elementor-element elementor-element-4fe7bcb e-con-full e-flex e-con e-child\" data-id=\"4fe7bcb\" data-element_type=\"container\">\n\t\t\t\t<div class=\"elementor-element elementor-element-9380fb0 elementor-widget elementor-widget-heading\" data-id=\"9380fb0\" data-element_type=\"widget\" data-widget_type=\"heading.default\">\n\t\t\t\t<div class=\"elementor-widget-container\">\n\t\t\t\t\t<h2 class=\"elementor-heading-title elementor-size-default\">Pse t\u00eb zgjidhni Innolabix ?<\/h2>\t\t\t\t<\/div>\n\t\t\t\t<\/div>\n\t\t\t\t<\/div>\n\t\t<div class=\"elementor-element elementor-element-944f1cb e-con-full e-flex e-con e-child\" data-id=\"944f1cb\" data-element_type=\"container\">\n\t\t\t\t<div class=\"elementor-element elementor-element-db35d10 elementor-widget elementor-widget-heading\" data-id=\"db35d10\" data-element_type=\"widget\" data-widget_type=\"heading.default\">\n\t\t\t\t<div class=\"elementor-widget-container\">\n\t\t\t\t\t<h2 class=\"elementor-heading-title elementor-size-default\">Pikat tona m\u00eb t\u00eb forta:<\/h2>\t\t\t\t<\/div>\n\t\t\t\t<\/div>\n\t\t\t\t<div class=\"elementor-element elementor-element-7d314a7 elementor-icon-list--layout-traditional elementor-list-item-link-full_width elementor-widget elementor-widget-icon-list\" data-id=\"7d314a7\" data-element_type=\"widget\" data-widget_type=\"icon-list.default\">\n\t\t\t\t<div class=\"elementor-widget-container\">\n\t\t\t\t\t\t\t<ul class=\"elementor-icon-list-items\">\n\t\t\t\t\t\t\t<li class=\"elementor-icon-list-item\">\n\t\t\t\t\t\t\t\t\t\t\t<span class=\"elementor-icon-list-icon\">\n\t\t\t\t\t\t\t<svg aria-hidden=\"true\" class=\"e-font-icon-svg e-fas-arrow-right\" viewBox=\"0 0 448 512\" xmlns=\"http:\/\/www.w3.org\/2000\/svg\"><path d=\"M190.5 66.9l22.2-22.2c9.4-9.4 24.6-9.4 33.9 0L441 239c9.4 9.4 9.4 24.6 0 33.9L246.6 467.3c-9.4 9.4-24.6 9.4-33.9 0l-22.2-22.2c-9.5-9.5-9.3-25 .4-34.3L311.4 296H24c-13.3 0-24-10.7-24-24v-32c0-13.3 10.7-24 24-24h287.4L190.9 101.2c-9.8-9.3-10-24.8-.4-34.3z\"><\/path><\/svg>\t\t\t\t\t\t<\/span>\n\t\t\t\t\t\t\t\t\t\t<span class=\"elementor-icon-list-text\">Pajisje mjek\u00ebsore t\u00eb teknologjis\u00eb s\u00eb fundit, t\u00eb \u00e7ertifikuara sipas standardeve nd\u00ebrkomb\u00ebtare.<\/span>\n\t\t\t\t\t\t\t\t\t<\/li>\n\t\t\t\t\t\t\t\t<li class=\"elementor-icon-list-item\">\n\t\t\t\t\t\t\t\t\t\t\t<span class=\"elementor-icon-list-icon\">\n\t\t\t\t\t\t\t<svg aria-hidden=\"true\" class=\"e-font-icon-svg e-fas-arrow-right\" viewBox=\"0 0 448 512\" xmlns=\"http:\/\/www.w3.org\/2000\/svg\"><path d=\"M190.5 66.9l22.2-22.2c9.4-9.4 24.6-9.4 33.9 0L441 239c9.4 9.4 9.4 24.6 0 33.9L246.6 467.3c-9.4 9.4-24.6 9.4-33.9 0l-22.2-22.2c-9.5-9.5-9.3-25 .4-34.3L311.4 296H24c-13.3 0-24-10.7-24-24v-32c0-13.3 10.7-24 24-24h287.4L190.9 101.2c-9.8-9.3-10-24.8-.4-34.3z\"><\/path><\/svg>\t\t\t\t\t\t<\/span>\n\t\t\t\t\t\t\t\t\t\t<span class=\"elementor-icon-list-text\">Nj\u00eb ekip profesionist\u00ebsh t\u00eb p\u00ebrkushtuar ndaj p\u00ebrmir\u00ebsimit t\u00eb praktikave diagnostikuese.<\/span>\n\t\t\t\t\t\t\t\t\t<\/li>\n\t\t\t\t\t\t\t\t<li class=\"elementor-icon-list-item\">\n\t\t\t\t\t\t\t\t\t\t\t<span class=\"elementor-icon-list-icon\">\n\t\t\t\t\t\t\t<svg aria-hidden=\"true\" class=\"e-font-icon-svg e-fas-arrow-right\" viewBox=\"0 0 448 512\" xmlns=\"http:\/\/www.w3.org\/2000\/svg\"><path d=\"M190.5 66.9l22.2-22.2c9.4-9.4 24.6-9.4 33.9 0L441 239c9.4 9.4 9.4 24.6 0 33.9L246.6 467.3c-9.4 9.4-24.6 9.4-33.9 0l-22.2-22.2c-9.5-9.5-9.3-25 .4-34.3L311.4 296H24c-13.3 0-24-10.7-24-24v-32c0-13.3 10.7-24 24-24h287.4L190.9 101.2c-9.8-9.3-10-24.8-.4-34.3z\"><\/path><\/svg>\t\t\t\t\t\t<\/span>\n\t\t\t\t\t\t\t\t\t\t<span class=\"elementor-icon-list-text\">Sh\u00ebrbim klienti i personalizuar dhe trajnime profesionale p\u00ebr p\u00ebrdoruesit.<\/span>\n\t\t\t\t\t\t\t\t\t<\/li>\n\t\t\t\t\t\t\t\t<li class=\"elementor-icon-list-item\">\n\t\t\t\t\t\t\t\t\t\t\t<span class=\"elementor-icon-list-icon\">\n\t\t\t\t\t\t\t<svg aria-hidden=\"true\" class=\"e-font-icon-svg e-fas-arrow-right\" viewBox=\"0 0 448 512\" xmlns=\"http:\/\/www.w3.org\/2000\/svg\"><path d=\"M190.5 66.9l22.2-22.2c9.4-9.4 24.6-9.4 33.9 0L441 239c9.4 9.4 9.4 24.6 0 33.9L246.6 467.3c-9.4 9.4-24.6 9.4-33.9 0l-22.2-22.2c-9.5-9.5-9.3-25 .4-34.3L311.4 296H24c-13.3 0-24-10.7-24-24v-32c0-13.3 10.7-24 24-24h287.4L190.9 101.2c-9.8-9.3-10-24.8-.4-34.3z\"><\/path><\/svg>\t\t\t\t\t\t<\/span>\n\t\t\t\t\t\t\t\t\t\t<span class=\"elementor-icon-list-text\">\u201cDistributori zyrtar i produkteve t\u00eb nivelit t\u00eb lart\u00eb IVD nga Mindray p\u00ebr institucionet sh\u00ebndet\u00ebsore n\u00eb Shqip\u00ebri.\u201d<\/span>\n\t\t\t\t\t\t\t\t\t<\/li>\n\t\t\t\t\t\t<\/ul>\n\t\t\t\t\t\t<\/div>\n\t\t\t\t<\/div>\n\t\t\t\t<\/div>\n\t\t\t\t\t<\/div>\n\t\t\t\t<\/div>\n\t\t<div class=\"elementor-element elementor-element-6499dbe e-flex e-con-boxed e-con e-parent\" data-id=\"6499dbe\" data-element_type=\"container\">\n\t\t\t\t\t<div class=\"e-con-inner\">\n\t\t<div class=\"elementor-element elementor-element-23021df e-con-full contact-box e-flex e-con e-child\" data-id=\"23021df\" data-element_type=\"container\" data-settings=\"{&quot;background_background&quot;:&quot;classic&quot;}\">\n\t\t\t\t<div class=\"elementor-element elementor-element-b838f8a elementor-widget elementor-widget-heading\" data-id=\"b838f8a\" data-element_type=\"widget\" data-widget_type=\"heading.default\">\n\t\t\t\t<div class=\"elementor-widget-container\">\n\t\t\t\t\t<h2 class=\"elementor-heading-title elementor-size-default\">Ne ofrojm\u00eb produkte IVD t\u00eb nivelit t\u00eb lart\u00eb nga Mindray p\u00ebr ofruesit e sh\u00ebrbimeve sh\u00ebndet\u00ebsore n\u00eb Shqip\u00ebri.<\/h2>\t\t\t\t<\/div>\n\t\t\t\t<\/div>\n\t\t\t\t<div class=\"elementor-element elementor-element-4cf71f9 elementor-align-center elementor-widget elementor-widget-button\" data-id=\"4cf71f9\" data-element_type=\"widget\" data-widget_type=\"button.default\">\n\t\t\t\t<div class=\"elementor-widget-container\">\n\t\t\t\t\t\t\t\t\t<div class=\"elementor-button-wrapper\">\n\t\t\t\t\t<a class=\"elementor-button elementor-button-link elementor-size-sm\" href=\"https:\/\/innolabix.com\/sq\/kontakt\/\">\n\t\t\t\t\t\t<span class=\"elementor-button-content-wrapper\">\n\t\t\t\t\t\t<span class=\"elementor-button-icon\">\n\t\t\t\t<svg aria-hidden=\"true\" class=\"e-font-icon-svg e-fas-arrow-right\" viewBox=\"0 0 448 512\" xmlns=\"http:\/\/www.w3.org\/2000\/svg\"><path d=\"M190.5 66.9l22.2-22.2c9.4-9.4 24.6-9.4 33.9 0L441 239c9.4 9.4 9.4 24.6 0 33.9L246.6 467.3c-9.4 9.4-24.6 9.4-33.9 0l-22.2-22.2c-9.5-9.5-9.3-25 .4-34.3L311.4 296H24c-13.3 0-24-10.7-24-24v-32c0-13.3 10.7-24 24-24h287.4L190.9 101.2c-9.8-9.3-10-24.8-.4-34.3z\"><\/path><\/svg>\t\t\t<\/span>\n\t\t\t\t\t\t\t\t\t<span class=\"elementor-button-text\">Kontakt<\/span>\n\t\t\t\t\t<\/span>\n\t\t\t\t\t<\/a>\n\t\t\t\t<\/div>\n\t\t\t\t\t\t\t\t<\/div>\n\t\t\t\t<\/div>\n\t\t\t\t<\/div>\n\t\t\t\t\t<\/div>\n\t\t\t\t<\/div>\n\t\t\t\t<\/div>\n\t\t","protected":false},"excerpt":{"rendered":"<p>Mir\u00ebsevini n\u00eb Innolabix! \u2013 partneri juaj i besuar p\u00ebr zgjidhje t\u00eb avancuara diagnostikuese in vitro (IVD) n\u00eb Shqip\u00ebri. Ne jemi nj\u00eb kompani n\u00eb zhvillim t\u00eb vazhduesh\u00ebm, me synimin p\u00ebr t\u00eb sjell\u00eb n\u00eb vend teknologji mjek\u00ebsore cil\u00ebsore dhe t\u00eb standardeve m\u00eb t\u00eb larta. Si distributor zyrtar i produkteve Mindray IVD, fokusi yn\u00eb \u00ebsht\u00eb ofrimi i mjeteve [&hellip;]<\/p>\n","protected":false},"author":1,"featured_media":0,"parent":0,"menu_order":0,"comment_status":"closed","ping_status":"closed","template":"elementor_header_footer","meta":{"inline_featured_image":false,"footnotes":""},"class_list":["post-1884","page","type-page","status-publish","hentry"],"acf":[],"yoast_head":"<!-- This site is optimized with the Yoast SEO plugin v25.3 - https:\/\/yoast.com\/wordpress\/plugins\/seo\/ -->\n<title>Innolabix | Distributor Zyrtar i Mindray n\u00eb Shqip\u00ebri<\/title>\n<meta name=\"description\" content=\"Innolabix ofron zgjidhje t\u00eb avancuara diagnostikuese Mindray n\u00eb Shqip\u00ebri, duke mb\u00ebshtetur mjek\u00ebt n\u00eb p\u00ebrmir\u00ebsimin e kujdesit ndaj pacient\u00ebve.\" \/>\n<meta name=\"robots\" content=\"index, follow, max-snippet:-1, max-image-preview:large, max-video-preview:-1\" \/>\n<link rel=\"canonical\" href=\"https:\/\/innolabix.com\/sq\/rreth-nesh\/\" \/>\n<meta property=\"og:locale\" content=\"sq_AL\" \/>\n<meta property=\"og:type\" content=\"article\" \/>\n<meta property=\"og:title\" content=\"Innolabix | Distributor Zyrtar i Mindray n\u00eb Shqip\u00ebri\" \/>\n<meta property=\"og:description\" content=\"Innolabix ofron zgjidhje t\u00eb avancuara diagnostikuese Mindray n\u00eb Shqip\u00ebri, duke mb\u00ebshtetur mjek\u00ebt n\u00eb p\u00ebrmir\u00ebsimin e kujdesit ndaj pacient\u00ebve.\" \/>\n<meta property=\"og:url\" content=\"https:\/\/innolabix.com\/sq\/rreth-nesh\/\" \/>\n<meta property=\"og:site_name\" content=\"Innolabix\" \/>\n<meta property=\"article:modified_time\" content=\"2025-09-29T12:23:17+00:00\" \/>\n<meta property=\"og:image\" content=\"https:\/\/innolabix.com\/wp-content\/uploads\/2025\/04\/s8.png\" \/>\n\t<meta property=\"og:image:width\" content=\"1239\" \/>\n\t<meta property=\"og:image:height\" content=\"796\" \/>\n\t<meta property=\"og:image:type\" content=\"image\/png\" \/>\n<meta name=\"twitter:card\" content=\"summary_large_image\" \/>\n<meta name=\"twitter:label1\" content=\"Est. reading time\" \/>\n\t<meta name=\"twitter:data1\" content=\"3 minutes\" \/>\n<script type=\"application\/ld+json\" class=\"yoast-schema-graph\">{\"@context\":\"https:\/\/schema.org\",\"@graph\":[{\"@type\":\"WebPage\",\"@id\":\"https:\/\/innolabix.com\/sq\/rreth-nesh\/\",\"url\":\"https:\/\/innolabix.com\/sq\/rreth-nesh\/\",\"name\":\"Innolabix | Distributor Zyrtar i Mindray n\u00eb Shqip\u00ebri\",\"isPartOf\":{\"@id\":\"https:\/\/innolabix.com\/sq\/#website\"},\"primaryImageOfPage\":{\"@id\":\"https:\/\/innolabix.com\/sq\/rreth-nesh\/#primaryimage\"},\"image\":{\"@id\":\"https:\/\/innolabix.com\/sq\/rreth-nesh\/#primaryimage\"},\"thumbnailUrl\":\"https:\/\/innolabix.com\/wp-content\/uploads\/2025\/04\/s8.png\",\"datePublished\":\"2025-04-11T10:33:55+00:00\",\"dateModified\":\"2025-09-29T12:23:17+00:00\",\"description\":\"Innolabix ofron zgjidhje t\u00eb avancuara diagnostikuese Mindray n\u00eb Shqip\u00ebri, duke mb\u00ebshtetur mjek\u00ebt n\u00eb p\u00ebrmir\u00ebsimin e kujdesit ndaj pacient\u00ebve.\",\"breadcrumb\":{\"@id\":\"https:\/\/innolabix.com\/sq\/rreth-nesh\/#breadcrumb\"},\"inLanguage\":\"sq-AL\",\"potentialAction\":[{\"@type\":\"ReadAction\",\"target\":[\"https:\/\/innolabix.com\/sq\/rreth-nesh\/\"]}]},{\"@type\":\"ImageObject\",\"inLanguage\":\"sq-AL\",\"@id\":\"https:\/\/innolabix.com\/sq\/rreth-nesh\/#primaryimage\",\"url\":\"https:\/\/innolabix.com\/wp-content\/uploads\/2025\/04\/s8.png\",\"contentUrl\":\"https:\/\/innolabix.com\/wp-content\/uploads\/2025\/04\/s8.png\"},{\"@type\":\"BreadcrumbList\",\"@id\":\"https:\/\/innolabix.com\/sq\/rreth-nesh\/#breadcrumb\",\"itemListElement\":[{\"@type\":\"ListItem\",\"position\":1,\"name\":\"Home\",\"item\":\"https:\/\/innolabix.com\/sq\/\"},{\"@type\":\"ListItem\",\"position\":2,\"name\":\"Rreth Nesh\"}]},{\"@type\":\"WebSite\",\"@id\":\"https:\/\/innolabix.com\/sq\/#website\",\"url\":\"https:\/\/innolabix.com\/sq\/\",\"name\":\"Innolabix\",\"description\":\"\",\"potentialAction\":[{\"@type\":\"SearchAction\",\"target\":{\"@type\":\"EntryPoint\",\"urlTemplate\":\"https:\/\/innolabix.com\/sq\/?s={search_term_string}\"},\"query-input\":{\"@type\":\"PropertyValueSpecification\",\"valueRequired\":true,\"valueName\":\"search_term_string\"}}],\"inLanguage\":\"sq-AL\"}]}<\/script>\n<!-- \/ Yoast SEO plugin. -->","yoast_head_json":{"title":"Innolabix | Distributor Zyrtar i Mindray n\u00eb Shqip\u00ebri","description":"Innolabix ofron zgjidhje t\u00eb avancuara diagnostikuese Mindray n\u00eb Shqip\u00ebri, duke mb\u00ebshtetur mjek\u00ebt n\u00eb p\u00ebrmir\u00ebsimin e kujdesit ndaj pacient\u00ebve.","robots":{"index":"index","follow":"follow","max-snippet":"max-snippet:-1","max-image-preview":"max-image-preview:large","max-video-preview":"max-video-preview:-1"},"canonical":"https:\/\/innolabix.com\/sq\/rreth-nesh\/","og_locale":"sq_AL","og_type":"article","og_title":"Innolabix | Distributor Zyrtar i Mindray n\u00eb Shqip\u00ebri","og_description":"Innolabix ofron zgjidhje t\u00eb avancuara diagnostikuese Mindray n\u00eb Shqip\u00ebri, duke mb\u00ebshtetur mjek\u00ebt n\u00eb p\u00ebrmir\u00ebsimin e kujdesit ndaj pacient\u00ebve.","og_url":"https:\/\/innolabix.com\/sq\/rreth-nesh\/","og_site_name":"Innolabix","article_modified_time":"2025-09-29T12:23:17+00:00","og_image":[{"width":1239,"height":796,"url":"https:\/\/innolabix.com\/wp-content\/uploads\/2025\/04\/s8.png","type":"image\/png"}],"twitter_card":"summary_large_image","twitter_misc":{"Est. reading time":"3 minutes"},"schema":{"@context":"https:\/\/schema.org","@graph":[{"@type":"WebPage","@id":"https:\/\/innolabix.com\/sq\/rreth-nesh\/","url":"https:\/\/innolabix.com\/sq\/rreth-nesh\/","name":"Innolabix | Distributor Zyrtar i Mindray n\u00eb Shqip\u00ebri","isPartOf":{"@id":"https:\/\/innolabix.com\/sq\/#website"},"primaryImageOfPage":{"@id":"https:\/\/innolabix.com\/sq\/rreth-nesh\/#primaryimage"},"image":{"@id":"https:\/\/innolabix.com\/sq\/rreth-nesh\/#primaryimage"},"thumbnailUrl":"https:\/\/innolabix.com\/wp-content\/uploads\/2025\/04\/s8.png","datePublished":"2025-04-11T10:33:55+00:00","dateModified":"2025-09-29T12:23:17+00:00","description":"Innolabix ofron zgjidhje t\u00eb avancuara diagnostikuese Mindray n\u00eb Shqip\u00ebri, duke mb\u00ebshtetur mjek\u00ebt n\u00eb p\u00ebrmir\u00ebsimin e kujdesit ndaj pacient\u00ebve.","breadcrumb":{"@id":"https:\/\/innolabix.com\/sq\/rreth-nesh\/#breadcrumb"},"inLanguage":"sq-AL","potentialAction":[{"@type":"ReadAction","target":["https:\/\/innolabix.com\/sq\/rreth-nesh\/"]}]},{"@type":"ImageObject","inLanguage":"sq-AL","@id":"https:\/\/innolabix.com\/sq\/rreth-nesh\/#primaryimage","url":"https:\/\/innolabix.com\/wp-content\/uploads\/2025\/04\/s8.png","contentUrl":"https:\/\/innolabix.com\/wp-content\/uploads\/2025\/04\/s8.png"},{"@type":"BreadcrumbList","@id":"https:\/\/innolabix.com\/sq\/rreth-nesh\/#breadcrumb","itemListElement":[{"@type":"ListItem","position":1,"name":"Home","item":"https:\/\/innolabix.com\/sq\/"},{"@type":"ListItem","position":2,"name":"Rreth Nesh"}]},{"@type":"WebSite","@id":"https:\/\/innolabix.com\/sq\/#website","url":"https:\/\/innolabix.com\/sq\/","name":"Innolabix","description":"","potentialAction":[{"@type":"SearchAction","target":{"@type":"EntryPoint","urlTemplate":"https:\/\/innolabix.com\/sq\/?s={search_term_string}"},"query-input":{"@type":"PropertyValueSpecification","valueRequired":true,"valueName":"search_term_string"}}],"inLanguage":"sq-AL"}]}},"_links":{"self":[{"href":"https:\/\/innolabix.com\/sq\/wp-json\/wp\/v2\/pages\/1884","targetHints":{"allow":["GET"]}}],"collection":[{"href":"https:\/\/innolabix.com\/sq\/wp-json\/wp\/v2\/pages"}],"about":[{"href":"https:\/\/innolabix.com\/sq\/wp-json\/wp\/v2\/types\/page"}],"author":[{"embeddable":true,"href":"https:\/\/innolabix.com\/sq\/wp-json\/wp\/v2\/users\/1"}],"replies":[{"embeddable":true,"href":"https:\/\/innolabix.com\/sq\/wp-json\/wp\/v2\/comments?post=1884"}],"version-history":[{"count":20,"href":"https:\/\/innolabix.com\/sq\/wp-json\/wp\/v2\/pages\/1884\/revisions"}],"predecessor-version":[{"id":2281,"href":"https:\/\/innolabix.com\/sq\/wp-json\/wp\/v2\/pages\/1884\/revisions\/2281"}],"wp:attachment":[{"href":"https:\/\/innolabix.com\/sq\/wp-json\/wp\/v2\/media?parent=1884"}],"curies":[{"name":"wp","href":"https:\/\/api.w.org\/{rel}","templated":true}]}}